{"id":5462,"date":"2021-09-29T09:53:00","date_gmt":"2021-09-29T09:53:00","guid":{"rendered":"https:\/\/kamenovo.cz\/?post_type=product&#038;p=5462"},"modified":"2021-09-29T10:27:18","modified_gmt":"2021-09-29T10:27:18","slug":"kvalita-top-aaa111","status":"publish","type":"product","link":"https:\/\/kamenovo.cz\/index.php\/produkt\/kvalita-top-aaa111\/","title":{"rendered":"KVALITA TOP AAA111"},"content":{"rendered":"<p>Pokud budete sn\u00edmat rentgenov\u00e9 paprsky pod\u00e9l osy&nbsp; atomov\u00e9 matice krystalu nebo kovu, z\u00edsk\u00e1te obraz t\u011bchto mal\u00fdch te\u010dek, kter\u00e9 p\u0159esn\u011b ukazuj\u00ed, kde se atomy nach\u00e1zej\u00ed. V tomto p\u0159\u00edpad\u011b je to&nbsp;<strong>berylov\u00fd krystal(akvamar\u00edn)<\/strong>, kter\u00fd skute\u010dn\u011b vykazuje obraz&nbsp;<strong>Kv\u011btu \u017eivota<\/strong>.<\/p>\n<p><img loading=\"lazy\" decoding=\"async\" data-attachment-id=\"5260\" data-permalink=\"https:\/\/kamenovo.cz\/index.php\/2020\/09\/05\/rentgenova-krystalografie\/fig_6-28\/\" data-orig-file=\"https:\/\/kamenovo.cz\/wp-content\/uploads\/2020\/09\/fig_6-28.jpg\" data-orig-size=\"313,372\" data-comments-opened=\"1\" data-image-meta=\"{&quot;aperture&quot;:&quot;0&quot;,&quot;credit&quot;:&quot;&quot;,&quot;camera&quot;:&quot;&quot;,&quot;caption&quot;:&quot;&quot;,&quot;created_timestamp&quot;:&quot;0&quot;,&quot;copyright&quot;:&quot;&quot;,&quot;focal_length&quot;:&quot;0&quot;,&quot;iso&quot;:&quot;0&quot;,&quot;shutter_speed&quot;:&quot;0&quot;,&quot;title&quot;:&quot;&quot;,&quot;orientation&quot;:&quot;0&quot;}\" data-image-title=\"fig_6-28\" data-image-description=\"\" data-image-caption=\"\" data-medium-file=\"https:\/\/kamenovo.cz\/wp-content\/uploads\/2020\/09\/fig_6-28-252x300.jpg\" data-large-file=\"https:\/\/kamenovo.cz\/wp-content\/uploads\/2020\/09\/fig_6-28.jpg\" class=\"size-medium wp-image-5260 alignleft\" src=\"https:\/\/kamenovo.cz\/wp-content\/uploads\/2020\/09\/fig_6-28-252x300.jpg\" sizes=\"auto, (max-width: 252px) 100vw, 252px\" srcset=\"https:\/\/kamenovo.cz\/wp-content\/uploads\/2020\/09\/fig_6-28-252x300.jpg 252w, https:\/\/kamenovo.cz\/wp-content\/uploads\/2020\/09\/fig_6-28.jpg 313w\" alt=\"\" width=\"252\" height=\"300\" data-attachment-id=\"5260\" data-permalink=\"https:\/\/kamenovo.cz\/index.php\/2020\/09\/05\/rentgenova-krystalografie\/fig_6-28\/\" data-orig-file=\"https:\/\/kamenovo.cz\/wp-content\/uploads\/2020\/09\/fig_6-28.jpg\" data-orig-size=\"313,372\" data-comments-opened=\"1\" data-image-meta=\"{&quot;aperture&quot;:&quot;0&quot;,&quot;credit&quot;:&quot;&quot;,&quot;camera&quot;:&quot;&quot;,&quot;caption&quot;:&quot;&quot;,&quot;created_timestamp&quot;:&quot;0&quot;,&quot;copyright&quot;:&quot;&quot;,&quot;focal_length&quot;:&quot;0&quot;,&quot;iso&quot;:&quot;0&quot;,&quot;shutter_speed&quot;:&quot;0&quot;,&quot;title&quot;:&quot;&quot;,&quot;orientation&quot;:&quot;0&quot;}\" data-image-title=\"fig_6-28\" data-image-description=\"\" data-medium-file=\"https:\/\/kamenovo.cz\/wp-content\/uploads\/2020\/09\/fig_6-28-252x300.jpg\" data-large-file=\"https:\/\/kamenovo.cz\/wp-content\/uploads\/2020\/09\/fig_6-28.jpg\"><strong>Berylov\u00fd krystal<\/strong>&nbsp;uspo\u0159\u00e1d\u00e1 sv\u00e9 atomy podle tohoto vzoru.<b>&nbsp;<\/b>a takto vznik\u00e1 tento krystal. Ve skute\u010dnosti je p\u0159ekvapiv\u00e9, \u017ee se tyto mal\u00e9 atomy jednodu\u0161e se\u0159azuj\u00ed ve vesm\u00edru, \u010dasto ve velk\u00fdch vzd\u00e1lenostech od sebe. Tyto mikroskopick\u00e9 prostory jsou pom\u011brn\u011b velk\u00e9, podobn\u011b jako mezi hv\u011bzdami na no\u010dn\u00ed obloze. Atomy jsou pozoruhodn\u011b uspo\u0159\u00e1d\u00e1ny do kostek a \u010dty\u0159st\u011bn\u016f a jak\u00fdchkoli geometrick\u00fdch tvar\u016f.&nbsp;<\/p>\n","protected":false},"excerpt":{"rendered":"<h3><span style=\"color: #00ccff;\"><strong>TOP KVALITA AAA\u2728\u2728\u2728<\/strong><\/span><\/h3>\n<h4><span style=\"color: #ff0000;\"><strong>VYJ\u00cdME\u010cN\u00dd KUS, \u010cISTOTA, VELIKOST\ud83d\udc8e\ud83d\udc8e\ud83d\udc8e<\/strong><\/span><\/h4>\n<ul>\n<li><strong>BERYL p\u0159\u00edrodn\u011b ukon\u010den\u00fd\ud83c\udf0a\ud83c\udf0a\ud83c\udf0a<\/strong><\/li>\n<li><strong>Spojen\u00ed s lidskou \u017eivotn\u00ed formou a Vesmirem \ud83d\udc2c\ud83d\udc2c\ud83d\udc2c<\/strong><\/li>\n<li><strong>KV\u011aT \u017dIVOTA \ud83d\ude4f\ud83d\ude4f\ud83d\ude4f<\/strong><\/li>\n<li><strong>Pakist\u00e1n<\/strong><\/li>\n<\/ul>\n","protected":false},"featured_media":5463,"comment_status":"open","ping_status":"closed","template":"","meta":{"ngg_post_thumbnail":0,"jetpack_post_was_ever_published":false,"_joinchat":[],"jetpack_publicize_message":"","jetpack_publicize_feature_enabled":true,"jetpack_social_post_already_shared":true,"jetpack_social_options":{"image_generator_settings":{"template":"highway","enabled":false},"version":2}},"product_cat":[279],"product_tag":[],"class_list":{"0":"post-5462","1":"product","2":"type-product","3":"status-publish","4":"has-post-thumbnail","6":"product_cat-akvamarin-surove-kameny","8":"first","9":"instock","10":"shipping-taxable","11":"purchasable","12":"product-type-simple"},"jetpack_publicize_connections":[],"jetpack_likes_enabled":true,"jetpack-related-posts":[],"jetpack_sharing_enabled":true,"_links":{"self":[{"href":"https:\/\/kamenovo.cz\/index.php\/wp-json\/wp\/v2\/product\/5462","targetHints":{"allow":["GET"]}}],"collection":[{"href":"https:\/\/kamenovo.cz\/index.php\/wp-json\/wp\/v2\/product"}],"about":[{"href":"https:\/\/kamenovo.cz\/index.php\/wp-json\/wp\/v2\/types\/product"}],"replies":[{"embeddable":true,"href":"https:\/\/kamenovo.cz\/index.php\/wp-json\/wp\/v2\/comments?post=5462"}],"wp:featuredmedia":[{"embeddable":true,"href":"https:\/\/kamenovo.cz\/index.php\/wp-json\/wp\/v2\/media\/5463"}],"wp:attachment":[{"href":"https:\/\/kamenovo.cz\/index.php\/wp-json\/wp\/v2\/media?parent=5462"}],"wp:term":[{"taxonomy":"product_cat","embeddable":true,"href":"https:\/\/kamenovo.cz\/index.php\/wp-json\/wp\/v2\/product_cat?post=5462"},{"taxonomy":"product_tag","embeddable":true,"href":"https:\/\/kamenovo.cz\/index.php\/wp-json\/wp\/v2\/product_tag?post=5462"}],"curies":[{"name":"wp","href":"https:\/\/api.w.org\/{rel}","templated":true}]}}