{"id":5450,"date":"2021-09-17T17:24:09","date_gmt":"2021-09-17T17:24:09","guid":{"rendered":"https:\/\/kamenovo.cz\/?post_type=product&#038;p=5450"},"modified":"2021-09-17T17:24:09","modified_gmt":"2021-09-17T17:24:09","slug":"meteorit-sikhote-alin-2","status":"publish","type":"product","link":"https:\/\/kamenovo.cz\/index.php\/produkt\/meteorit-sikhote-alin-2\/","title":{"rendered":"Meteorit Sikhote-Alin"},"content":{"rendered":"<p>Kolem 10:30 12. \u00fanora 1947 pozorovali o\u010dit\u00ed sv\u011bdkov\u00e9 v poho\u0159\u00ed&nbsp;Sichote-Ali\u0148&nbsp;v&nbsp;Rusk\u00e9&nbsp;\u010d\u00e1sti Sov\u011btsk\u00e9ho svazu velk\u00fd&nbsp;bolid&nbsp;jasn\u011bj\u0161\u00ed ne\u017e&nbsp;Slunce, kter\u00fd p\u0159il\u00e9tl ze severu a sestupoval pod \u00fahlem asi 41 stup\u0148\u016f. Jasn\u00fd z\u00e1blesk a ohlu\u0161uj\u00edc\u00ed zvuk p\u00e1du byly pozorov\u00e1ny 300 km daleko od bodu n\u00e1razu nedaleko&nbsp;Lu\u010degorsku&nbsp;a p\u0159ibli\u017en\u011b 440 km severov\u00fdchodn\u011b u&nbsp;Vladivostoku. Kou\u0159ov\u00e1 stopa dlouh\u00e1 asi 32 km z\u016fstala na obloze po dobu n\u011bkolika hodin.<\/p>\n<p>Objekt vstoupil do atmosf\u00e9ry jako meteor rychlost\u00ed asi 14 km za sekundu, za\u010dal se rozpadat a fragmenty spole\u010dn\u011b klesaly. V nadmo\u0159sk\u00e9 v\u00fd\u0161ce asi 5 a p\u016fl kilometru do\u0161lo podle v\u0161eho k v\u00fdbuchu nejv\u011bt\u0161\u00edch fragment\u016f.<\/p>\n","protected":false},"excerpt":{"rendered":"<p>\u017delezn\u00fd meteorit&nbsp;<b>Sichote-Ali\u0148<\/b>&nbsp;spadl v roce&nbsp;1947&nbsp;do&nbsp;stejnojmenn\u00e9ho poho\u0159\u00ed&nbsp;v jihov\u00fdchodn\u00ed \u010d\u00e1sti Ruska.<\/p>\n<p>P\u0159esto\u017ee byli lid\u00e9 sv\u011bdky p\u00e1du velk\u00e9ho \u017eelezn\u00e9ho meteoritu ji\u017e d\u0159\u00edve, nikdy v zaznamenan\u00e9 historii nebyl pozorov\u00e1n dopad tohoto rozsahu.&nbsp;\u0160lo o odhadem asi 70 tun v\u00e1\u017e\u00edc\u00ed meteorit, kter\u00fd p\u0159e\u017eil ohniv\u00fd pr\u016flet atmosf\u00e9rou a dopadl na Zemi.<\/p>\n","protected":false},"featured_media":5447,"comment_status":"open","ping_status":"closed","template":"","meta":{"ngg_post_thumbnail":0,"jetpack_post_was_ever_published":false,"_joinchat":[],"jetpack_publicize_message":"","jetpack_publicize_feature_enabled":true,"jetpack_social_post_already_shared":true,"jetpack_social_options":{"image_generator_settings":{"template":"highway","enabled":false},"version":2}},"product_cat":[280],"product_tag":[],"class_list":{"0":"post-5450","1":"product","2":"type-product","3":"status-publish","4":"has-post-thumbnail","6":"product_cat-meteority","8":"first","9":"instock","10":"shipping-taxable","11":"purchasable","12":"product-type-simple"},"jetpack_publicize_connections":[],"jetpack_likes_enabled":true,"jetpack-related-posts":[],"jetpack_sharing_enabled":true,"_links":{"self":[{"href":"https:\/\/kamenovo.cz\/index.php\/wp-json\/wp\/v2\/product\/5450","targetHints":{"allow":["GET"]}}],"collection":[{"href":"https:\/\/kamenovo.cz\/index.php\/wp-json\/wp\/v2\/product"}],"about":[{"href":"https:\/\/kamenovo.cz\/index.php\/wp-json\/wp\/v2\/types\/product"}],"replies":[{"embeddable":true,"href":"https:\/\/kamenovo.cz\/index.php\/wp-json\/wp\/v2\/comments?post=5450"}],"wp:featuredmedia":[{"embeddable":true,"href":"https:\/\/kamenovo.cz\/index.php\/wp-json\/wp\/v2\/media\/5447"}],"wp:attachment":[{"href":"https:\/\/kamenovo.cz\/index.php\/wp-json\/wp\/v2\/media?parent=5450"}],"wp:term":[{"taxonomy":"product_cat","embeddable":true,"href":"https:\/\/kamenovo.cz\/index.php\/wp-json\/wp\/v2\/product_cat?post=5450"},{"taxonomy":"product_tag","embeddable":true,"href":"https:\/\/kamenovo.cz\/index.php\/wp-json\/wp\/v2\/product_tag?post=5450"}],"curies":[{"name":"wp","href":"https:\/\/api.w.org\/{rel}","templated":true}]}}