{"id":5396,"date":"2021-03-24T14:24:36","date_gmt":"2021-03-24T14:24:36","guid":{"rendered":"https:\/\/kamenovo.cz\/?post_type=product&#038;p=5396"},"modified":"2021-07-13T13:17:48","modified_gmt":"2021-07-13T13:17:48","slug":"auralit-23","status":"publish","type":"product","link":"https:\/\/kamenovo.cz\/index.php\/produkt\/auralit-23\/","title":{"rendered":"Auralit 23"},"content":{"rendered":"<h4><strong>Auralit 23: kouzeln\u00e1 h\u016flka pro reiki, meditaci, pracovn\u00edky sv\u011btla, vzestup a uzdraven\u00ed krystalov\u00e9 energie!\ud83c\udf0c\ud83c\udf0c\ud83c\udf0c<\/strong><\/h4>\n<h4><strong>Je to K\u00e1men probuzen\u00ed na ka\u017ed\u00e9 \u00farovni \ud83d\ude4f\ud83d\ude4f\ud83d\ude4f<\/strong><\/h4>\n<p><strong>Metafyzick\u00e9 vlastnosti kombinac\u00ed p\u0159\u00edrodn\u00edch krystal\u016f, jako je Super 7, jsou posunuty na jinou \u00farove\u0148 s t\u00edmto nov\u00fdm n\u00e1lezem ze severn\u00ed Kanady.&nbsp;Tento k\u00e1men m\u00e1 silnou synergii energi\u00ed, je to siln\u00fd emocion\u00e1ln\u00ed l\u00e9\u010ditel, \u201el\u00e9\u010ditel du\u0161e\u201c.<\/strong><\/p>\n<h4><strong>Auralite-23 \u2013 Duchovn\u00ed vlastnosti<\/strong><\/h4>\n<p><strong>Vzhledem k naprost\u00e9mu mno\u017estv\u00ed prvk\u016f a miner\u00e1l\u016f nalezen\u00fdch v krystalu je to jako most k bo\u017esk\u00e9mu, je to k\u00e1men, kter\u00fd m\u00e1 otev\u0159en\u00fd kan\u00e1l do And\u011blsk\u00fdch \u0159\u00ed\u0161\u00ed.&nbsp;Tento krystal v\u00e1m m\u016f\u017ee pomoci snadn\u011bji se spojit s va\u0161imi pr\u016fvodci a and\u011bly a tak\u00e9 v\u00e1m p\u0159inese klid do \u017eivota, kter\u00fd jste nikdy p\u0159edt\u00edm nec\u00edtili.&nbsp;K\u0159i\u0161\u0165\u00e1l Auralite-23 zm\u00edr\u0148uje hn\u011bv a ochlazuje hork\u00e9 n\u00e1lady, u\u010d\u00ed bytost myslet p\u0159ed t\u00edm, ne\u017e za\u010dne mluvit nebo jednat pro sebe a v\u016f\u010di ostatn\u00edm.<\/strong><\/p>\n<p><strong>Samotn\u00fd k\u00e1men pracuje s horn\u00edmi \u010dakrami, ale konkr\u00e9tn\u011bji m\u00e1 l\u00e9\u010divou roli po cel\u00e9m t\u011ble.&nbsp;Krystal Auralite-23 zna\u010dn\u011b a na mnoha \u00farovn\u00edch podporuje hojen\u00ed, osobn\u00ed rozvoj a intuici a lze jej opravdu ocenit, a\u017e kdy\u017e bude dr\u017een.&nbsp;Je to k\u00e1men ve\u0161ker\u00e9ho zmoc\u0148uj\u00edc\u00edho pozn\u00e1n\u00ed a inspirace.&nbsp;Velmi v\u00e1m pom\u016f\u017ee pochopit va\u0161e nedostatky a va\u0161e schopnosti, jako nikdy p\u0159edt\u00edm.&nbsp;Tak\u00e9 toto je k\u00e1men, kter\u00fd m\u016f\u017ee pomoci odstranit p\u0159edsudky a zbyte\u010dn\u00fd \u00fasudek.<\/strong><\/p>\n<p><strong>Auralite-23 je vynikaj\u00edc\u00ed n\u00e1stroj pro duchovn\u00ed uzdraven\u00ed, p\u0159in\u00e1\u0161\u00ed vnit\u0159n\u00ed o\u010distu, zvy\u0161uje na\u0161i psychickou citlivost, vhled do pravdy, jasn\u00e1 sn\u011bn\u00ed, vyv\u00e1\u017een\u00e1 probuzen\u00ed, zku\u0161enosti s na\u0161imi and\u011bly a vize budouc\u00edch ud\u00e1lost\u00ed.&nbsp;Umo\u017e\u0148uje n\u00e1m pamatovat si na\u0161i minulost na\u017eivo, p\u0159idru\u017eenou karmu a pot\u00e9 n\u00e1m pom\u00e1h\u00e1 uvolnit ty star\u00e9 karmick\u00e9 vzorce.&nbsp;Krom\u011b l\u00e9\u010div\u00fdch vlastnost\u00ed krystalu Auralite-23 pom\u00e1h\u00e1 nov\u011b objeven\u00fd \u201eEmerald Auralite\u201c objevit s\u00e1m sebe.<\/strong><\/p>\n<p><strong>Auralite-23 je skv\u011bl\u00fd pomocn\u00edk pro hlubokou meditaci, p\u0159in\u00e1\u0161\u00ed vnit\u0159n\u00ed zam\u011b\u0159en\u00ed, kter\u00e9 n\u00e1m pom\u00e1h\u00e1 proniknout daleko do nejvy\u0161\u0161\u00edch sf\u00e9r, zam\u011b\u0159uje se na na\u0161eho vnit\u0159n\u00edho ducha a hojnost, kter\u00e9 jsou p\u0159\u00edtomny kolem n\u00e1s.&nbsp;Pracujte s t\u00edmto kamenem pomalu a zvykn\u011bte si na n\u011bjak\u00fd \u010das, proto\u017ee smet\u00e1 trosky z va\u0161eho v\u011bdom\u00ed.&nbsp;Jen b\u00fdt s\u00e1m s kamenem je vlastn\u011b dost, aby mohlo za\u010d\u00edt l\u00e9\u010den\u00ed.&nbsp;Dr\u017ete Auralite-23 v korunn\u00ed i srde\u010dn\u00ed \u010dak\u0159e, abyste vytvo\u0159ili siln\u00fd tok energie.<\/strong><\/p>\n<h4><strong>Auralite-23 \u2013 fyzik\u00e1ln\u00ed vlastnosti:<\/strong><\/h4>\n<p><strong>Tento k\u00e1men pom\u00e1h\u00e1 uvolnit t\u011blo a m\u016f\u017ee b\u00fdt prosp\u011b\u0161n\u00fd p\u0159i odstra\u0148ov\u00e1n\u00ed nap\u011bt\u00ed, bolest\u00ed hlavy, nam\u00e1h\u00e1n\u00ed o\u010d\u00ed, svalov\u00e9ho nepohodl\u00ed a svalov\u00fdch k\u0159e\u010d\u00ed.&nbsp;M\u016f\u017ee tak\u00e9 pomoci c\u00e9vn\u00edmu zdrav\u00ed, p\u0159in\u00e9st vylep\u0161enou funkci a uzdraven\u00ed.&nbsp;Auralite-23 vyva\u017euje na\u0161e fyzick\u00e9 t\u011blo a odstra\u0148uje chronick\u00e9 probl\u00e9my v na\u0161em t\u011ble, p\u0159ipom\u00edn\u00e1 na\u0161emu t\u011blu jeho spr\u00e1vn\u00e9 \u017eivotn\u00ed funkce a p\u0159in\u00e1\u0161\u00ed regeneraci a omlazen\u00ed, aktivuje v\u0161ech 7 na\u0161ich hlavn\u00edch \u010daker a tak\u00e9 ty nad na\u0161\u00ed hlavou a pod nohama, vyva\u017euje probouz\u00ed a otev\u00edr\u00e1 na\u0161e energie kundalin\u00ed.<\/strong><\/p>\n","protected":false},"excerpt":{"rendered":"<h3><strong>Klenot mezi kameny \u2728\u2728<\/strong><\/h3>\n<ul>\n<li>k\u00e1men obsahuj\u00edc\u00ed 23 miner\u00e1l\u016f, proto vlastnosti v\u0161ech kamen\u016f ur\u010duj\u00ed jedine\u010dnost tohoto skvostu, je pova\u017eov\u00e1n za nejstar\u0161\u00ed k\u00e1men.<\/li>\n<li>\u0161irok\u00e9 spektrum pou\u017eit\u00ed a neobvykl\u00e1 s\u00edla<\/li>\n<li>slo\u017een\u00ed :&nbsp;<strong>titan, kakoxenit, lepidokrocit, ajoit, hematit, magnetit, pyrit, pyrolusit, zlato, st\u0159\u00edbro, platina, nikl, m\u011b\u010f, \u017eelezo, limonit, sfalerit, covelit, chalkopyrit, gialit, epidot, bornit, rutil a z\u00e1hn\u011bda v ametystu<\/strong><\/li>\n<li>nalezi\u0161t\u011b: Kanada<\/li>\n<li>Obsahuje str\u00e1\u017ece z\u00e1znam\u016f\u270d\u270d<\/li>\n<\/ul>\n","protected":false},"featured_media":5398,"comment_status":"open","ping_status":"closed","template":"","meta":{"ngg_post_thumbnail":0,"jetpack_post_was_ever_published":false,"_joinchat":[],"jetpack_publicize_message":"","jetpack_publicize_feature_enabled":true,"jetpack_social_post_already_shared":true,"jetpack_social_options":{"image_generator_settings":{"template":"highway","enabled":false},"version":2}},"product_cat":[277],"product_tag":[],"class_list":{"0":"post-5396","1":"product","2":"type-product","3":"status-publish","4":"has-post-thumbnail","6":"product_cat-auralit-23","8":"first","9":"outofstock","10":"shipping-taxable","11":"purchasable","12":"product-type-simple"},"jetpack_publicize_connections":[],"jetpack_likes_enabled":true,"jetpack-related-posts":[],"jetpack_sharing_enabled":true,"_links":{"self":[{"href":"https:\/\/kamenovo.cz\/index.php\/wp-json\/wp\/v2\/product\/5396","targetHints":{"allow":["GET"]}}],"collection":[{"href":"https:\/\/kamenovo.cz\/index.php\/wp-json\/wp\/v2\/product"}],"about":[{"href":"https:\/\/kamenovo.cz\/index.php\/wp-json\/wp\/v2\/types\/product"}],"replies":[{"embeddable":true,"href":"https:\/\/kamenovo.cz\/index.php\/wp-json\/wp\/v2\/comments?post=5396"}],"wp:featuredmedia":[{"embeddable":true,"href":"https:\/\/kamenovo.cz\/index.php\/wp-json\/wp\/v2\/media\/5398"}],"wp:attachment":[{"href":"https:\/\/kamenovo.cz\/index.php\/wp-json\/wp\/v2\/media?parent=5396"}],"wp:term":[{"taxonomy":"product_cat","embeddable":true,"href":"https:\/\/kamenovo.cz\/index.php\/wp-json\/wp\/v2\/product_cat?post=5396"},{"taxonomy":"product_tag","embeddable":true,"href":"https:\/\/kamenovo.cz\/index.php\/wp-json\/wp\/v2\/product_tag?post=5396"}],"curies":[{"name":"wp","href":"https:\/\/api.w.org\/{rel}","templated":true}]}}