{"id":5105,"date":"2020-07-02T09:59:57","date_gmt":"2020-07-02T09:59:57","guid":{"rendered":"https:\/\/kamenovo.cz\/?post_type=product&#038;p=5105"},"modified":"2020-07-02T10:00:11","modified_gmt":"2020-07-02T10:00:11","slug":"caroit-extra-aaa-kvalita-3","status":"publish","type":"product","link":"https:\/\/kamenovo.cz\/index.php\/produkt\/caroit-extra-aaa-kvalita-3\/","title":{"rendered":"\u010caroit EXTRA AAA kvalita"},"content":{"rendered":"<p><strong>Vlastnosti:<\/strong>&nbsp;Charoit je k\u00e1men prom\u011bny. Jedn\u00e1 se o krystal ovl\u00e1daj\u00edc\u00ed du\u0161i, kter\u00fd napom\u00e1h\u00e1 p\u0159ekon\u00e1vat strach. Podn\u011bcuje vnit\u0159n\u00ed vid\u011bn\u00ed a duchovn\u00ed vhled a napom\u00e1h\u00e1 vyrovnat se s mimo\u0159\u00e1dn\u00fdmi zm\u011bnami na duchovn\u00ed \u00farovni. Aby to dok\u00e1zal, probouz\u00ed k \u017eivotu&nbsp;<strong>srde\u010dn\u00ed<\/strong>&nbsp;a&nbsp;<strong>korunn\u00ed \u010dakru, pro\u010di\u0161\u0165uje auru&nbsp;<\/strong>a probouz\u00ed v lidech bezv\u00fdhradnou l\u00e1sku. Charoit napom\u00e1h\u00e1 zm\u011bn\u00e1m vibrac\u00ed a spojuje sv\u00e9ho nositele s vy\u0161\u0161\u00ed realitou. Sou\u010dasn\u011b m\u00e1 obrovskou hojivou moc na t\u011blesnou i citovou rovinu osobnosti. Pom\u016f\u017ee sv\u00e9mu majiteli, aby pr\u00e1v\u011b p\u0159\u00edtomnou chv\u00edli p\u0159ijal jako tu nejlep\u0161\u00ed mo\u017enou.<\/p>\n","protected":false},"excerpt":{"rendered":"<p>Vlastnosti kamene&nbsp;<a href=\"https:\/\/kamenovo.cz\/index.php\/2018\/01\/29\/charoit\/\"><strong>ZDE<\/strong><\/a><\/p>\n<ul>\n<li>EXTRA kvalita, exkluzivn\u00ed kus<\/li>\n<li>proti onkologick\u00fdm onemocn\u011bn\u00edm<\/li>\n<li>proti sp\u00e1nkov\u00e9 paral\u00fdze<\/li>\n<li>super kvalita<\/li>\n<li>n\u00e1dhern\u00e1 kresba<\/li>\n<li>\u010d\u00e1ste\u010dn\u011b surov\u00fd a le\u0161t\u011bn\u00e9 plochy<\/li>\n<li>Sibi\u0159<\/li>\n<\/ul>\n","protected":false},"featured_media":5103,"comment_status":"open","ping_status":"closed","template":"","meta":{"ngg_post_thumbnail":0,"jetpack_post_was_ever_published":false,"_joinchat":[],"jetpack_publicize_message":"","jetpack_publicize_feature_enabled":true,"jetpack_social_post_already_shared":true,"jetpack_social_options":{"image_generator_settings":{"template":"highway","enabled":false},"version":2}},"product_cat":[273],"product_tag":[],"class_list":{"0":"post-5105","1":"product","2":"type-product","3":"status-publish","4":"has-post-thumbnail","6":"product_cat-caroit-tromlovane","8":"first","9":"instock","10":"shipping-taxable","11":"purchasable","12":"product-type-simple"},"jetpack_publicize_connections":[],"jetpack_likes_enabled":true,"jetpack-related-posts":[],"jetpack_sharing_enabled":true,"_links":{"self":[{"href":"https:\/\/kamenovo.cz\/index.php\/wp-json\/wp\/v2\/product\/5105","targetHints":{"allow":["GET"]}}],"collection":[{"href":"https:\/\/kamenovo.cz\/index.php\/wp-json\/wp\/v2\/product"}],"about":[{"href":"https:\/\/kamenovo.cz\/index.php\/wp-json\/wp\/v2\/types\/product"}],"replies":[{"embeddable":true,"href":"https:\/\/kamenovo.cz\/index.php\/wp-json\/wp\/v2\/comments?post=5105"}],"wp:featuredmedia":[{"embeddable":true,"href":"https:\/\/kamenovo.cz\/index.php\/wp-json\/wp\/v2\/media\/5103"}],"wp:attachment":[{"href":"https:\/\/kamenovo.cz\/index.php\/wp-json\/wp\/v2\/media?parent=5105"}],"wp:term":[{"taxonomy":"product_cat","embeddable":true,"href":"https:\/\/kamenovo.cz\/index.php\/wp-json\/wp\/v2\/product_cat?post=5105"},{"taxonomy":"product_tag","embeddable":true,"href":"https:\/\/kamenovo.cz\/index.php\/wp-json\/wp\/v2\/product_tag?post=5105"}],"curies":[{"name":"wp","href":"https:\/\/api.w.org\/{rel}","templated":true}]}}