{"id":5081,"date":"2020-07-01T20:03:25","date_gmt":"2020-07-01T20:03:25","guid":{"rendered":"https:\/\/kamenovo.cz\/?post_type=product&#038;p=5081"},"modified":"2021-02-18T17:26:04","modified_gmt":"2021-02-18T17:26:04","slug":"libyjske-sklo-4","status":"publish","type":"product","link":"https:\/\/kamenovo.cz\/index.php\/produkt\/libyjske-sklo-4\/","title":{"rendered":"Libyjsk\u00e9 sklo"},"content":{"rendered":"<p><strong>Na krku faraona Tutanchamona<\/strong>&nbsp;visel na jednom \u0159et\u00edzku velmi zvl\u00e1\u0161tn\u00ed skarebeus. Byl vyroben z extr\u00e9mn\u011b \u010dist\u00e9ho skla z\u00e1hadn\u00e9ho p\u016fvodu. Jeho osmadevades\u00e1tiprocentn\u00ed \u010distota odpov\u00edd\u00e1 kvalit\u011b t\u011bch nejlep\u0161\u00edch skel, um\u011ble vyroben\u00fdch ve speci\u00e1ln\u00edch laborato\u0159\u00edch. Odkud sklo z Tutanchamonovy hrobky poch\u00e1z\u00ed? Nejsp\u00ed\u0161 z regionu asi 700 kilometr\u016f z\u00e1padn\u011b od \u00dadol\u00ed kr\u00e1l\u016f. Pr\u00e1v\u011b zde, v libyjsk\u00e9 V\u00fdchodn\u00ed Saha\u0159e, se nach\u00e1zej\u00ed v prostoru osmdes\u00e1ti kilometr\u016f dlouh\u00e9m a p\u011btadvacet kilometr\u016f \u0161irok\u00e9m a\u017e n\u011bkolikagramov\u00e9 \u00falomky tohoto \u017elutozelen\u00e9ho pr\u016fzra\u010dn\u00e9ho skla. Libyjsk\u00e9 pou\u0161tn\u00ed sklo obsahuje vysok\u00e9 procento iridia, co\u017e je velmi vz\u00e1cn\u00fd kov vyskytuj\u00edc\u00ed se \u010dast\u011bji ne\u017e na Zemi v komet\u00e1ch a dal\u0161\u00edch vesm\u00edrn\u00fdch t\u011blesech. Poch\u00e1z\u00ed tedy sklo z kosmu? Badatel\u00e9 zji\u0161\u0165ovali, jestli snad nen\u00ed z meteoritu, kter\u00fd se rozt\u0159\u00ed\u0161til o na\u0161i planetu. Na Zemi je p\u0159ece n\u011bkolik lokalit, kde meteority vyprodukovaly p\u0159i n\u00e1razu vysok\u00fd \u017e\u00e1r, kter\u00fd by zp\u016fsobil zesklovan\u011bt\u00ed horniny. Nikde v\u0161ak nen\u00ed sklo tak \u010dist\u00e9, jako v libyjsk\u00e9 pou\u0161ti.<\/p>\n<ul>\n<li>umo\u017e\u0148uje komunikaci s vy\u0161\u0161\u00edm j\u00e1 a s mimozemsk\u00fdmi entitami. Krystal m\u00e1 svou vlastn\u00ed kosmickou vy\u0161\u0161\u00ed du\u0161i, d\u00edky n\u00ed\u017e se m\u016f\u017eete dostat do kontaktu se sam\u00fdmi nejvy\u0161\u0161\u00edmi Mistry a vesm\u00edrn\u00fdmi posly. Pokud budete k\u00e1men dr\u017eet na sv\u011btle a zahled\u00edte se do n\u011bho, dojde k posunu va\u0161eho v\u011bdom\u00ed. Tento krystal v\u00e1s zavede do vy\u0161\u0161\u00edch dimenz\u00ed a umo\u017en\u00ed v\u00e1m proj\u00edt procesem r\u016fstu. Krystal mus\u00ed b\u00fdt uzemn\u011bn\u00fd, nebo\u0165 v opa\u010dn\u00e9m p\u0159\u00edpad\u011b byste se ocitli bez pevn\u00e9 z\u00e1kladny a zbaveni sv\u00fdch vlastn\u00edch ko\u0159en\u016f.<\/li>\n<li>Jedn\u00e1 se o k\u00e1men, kter\u00fd dok\u00e1\u017ee p\u0159esahovat \u010das. Polo\u017een\u00fd na t\u0159et\u00ed oko umo\u017en\u00ed vltav\u00edn pohybovat se kup\u0159edu do budoucnosti nebo nazp\u011bt do minulosti, abyste zm\u00edrnili sou\u010dasn\u00e9 tr\u00e1pen\u00ed nebo pochopili smysl toho, co se odehr\u00e1v\u00e1 mezi jednotliv\u00fdmi inkarnacemi. Pokud je n\u011bco podobn\u00e9ho zapot\u0159eb\u00ed, dovol\u00ed v\u00e1m cestovat do jin\u00fdch \u017eivot\u016f. Sp\u00ed\u0161 ne\u017e byste se s n\u00edm ale vyd\u00e1vali do minulosti \/pokud nen\u00ed c\u00edlem z\u00edsk\u00e1n\u00ed duchovn\u00ed moudrosti\/, v\u00e1m k\u00e1men uk\u00e1\u017ee va\u0161e budouc\u00ed mo\u017enosti. Pod vlivem tohoto krystalu se m\u016f\u017eete vydat do budouc\u00edho \u017eivota, abyste pohl\u00e9dli na d\u016fsledky sv\u00fdch nyn\u011bj\u0161\u00edch \u010din\u016f. Tak m\u016f\u017eete zjistit, co je t\u0159eba ud\u011blat v sou\u010dasn\u00e9m \u017eivot\u011b, abyste p\u0159ede\u0161li nep\u0159\u00edjemn\u00fdm d\u016fsledk\u016fm.<\/li>\n<li>V du\u0161evn\u00edm \u017eivot\u011b pom\u00e1h\u00e1 odtrhnout se od ka\u017edodenn\u00edch pozemsk\u00fdch starost\u00ed, jako jsou obavy o pen\u00edze a strach z budoucnosti. P\u0159in\u00e1\u0161\u00ed odpov\u011bdi na ot\u00e1zky po smyslu sou\u010dasn\u00e9 inkarnace a nab\u00edz\u00ed spojen\u00ed s vy\u0161\u0161\u00edm duchovn\u00edm c\u00edlem, kter\u00fd dok\u00e1\u017ee zapojit do pozemsk\u00e9ho \u017eivota. Podporuje nap\u0159\u00edklad schopnost empatie a soucitu.<\/li>\n<\/ul>\n","protected":false},"excerpt":{"rendered":"<ul>\n<li>puvod:&nbsp; libyjsk\u00e1 V\u00fdchodn\u00ed Sahara<\/li>\n<li>SUPER barva a \u010distota<\/li>\n<li>u\u017eite\u010dn\u00fd k\u00e1men pro citliv\u00e9 lidi<\/li>\n<li>vznik po dopadu meteoritu<\/li>\n<li>obsahuje vysok\u00e9 procento iridia<\/li>\n<\/ul>\n<p>&nbsp; &nbsp; Popis kamene :&nbsp;<a href=\"https:\/\/kamenovo.cz\/index.php\/2019\/05\/11\/libyjske-sklo\/\"><strong>ZDE<\/strong><\/a><\/p>\n","protected":false},"featured_media":5082,"comment_status":"open","ping_status":"closed","template":"","meta":{"ngg_post_thumbnail":0,"jetpack_post_was_ever_published":false,"_joinchat":[],"jetpack_publicize_message":"","jetpack_publicize_feature_enabled":true,"jetpack_social_post_already_shared":true,"jetpack_social_options":{"image_generator_settings":{"template":"highway","enabled":false},"version":2}},"product_cat":[137],"product_tag":[],"class_list":{"0":"post-5081","1":"product","2":"type-product","3":"status-publish","4":"has-post-thumbnail","6":"product_cat-libyjske-sklo","8":"first","9":"outofstock","10":"shipping-taxable","11":"purchasable","12":"product-type-simple"},"jetpack_publicize_connections":[],"jetpack_likes_enabled":true,"jetpack-related-posts":[],"jetpack_sharing_enabled":true,"_links":{"self":[{"href":"https:\/\/kamenovo.cz\/index.php\/wp-json\/wp\/v2\/product\/5081","targetHints":{"allow":["GET"]}}],"collection":[{"href":"https:\/\/kamenovo.cz\/index.php\/wp-json\/wp\/v2\/product"}],"about":[{"href":"https:\/\/kamenovo.cz\/index.php\/wp-json\/wp\/v2\/types\/product"}],"replies":[{"embeddable":true,"href":"https:\/\/kamenovo.cz\/index.php\/wp-json\/wp\/v2\/comments?post=5081"}],"wp:featuredmedia":[{"embeddable":true,"href":"https:\/\/kamenovo.cz\/index.php\/wp-json\/wp\/v2\/media\/5082"}],"wp:attachment":[{"href":"https:\/\/kamenovo.cz\/index.php\/wp-json\/wp\/v2\/media?parent=5081"}],"wp:term":[{"taxonomy":"product_cat","embeddable":true,"href":"https:\/\/kamenovo.cz\/index.php\/wp-json\/wp\/v2\/product_cat?post=5081"},{"taxonomy":"product_tag","embeddable":true,"href":"https:\/\/kamenovo.cz\/index.php\/wp-json\/wp\/v2\/product_tag?post=5081"}],"curies":[{"name":"wp","href":"https:\/\/api.w.org\/{rel}","templated":true}]}}