{"id":5012,"date":"2020-06-24T15:07:50","date_gmt":"2020-06-24T15:07:50","guid":{"rendered":"https:\/\/kamenovo.cz\/?post_type=product&#038;p=5012"},"modified":"2020-06-24T15:07:50","modified_gmt":"2020-06-24T15:07:50","slug":"venusiny-vlasy-2","status":"publish","type":"product","link":"https:\/\/kamenovo.cz\/index.php\/produkt\/venusiny-vlasy-2\/","title":{"rendered":"Venu\u0161iny vlasy"},"content":{"rendered":"<p>Zvl\u00e1\u0161t\u011b u \u017een z\u00edsk\u00e1v\u00e1 v posledn\u00ed dob\u011b na oblib\u011b, jeliko\u017e je to vlastn\u011b \u201ebiorezon\u00e1tor\u201c, kter\u00fd m\u011bn\u00ed jejich vibrace tak, aby byly p\u0159ita\u017eliv\u00e9 pro mu\u017ee. Ne nadarmo je t\u00e9\u017e naz\u00fdv\u00e1n \u201eAmorov\u00fdmi \u0161\u00edpy\u201c \u010di \u201eLapa\u010dem amant\u016f\u201c. P\u016fsoben\u00ed \u201eVenu\u0161in\u00fdch vlas\u016f\u201c se projevuje jako kultivov\u00e1n\u00ed \u017eensk\u00fdch prvk\u016f, kter\u00e9 ji zjem\u0148uj\u00ed, zklid\u0148uj\u00ed a uvol\u0148uj\u00ed a d\u011blaj\u00ed citliv\u011bj\u0161\u00ed a intuitiv\u0148ej\u0161\u00ed. Mu\u017ei reaguj\u00ed na pos\u00edlenou \u017eenskou energii velmi pozitivn\u011b. Jejich podv\u011bdom\u00ed ve skute\u010dnosti tou\u017e\u00ed po skute\u010dn\u00e9 \u017eenskosti a n\u00e1le\u017eit\u011b se j\u00ed i dvo\u0159\u00ed.<\/p>\n<p>Valounek k\u0159i\u0161\u0165\u00e1lu s vrostlicemu rutilu &#8211; jde o jemn\u00e9 &#8220; zlat\u00e9 vl\u00e1sky&#8220; v kameni. Energie kamene ochra\u0148uje, prosv\u011btluje stinn\u00e9 str\u00e1nky a situace. Jde o v\u00fdborn\u00fd osobn\u00ed ochrann\u00fd k\u00e1men &#8211; byl v\u017edy cen\u011bn jako jako talisman chr\u00e1n\u00edc\u00ed p\u0159ed o\u010darov\u00e1n\u00edm.<br \/>\nRutil podporuje zdrav\u00fd r\u016fst bun\u011bk, posiluje svalstvo a kosti. D\u00e1le pom\u00e1h\u00e1 p\u0159i astmatick\u00fdch pot\u00ed\u017e\u00edch, bronchitid\u011b a tuberkol\u00f3ze. Posiluje funkci \u0161t\u00edtn\u00e9 \u017el\u00e1zy. V oslaben\u00ed n\u00e1 dod\u00e1v\u00e1 pot\u0159ebnou d\u00e1vku vit\u00e1ln\u00ed energie. Podporuje pravdomluvnost, p\u0159\u00edmo\u010darost, vytrvalost, nez\u00e1vislost, pom\u00e1h\u00e1 n\u00e1m p\u0159ekonat pocity strachu, spl\u00ednu a beznad\u011bje.<\/p>\n","protected":false},"excerpt":{"rendered":"<ul>\n<li>Ru\u010dn\u011b brou\u0161eno<\/li>\n<li>K\u0159i\u0161t\u00e1l s rutilem<\/li>\n<li>obsahuje titan<\/li>\n<li>\u0161perkov\u00e1 kvalita<\/li>\n<\/ul>\n","protected":false},"featured_media":5015,"comment_status":"open","ping_status":"closed","template":"","meta":{"ngg_post_thumbnail":0,"jetpack_post_was_ever_published":false,"_joinchat":[],"jetpack_publicize_message":"","jetpack_publicize_feature_enabled":true,"jetpack_social_post_already_shared":true,"jetpack_social_options":{"image_generator_settings":{"template":"highway","enabled":false},"version":2}},"product_cat":[265],"product_tag":[],"class_list":{"0":"post-5012","1":"product","2":"type-product","3":"status-publish","4":"has-post-thumbnail","6":"product_cat-venusiny-vlasy","8":"first","9":"instock","10":"shipping-taxable","11":"purchasable","12":"product-type-simple"},"jetpack_publicize_connections":[],"jetpack_likes_enabled":true,"jetpack-related-posts":[],"jetpack_sharing_enabled":true,"_links":{"self":[{"href":"https:\/\/kamenovo.cz\/index.php\/wp-json\/wp\/v2\/product\/5012","targetHints":{"allow":["GET"]}}],"collection":[{"href":"https:\/\/kamenovo.cz\/index.php\/wp-json\/wp\/v2\/product"}],"about":[{"href":"https:\/\/kamenovo.cz\/index.php\/wp-json\/wp\/v2\/types\/product"}],"replies":[{"embeddable":true,"href":"https:\/\/kamenovo.cz\/index.php\/wp-json\/wp\/v2\/comments?post=5012"}],"wp:featuredmedia":[{"embeddable":true,"href":"https:\/\/kamenovo.cz\/index.php\/wp-json\/wp\/v2\/media\/5015"}],"wp:attachment":[{"href":"https:\/\/kamenovo.cz\/index.php\/wp-json\/wp\/v2\/media?parent=5012"}],"wp:term":[{"taxonomy":"product_cat","embeddable":true,"href":"https:\/\/kamenovo.cz\/index.php\/wp-json\/wp\/v2\/product_cat?post=5012"},{"taxonomy":"product_tag","embeddable":true,"href":"https:\/\/kamenovo.cz\/index.php\/wp-json\/wp\/v2\/product_tag?post=5012"}],"curies":[{"name":"wp","href":"https:\/\/api.w.org\/{rel}","templated":true}]}}