{"id":5010,"date":"2020-06-24T14:33:23","date_gmt":"2020-06-24T14:33:23","guid":{"rendered":"https:\/\/kamenovo.cz\/?post_type=product&#038;p=5010"},"modified":"2021-02-22T20:08:24","modified_gmt":"2021-02-22T20:08:24","slug":"rubin-8","status":"publish","type":"product","link":"https:\/\/kamenovo.cz\/index.php\/produkt\/rubin-8\/","title":{"rendered":"Rub\u00edn"},"content":{"rendered":"<p><strong>Vlastnosti:<\/strong>&nbsp;Rub\u00edn je vynikaj\u00edc\u00ed k\u00e1men pro v\u0161e, co souvis\u00ed s energi\u00ed. Vn\u00e1\u0161\u00ed do \u017eivota r\u00e1zn\u00fd p\u0159\u00edstup. Dod\u00e1v\u00e1 energii a rovnov\u00e1hu, jej\u00ed\u017e p\u0159\u00edliv m\u016f\u017ee m\u00edt na citliv\u011bj\u0161\u00ed osoby a\u017e p\u0159\u00edli\u0161 siln\u00fd \u00fa\u010dinek. Rub\u00edn podn\u011bcuje v\u00e1\u0161nivou touhu \u017e\u00edt, kter\u00e1 ale nikdy nenab\u00edr\u00e1 sebezni\u010duj\u00edc\u00ed podobu. Zlep\u0161uje motivaci a dok\u00e1\u017ee nasm\u011brovat k realistick\u00fdm c\u00edl\u016fm.<\/p>\n","protected":false},"excerpt":{"rendered":"<p>Vlastnosti kamene :<a href=\"https:\/\/kamenovo.cz\/index.php\/2020\/01\/16\/rubin\/\"><strong>ZDE<\/strong><\/a><\/p>\n<ul>\n<li><strong>Str\u00e1\u017ece z\u00e1znamu<\/strong><\/li>\n<li>Guinea<\/li>\n<li>Rub\u00edn&nbsp;<strong>podn\u011bcuje \u010dinnost srde\u010dn\u00ed \u010dakry<\/strong><\/li>\n<li>Vyvol\u00e1v\u00e1 pozitivn\u011b lad\u011bn\u00e9 sny<\/li>\n<li>Na du\u0161evn\u00ed \u00farovni rub\u00edn zastavuje zlost<\/li>\n<li>odstra\u0148uje z cesty v\u0161e negativn\u00ed<\/li>\n<li>odv\u00e1d\u00ed z t\u011bla jedovat\u00e9 l\u00e1tky<\/li>\n<li>l\u00e9\u010d\u00ed infek\u010dn\u00ed nemoci<\/li>\n<li>sni\u017euje krevn\u00ed tok<\/li>\n<li>blahod\u00e1rn\u011b p\u016fsob\u00ed na srdce<\/li>\n<\/ul>\n","protected":false},"featured_media":5011,"comment_status":"open","ping_status":"closed","template":"","meta":{"ngg_post_thumbnail":0,"jetpack_post_was_ever_published":false,"_joinchat":[],"jetpack_publicize_message":"","jetpack_publicize_feature_enabled":true,"jetpack_social_post_already_shared":true,"jetpack_social_options":{"image_generator_settings":{"template":"highway","enabled":false},"version":2}},"product_cat":[238],"product_tag":[],"class_list":{"0":"post-5010","1":"product","2":"type-product","3":"status-publish","4":"has-post-thumbnail","6":"product_cat-rubin","8":"first","9":"outofstock","10":"shipping-taxable","11":"purchasable","12":"product-type-simple"},"jetpack_publicize_connections":[],"jetpack_likes_enabled":true,"jetpack-related-posts":[],"jetpack_sharing_enabled":true,"_links":{"self":[{"href":"https:\/\/kamenovo.cz\/index.php\/wp-json\/wp\/v2\/product\/5010","targetHints":{"allow":["GET"]}}],"collection":[{"href":"https:\/\/kamenovo.cz\/index.php\/wp-json\/wp\/v2\/product"}],"about":[{"href":"https:\/\/kamenovo.cz\/index.php\/wp-json\/wp\/v2\/types\/product"}],"replies":[{"embeddable":true,"href":"https:\/\/kamenovo.cz\/index.php\/wp-json\/wp\/v2\/comments?post=5010"}],"wp:featuredmedia":[{"embeddable":true,"href":"https:\/\/kamenovo.cz\/index.php\/wp-json\/wp\/v2\/media\/5011"}],"wp:attachment":[{"href":"https:\/\/kamenovo.cz\/index.php\/wp-json\/wp\/v2\/media?parent=5010"}],"wp:term":[{"taxonomy":"product_cat","embeddable":true,"href":"https:\/\/kamenovo.cz\/index.php\/wp-json\/wp\/v2\/product_cat?post=5010"},{"taxonomy":"product_tag","embeddable":true,"href":"https:\/\/kamenovo.cz\/index.php\/wp-json\/wp\/v2\/product_tag?post=5010"}],"curies":[{"name":"wp","href":"https:\/\/api.w.org\/{rel}","templated":true}]}}