{"id":4973,"date":"2020-06-24T10:04:39","date_gmt":"2020-06-24T10:04:39","guid":{"rendered":"https:\/\/kamenovo.cz\/?post_type=product&#038;p=4973"},"modified":"2023-04-28T16:49:23","modified_gmt":"2023-04-28T16:49:23","slug":"alexandrit-tooop","status":"publish","type":"product","link":"https:\/\/kamenovo.cz\/index.php\/produkt\/alexandrit-tooop\/","title":{"rendered":"Alexandrit TOOOP"},"content":{"rendered":"<p><b>Alexandrit<\/b>&nbsp;pat\u0159\u00ed mezi nejcenn\u011bj\u0161\u00ed&nbsp;drahokamy&nbsp;a&nbsp;je nejvz\u00e1cn\u011bj\u0161\u00ed&nbsp;varietou&nbsp;miner\u00e1lu&nbsp;chryzoberylu, kter\u00fd je&nbsp;rusk\u00fdm&nbsp;n\u00e1rodn\u00edm drahokamem. Objeven byl pom\u011brn\u011b pozd\u011b,&nbsp;17.&nbsp;dubna&nbsp;1834&nbsp;finsk\u00fdm mineralogem&nbsp;N. Nordenskj\u00f6ldem&nbsp;ve \u201eSmaragdov\u00fdch dolech\u201c na&nbsp;Uralu.<\/p>\n<p><strong>Alexandrit<\/strong>&nbsp;je krystalem protiklad\u016f. Otev\u00edr\u00e1 br\u00e1nu intuice a metafyzick\u00fdch schopnost\u00ed. Podporuje rozvoj siln\u00e9 v\u016fle a osobn\u00ed p\u0159ita\u017elivosti. Napom\u00e1h\u00e1 regeneraci, dosa\u017een\u00ed sebe\u00facty a obrod\u011b vnit\u0159n\u00edch i vn\u011bj\u0161\u00edch sil. Alexandrit usm\u011br\u0148uje, posiluje a dost\u00e1v\u00e1 do rovnov\u00e1hy du\u0161evn\u00ed, citovou a duchovn\u00ed slo\u017eku osobnosti. P\u0159in\u00e1\u0161\u00ed radost, roz\u0161i\u0159uje kreativitu, posiluje zm\u011bny a schopnost projevu. Coby citov\u00fd ut\u011b\u0161itel alexandrit u\u010d\u00ed, jak vynakl\u00e1dat m\u00e9n\u011b \u00fasil\u00ed. Podn\u011bcuje p\u0159edstavivost v\u010detn\u011b schopnosti sn\u011bn\u00ed a daru obrazotvornosti.<\/p>\n<p>P\u0159i l\u00e9\u010db\u011b p\u016fsob\u00ed blahod\u00e1rn\u011b na nervov\u00fd syst\u00e9m, slezinu, slinivku b\u0159i\u0161n\u00ed a mu\u017esk\u00e9 reproduk\u010dn\u00ed org\u00e1ny. P\u0159isp\u00edv\u00e1 k regeneraci nervov\u00e9 soustavy, l\u00e9\u010d\u00ed \u0161patn\u00e9 vst\u0159eb\u00e1v\u00e1n\u00ed protein\u016f, vedlej\u0161\u00ed projevy leuk\u00e9mie a ulevuje od nap\u011bt\u00ed v kr\u010dn\u00edch svalech. M\u00e1 siln\u00fd detoxika\u010dn\u00ed \u00fa\u010dinek a povzbuzuje pr\u00e1ci jater.<\/p>\n<p>K\u00e1men budil od sam\u00e9ho po\u010d\u00e1tku velkou pozornost pro svou n\u00e1padnou barvom\u011bnu, kterou v\u011bdci nemohli zpo\u010d\u00e1tku vysv\u011btlit. Proto byl podobn\u011b jako i&nbsp;jin\u00e9&nbsp;drahokamy&nbsp;p\u0159ed n\u00edm rychle op\u0159eden legendami a&nbsp;p\u0159i\u010d\u00edtaly se mu nejr\u016fzn\u011bj\u0161\u00ed vlastnosti. Nej\u010dast\u011bji se o&nbsp;n\u011bm \u0159\u00edkalo, \u017ee je ve dne zelen\u00fdm&nbsp;smaragdem&nbsp;a&nbsp;v&nbsp;noci fialov\u00fdm&nbsp;ametystem.<\/p>\n","protected":false},"excerpt":{"rendered":"<ul>\n<li><b>Alexandrit<\/b>&nbsp;pat\u0159\u00ed mezi nejcenn\u011bj\u0161\u00ed&nbsp;drahokamy&nbsp;a&nbsp;je nejvz\u00e1cn\u011bj\u0161\u00ed&nbsp;varietou&nbsp;miner\u00e1lu&nbsp;chryzoberylu<\/li>\n<li>Otev\u00edr\u00e1 br\u00e1nu intuice a metafyzick\u00fdch schopnost\u00ed<\/li>\n<li>Podporuje rozvoj siln\u00e9 v\u016fle a osobn\u00ed p\u0159ita\u017elivosti<\/li>\n<li>P\u0159i l\u00e9\u010db\u011b p\u016fsob\u00ed blahod\u00e1rn\u011b na nervov\u00fd syst\u00e9m, slezinu, slinivku b\u0159i\u0161n\u00ed a mu\u017esk\u00e9 reproduk\u010dn\u00ed org\u00e1ny. P\u0159isp\u00edv\u00e1 k regeneraci nervov\u00e9 soustavy, l\u00e9\u010d\u00ed \u0161patn\u00e9 vst\u0159eb\u00e1v\u00e1n\u00ed protein\u016f, vedlej\u0161\u00ed projevy leuk\u00e9mie a ulevuje od nap\u011bt\u00ed v kr\u010dn\u00edch svalech. M\u00e1 siln\u00fd detoxika\u010dn\u00ed \u00fa\u010dinek a povzbuzuje pr\u00e1ci jater.<\/li>\n<\/ul>\n","protected":false},"featured_media":5460,"comment_status":"open","ping_status":"closed","template":"","meta":{"ngg_post_thumbnail":0,"jetpack_post_was_ever_published":false,"_joinchat":[],"jetpack_publicize_message":"","jetpack_publicize_feature_enabled":true,"jetpack_social_post_already_shared":true,"jetpack_social_options":{"image_generator_settings":{"template":"highway","enabled":false},"version":2}},"product_cat":[262],"product_tag":[],"class_list":{"0":"post-4973","1":"product","2":"type-product","3":"status-publish","4":"has-post-thumbnail","6":"product_cat-alexandrit","8":"first","9":"outofstock","10":"shipping-taxable","11":"purchasable","12":"product-type-simple"},"jetpack_publicize_connections":[],"jetpack_likes_enabled":true,"jetpack-related-posts":[],"jetpack_sharing_enabled":true,"_links":{"self":[{"href":"https:\/\/kamenovo.cz\/index.php\/wp-json\/wp\/v2\/product\/4973","targetHints":{"allow":["GET"]}}],"collection":[{"href":"https:\/\/kamenovo.cz\/index.php\/wp-json\/wp\/v2\/product"}],"about":[{"href":"https:\/\/kamenovo.cz\/index.php\/wp-json\/wp\/v2\/types\/product"}],"replies":[{"embeddable":true,"href":"https:\/\/kamenovo.cz\/index.php\/wp-json\/wp\/v2\/comments?post=4973"}],"wp:featuredmedia":[{"embeddable":true,"href":"https:\/\/kamenovo.cz\/index.php\/wp-json\/wp\/v2\/media\/5460"}],"wp:attachment":[{"href":"https:\/\/kamenovo.cz\/index.php\/wp-json\/wp\/v2\/media?parent=4973"}],"wp:term":[{"taxonomy":"product_cat","embeddable":true,"href":"https:\/\/kamenovo.cz\/index.php\/wp-json\/wp\/v2\/product_cat?post=4973"},{"taxonomy":"product_tag","embeddable":true,"href":"https:\/\/kamenovo.cz\/index.php\/wp-json\/wp\/v2\/product_tag?post=4973"}],"curies":[{"name":"wp","href":"https:\/\/api.w.org\/{rel}","templated":true}]}}