{"id":4940,"date":"2020-06-13T11:15:14","date_gmt":"2020-06-13T11:15:14","guid":{"rendered":"https:\/\/kamenovo.cz\/?post_type=product&#038;p=4940"},"modified":"2020-06-13T11:18:15","modified_gmt":"2020-06-13T11:18:15","slug":"vonne-tycinky-tribal-soul-palo-santo","status":"publish","type":"product","link":"https:\/\/kamenovo.cz\/index.php\/produkt\/vonne-tycinky-tribal-soul-palo-santo\/","title":{"rendered":"Vonn\u00e9 ty\u010dinky Tribal-soul PALO SANTO"},"content":{"rendered":"<p>Slunce je hlavn\u00edm zdrojem na\u0161\u00ed \u017eivotn\u00ed s\u00edly a l\u00e1sky. Zm\u011bny na Slunci n\u00e1s hluboce zasahuj\u00ed. Transformace na Zemi p\u0159\u00edmo souvis\u00ed s energetick\u00fdmi zm\u011bnami odehr\u00e1vaj\u00edc\u00edmi se na t\u00e9to na\u0161\u00ed \u201ehv\u011bzd\u011b&#8220;. Pravideln\u00fdm propojov\u00e1n\u00edm se se Sluncem pom\u00e1h\u00e1me na\u0161emu t\u011blu naladit se na jeho vibrace, otev\u0159\u00edt jim sv\u00e9 srdce a dopadaj\u00edc\u00ed energie l\u00e9pe sn\u00e1\u0161et. Za branami je tzv. \u0160est\u00e9 slunce podle Maysk\u00e9ho kalend\u00e1\u0159e. Vychutnejme si jeho kr\u00e1snou energii.<\/p>\n<div>\n<p>Slune\u010dn\u00ed Bytosti n\u00e1s vyb\u00edzej\u00ed, aby jste nav\u0161t\u00edvili jejich svatyn\u011b, nach\u00e1zej\u00edc\u00ed se na Slunci, ale ve vy\u0161\u0161\u00edch dimenz\u00edch. T\u00edm se l\u00e9pe p\u0159iprav\u00edte na nadch\u00e1zej\u00edc\u00ed zm\u011bny ve va\u0161ich energetick\u00fdch pol\u00edch. Nebo\u0165 a\u017e Slune\u010dn\u00ed esence zas\u00e1hne naplno Zemi, budeme m\u00edt co d\u011blat, abychom tyto nov\u00e9 p\u0159\u00edvaly energie zpracovali. K tomuto \u00fa\u010delu n\u00e1sleduje \u0159\u00edzen\u00e1 meditace, kter\u00e1 v\u00e1m pom\u016f\u017ee k vylad\u011bn\u00ed.<\/p>\n<div>\n<p>Nejprve se zhluboka nadechn\u011bte a s v\u00fddechem uvol\u0148ujte cel\u00e9 sv\u00e9 t\u011blo i mysl t\u011blo, nechte odej\u00edt v\u0161e, co v\u00e1s t\u00ed\u017e\u00ed, svazuje. Po\u017e\u00e1dejte Stvo\u0159itele a and\u011bl\u00e9 o veden\u00ed a jejich ochranu. P\u0159edstavte si velk\u00e9 z\u00e1\u0159iv\u00e9 Slunce, jak k n\u011bmu roztahujete svou l\u00e1skyplnou n\u00e1ru\u010d a nech\u00e1te j\u00edm sv\u00e9 t\u011blo proz\u00e1\u0159it a naplnit jeho \u017eivotod\u00e1rnou energi\u00ed a paprsky. Vn\u00edmejte jak prosv\u011btluje celou va\u0161i bytost, ka\u017ed\u00fd kout va\u0161eho p\u0159ekr\u00e1sn\u00e9ho a dokonal\u00e9ho t\u011bla, v\u011bnujte pozornost t\u011bm m\u00edst\u016fm, kter\u00e9 maj\u00ed probl\u00e9m p\u0159ijmout jeho svit. Ka\u017ed\u00fdm n\u00e1dechem do sebe p\u0159ij\u00edmejte jasn\u00e9 a \u017eivotod\u00e1rn\u00e9 sv\u011btlo.<\/p>\n<div>\n<p>Najednou se z jeho paprsk\u016f utvo\u0159\u00ed schody, sm\u011b\u0159uj\u00edc\u00ed k jeho st\u0159edu. Beze strachu pomalu stoupejte d\u00e1l a d\u00e1l. Na konci schodi\u0161t\u011b je sv\u011bteln\u00e1 br\u00e1na, kde stoj\u00ed n\u011bkolik and\u011bl\u016f chr\u00e1n\u00edc\u00edch vstup do Slune\u010dn\u00edho kr\u00e1lovstv\u00ed. Ti v\u00e1m daj\u00ed pokyn, jestli m\u016f\u017eete vstoupit, nebo ne. P\u0159i vstupu vn\u00edmejte okoln\u00ed energii a celistvou atmosf\u00e9ru. Jen poklidn\u011b pozorujte, co se d\u011bje kolem v\u00e1s. V d\u00e1li uvid\u00edte p\u0159ich\u00e1zet bytosti, kter\u00e9 v\u00e1s p\u0159i\u0161ly uv\u00edtat. Vyz\u00fdvaj\u00ed v\u00e1s na velk\u00e9 setk\u00e1n\u00ed, konaj\u00edc\u00ed se v nejz\u00e1\u0159iv\u011bj\u0161\u00ed svatyni. \u00da\u010delem tohoto setk\u00e1n\u00ed je p\u0159ij\u00edm\u00e1n\u00ed nov\u00e9 energie pro vzestup. Nenechte se dlouho pob\u00edzet a jd\u011bte s nimi na m\u00edsto, kde se odehr\u00e1v\u00e1 Zasv\u011bcen\u00ed.<\/p>\n<div>\n<p>Uprost\u0159ed cel\u00e9 svatyn\u011b je p\u0159ekr\u00e1sn\u00fd krystal, okolo kter\u00e9ho se shrom\u00e1\u017edilo obrovsk\u00e9 mno\u017estv\u00ed duchovn\u00edch bytost\u00ed. Jsou tam i lid\u00e9, co si tak\u00e9 p\u0159i\u0161li pro Zasv\u011bcen\u00ed. Vn\u00edmejte jak jsou v\u0161ichni spojeni jednotnou my\u0161lenkou pro Vzestup v\u0161ech. Krystal za\u010dal z\u00e1\u0159it v\u00edc a v\u00edc. Je to v\u00fdzva abychom se zcela zklidnili a nechali jeho energii p\u016fsobit na sv\u00e9 t\u011blo. Vychutnejte si jeho p\u016fsoben\u00ed do sytosti. \u010c\u00edm v\u00edce se otev\u0159ete, t\u00edm v\u00edce sv\u011btla si p\u0159inesete do sv\u00e9ho \u017eivota. Vn\u00edmejte jestli k v\u00e1m p\u0159ich\u00e1zej\u00ed obrazy, nebo my\u0161lenky, kter\u00e9 v\u00e1m mohou napomoci vy\u0159e\u0161it va\u0161e probl\u00e9my.<\/p>\n<div>A\u017e budete m\u00edt pocit plnosti, s velkou \u00factou v\u0161em pod\u011bkujte a pomalu se po schodech vra\u0165te na Zemi. Je\u0161t\u011b chv\u00edli z\u016fsta\u0148te v klidu a pozorujte impulsy, kter\u00e9 v\u00e1s spojuj\u00edc\u00ed s Vzestupem na\u0161\u00ed planety. Nakonec tuto energii p\u0159edejte Zemi &#8211; jej\u00edmu j\u00e1dru a v\u0161em v okol\u00ed. T\u00edm ukotv\u00edte va\u0161i bytost.Zdroj: internet<\/div>\n<\/div>\n<\/div>\n<\/div>\n<\/div>\n","protected":false},"excerpt":{"rendered":"<ul>\n<li>10ks vonn\u00fdch ty\u010diniek na d\u0159\u00edvku<\/li>\n<li>luxusn\u011b d\u00e1rkov\u011b baleno<\/li>\n<li><u>Palo Santo &#8211; &#8220; SVAT\u00c9 D\u0158EVO&#8220; \u0160AMAN\u016e<\/u><\/li>\n<li>\u0160amansk\u00e9 l\u00e9\u010den\u00ed t\u011bla a du\u0161e, o\u010dista prostoru,&nbsp;<\/li>\n<li>Meditace<\/li>\n<\/ul>\n","protected":false},"featured_media":4931,"comment_status":"open","ping_status":"closed","template":"","meta":{"ngg_post_thumbnail":0,"jetpack_post_was_ever_published":false,"_joinchat":[],"jetpack_publicize_message":"","jetpack_publicize_feature_enabled":true,"jetpack_social_post_already_shared":true,"jetpack_social_options":{"image_generator_settings":{"template":"highway","enabled":false},"version":2}},"product_cat":[141],"product_tag":[],"class_list":{"0":"post-4940","1":"product","2":"type-product","3":"status-publish","4":"has-post-thumbnail","6":"product_cat-vonne-tycinky","8":"first","9":"instock","10":"shipping-taxable","11":"purchasable","12":"product-type-simple"},"jetpack_publicize_connections":[],"jetpack_likes_enabled":true,"jetpack-related-posts":[],"jetpack_sharing_enabled":true,"_links":{"self":[{"href":"https:\/\/kamenovo.cz\/index.php\/wp-json\/wp\/v2\/product\/4940","targetHints":{"allow":["GET"]}}],"collection":[{"href":"https:\/\/kamenovo.cz\/index.php\/wp-json\/wp\/v2\/product"}],"about":[{"href":"https:\/\/kamenovo.cz\/index.php\/wp-json\/wp\/v2\/types\/product"}],"replies":[{"embeddable":true,"href":"https:\/\/kamenovo.cz\/index.php\/wp-json\/wp\/v2\/comments?post=4940"}],"wp:featuredmedia":[{"embeddable":true,"href":"https:\/\/kamenovo.cz\/index.php\/wp-json\/wp\/v2\/media\/4931"}],"wp:attachment":[{"href":"https:\/\/kamenovo.cz\/index.php\/wp-json\/wp\/v2\/media?parent=4940"}],"wp:term":[{"taxonomy":"product_cat","embeddable":true,"href":"https:\/\/kamenovo.cz\/index.php\/wp-json\/wp\/v2\/product_cat?post=4940"},{"taxonomy":"product_tag","embeddable":true,"href":"https:\/\/kamenovo.cz\/index.php\/wp-json\/wp\/v2\/product_tag?post=4940"}],"curies":[{"name":"wp","href":"https:\/\/api.w.org\/{rel}","templated":true}]}}