{"id":4939,"date":"2020-06-13T11:02:52","date_gmt":"2020-06-13T11:02:52","guid":{"rendered":"https:\/\/kamenovo.cz\/?post_type=product&#038;p=4939"},"modified":"2020-06-13T11:32:50","modified_gmt":"2020-06-13T11:32:50","slug":"vonne-tycinky-7-archandelu","status":"publish","type":"product","link":"https:\/\/kamenovo.cz\/index.php\/produkt\/vonne-tycinky-7-archandelu\/","title":{"rendered":"Vonn\u00e9 ty\u010dinky,    7 Archand\u011bl\u016f"},"content":{"rendered":"<h4>Kdy\u017e se objev\u00ed specifick\u00e1 pot\u0159eba, najd\u011bte si v n\u00e1sleduj\u00edc\u00edm seznamu&nbsp;p\u0159\u00edslu\u0161n\u00e9ho archand\u011bla nebo nanebevzat\u00e9ho mistra. Tyto informace m\u016f\u017eete vyu\u017e\u00edvat mnoha zp\u016f\u00adsoby. M\u016f\u017eete nap\u0159\u00edklad pokl\u00e1dat ruku na jm\u00e9na bo\u017estev uvede\u00adn\u00fdch v jejich seznamu pro specifick\u00e9 pot\u0159eby. Jakmile na seznam polo\u017e\u00edte ruku, pomyslete si,&nbsp;<strong>Milovan\u00e1 bo\u017estva, pot\u0159ebuji va\u0161i pomoc, l\u00e1sku a podporu s&#8230; \/popi\u0161te danou situaci\/. D\u011bkuji v\u00e1m za v\u00e1\u0161 z\u00e1sah.<\/strong><\/h4>\n<h4>M\u016f\u017eete si rovn\u011b\u017e podle seznamu vyhledat a p\u0159e\u010d\u00edst v\u0161e o p\u0159\u00ed\u00adslu\u0161n\u00e9m bo\u017estvu. T\u00edmto zp\u016fsobem se va\u0161e znalosti arch\u00adand\u011bla nebo nanebevzat\u00e9ho mistra prohloub\u00ed. Ze spojen\u00ed va\u0161ich osobn\u00edch zku\u0161enost\u00ed s bo\u017estvem a znalost\u00ed o n\u011bm vznikne t\u011bsn\u011bj\u00ad\u0161\u00ed a l\u00e1skypln\u011bj\u0161\u00ed vztah.<\/h4>\n<h4>Rychl\u00fd zp\u016fsob, jak si poradit s n\u011bjakou z\u00e1le\u017eitost\u00ed spo\u010d\u00edv\u00e1 v tom, \u017ee si vyhled\u00e1te v seznamu bo\u017estva koresponduj\u00edc\u00ed s va\u0161\u00ed situac\u00ed a p\u0159i modlitb\u011b vy\u0159knete jejich jm\u00e9na nebo je dokonce za\u00adzp\u00edv\u00e1te. \u00damysl va\u0161\u00ed modlitby je d\u016fle\u017eit\u011bj\u0161\u00ed ne\u017e slova nebo meto\u00adda. Bo\u017estva v\u00e1s vysly\u0161\u00ed a okam\u017eit\u011b l\u00e1skypln\u011b zareaguj\u00ed. \u017d\u00e1dn\u00e1 modlitba nez\u016fst\u00e1v\u00e1 nevysly\u0161ena nebo ignorov\u00e1na. Archand\u011bl\u00e9 a nanebevzat\u00ed mist\u0159i n\u00e1m koneckonc\u016f pom\u00e1haj\u00ed proto, \u017ee maj\u00ed Bohem stanovenou \u00falohu p\u0159i jeho pl\u00e1nu zjednat na Zemi&nbsp;harmonii a klid, a v n\u011bm je ka\u017ed\u00e1 osoba d\u016fle\u017eit\u00e1. Jestli\u017ee v\u00e1m sv\u00fdm bo\u017esk\u00fdm z\u00e1\u00adsahem dok\u00e1\u017e\u00ed pomoci naj\u00edt v n\u011bjak\u00e9 pozemsk\u00e9 situaci klid a m\u00edr, tak v tom nach\u00e1zej\u00ed pot\u011b\u0161en\u00ed.&nbsp;&nbsp;<\/h4>\n","protected":false},"excerpt":{"rendered":"<ul>\n<li>Odd\u011blen\u011b balen\u00e9 dle v\u016fn\u00ed<\/li>\n<li>Ka\u017ed\u00e1 v\u016fn\u011b zastupuje jednotliv\u00e9ho Archand\u011bla<\/li>\n<\/ul>\n<p><strong>Kdy\u017e se objev\u00ed specifick\u00e1 pot\u0159eba, najd\u011bte si v n\u00e1sleduj\u00edc\u00edm seznamu&nbsp;p\u0159\u00edslu\u0161n\u00e9ho archand\u011bla nebo nanebevzat\u00e9ho mistra. Tyto informace m\u016f\u017eete vyu\u017e\u00edvat mnoha zp\u016f\u00adsoby. M\u016f\u017eete nap\u0159\u00edklad pokl\u00e1dat ruku na jm\u00e9na bo\u017estev uvede\u00adn\u00fdch v jejich seznamu pro specifick\u00e9 pot\u0159eby. Jakmile na seznam polo\u017e\u00edte ruku, pomyslete si,&nbsp;Milovan\u00e1 bo\u017estva, pot\u0159ebuji va\u0161i pomoc, l\u00e1sku a podporu s&#8230; \/popi\u0161te danou situaci\/. D\u011bkuji v\u00e1m za v\u00e1\u0161 z\u00e1sah.<\/strong><\/p>\n","protected":false},"featured_media":4932,"comment_status":"open","ping_status":"closed","template":"","meta":{"ngg_post_thumbnail":0,"jetpack_post_was_ever_published":false,"_joinchat":[],"jetpack_publicize_message":"","jetpack_publicize_feature_enabled":true,"jetpack_social_post_already_shared":true,"jetpack_social_options":{"image_generator_settings":{"template":"highway","enabled":false},"version":2}},"product_cat":[141],"product_tag":[],"class_list":{"0":"post-4939","1":"product","2":"type-product","3":"status-publish","4":"has-post-thumbnail","6":"product_cat-vonne-tycinky","8":"first","9":"instock","10":"shipping-taxable","11":"purchasable","12":"product-type-simple"},"jetpack_publicize_connections":[],"jetpack_likes_enabled":true,"jetpack-related-posts":[],"jetpack_sharing_enabled":true,"_links":{"self":[{"href":"https:\/\/kamenovo.cz\/index.php\/wp-json\/wp\/v2\/product\/4939","targetHints":{"allow":["GET"]}}],"collection":[{"href":"https:\/\/kamenovo.cz\/index.php\/wp-json\/wp\/v2\/product"}],"about":[{"href":"https:\/\/kamenovo.cz\/index.php\/wp-json\/wp\/v2\/types\/product"}],"replies":[{"embeddable":true,"href":"https:\/\/kamenovo.cz\/index.php\/wp-json\/wp\/v2\/comments?post=4939"}],"wp:featuredmedia":[{"embeddable":true,"href":"https:\/\/kamenovo.cz\/index.php\/wp-json\/wp\/v2\/media\/4932"}],"wp:attachment":[{"href":"https:\/\/kamenovo.cz\/index.php\/wp-json\/wp\/v2\/media?parent=4939"}],"wp:term":[{"taxonomy":"product_cat","embeddable":true,"href":"https:\/\/kamenovo.cz\/index.php\/wp-json\/wp\/v2\/product_cat?post=4939"},{"taxonomy":"product_tag","embeddable":true,"href":"https:\/\/kamenovo.cz\/index.php\/wp-json\/wp\/v2\/product_tag?post=4939"}],"curies":[{"name":"wp","href":"https:\/\/api.w.org\/{rel}","templated":true}]}}