{"id":4446,"date":"2020-02-23T19:42:51","date_gmt":"2020-02-23T19:42:51","guid":{"rendered":"https:\/\/kamenovo.cz\/?post_type=product&#038;p=4446"},"modified":"2023-01-02T18:29:25","modified_gmt":"2023-01-02T18:29:25","slug":"tugtupit","status":"publish","type":"product","link":"https:\/\/kamenovo.cz\/index.php\/produkt\/tugtupit\/","title":{"rendered":"Tugtupit TOOPP ru\u010dn\u011b brou\u0161en\u00fd a le\u0161t\u011bn\u00fd"},"content":{"rendered":"<p>Tugtupit<br \/>\nJe k\u00e1men integrace, propojuje soucitn\u00e9 srdce s osv\u00edcenou mysl\u00ed a ukotvuje ve sv\u011bt\u011b bezpodm\u00edne\u010dnou l\u00e1sku. U\u010d\u00ed s\u00edle sebel\u00e1sky \u2013 bez n\u00ed\u017e si nelze v\u00e1\u017eit sebe ani ostatn\u00edch, d\u00e1vat \u010di p\u0159ij\u00edmat l\u00e1sku. Je nesm\u00edrn\u011b m\u00edrumilovn\u00fd k\u00e1men spojen\u00fd s r\u016f\u017eov\u00fdm plamenem \u010dist\u00e9 l\u00e1sky. Na slunci p\u0159i dopadu foton\u016f nebo p\u0159i kontaktu s poko\u017ekou jeho b\u00edl\u00e1 nebo bled\u011b r\u016f\u017eov\u00e1 barva ztmavne a\u017e na karm\u00ednovou. Pod UV sv\u011btlem z\u00e1\u0159iv\u011b \u010derven\u011b sv\u011bt\u00e9lkuje.<\/p>\n","protected":false},"excerpt":{"rendered":"<h4><strong>Vlastnosti kamene<\/strong> &nbsp;<a href=\"https:\/\/kamenovo.cz\/index.php\/2017\/11\/30\/tugtupit\/#more-242\"><span style=\"color: #ff0000;\"><strong>ZDE<\/strong><\/span><\/a><\/h4>\n<p>&nbsp; <span style=\"color: #ff0000;\"><strong>&nbsp;RU\u010cN\u011a BROU\u0160EN\u00dd A LE\u0160T\u011aN\u00dd TOPPPP \ud83d\ude42<\/strong><\/span><\/p>\n<ul>\n<li><strong><span style=\"color: #0000ff;\">Vhodn\u00fd pro zasazen\u00ed do zlata<\/span><\/strong><\/li>\n<li><span style=\"color: #0000ff;\"><strong>Do prstenu, privesku, n\u00e1ramku TTOOPPPP<\/strong><\/span><\/li>\n<li><strong>k\u00e1men \u017eivotnosti<\/strong><\/li>\n<li><strong>zah\u00e1n\u00ed depresi<\/strong><\/li>\n<li><strong>reguluje metabolitmus hormon\u016f, zvy\u0161uje plodnost<\/strong><\/li>\n<li><strong>ustaluje krevn\u00ed tlak a l\u00e9\u010d\u00ed srdce<\/strong><\/li>\n<li><strong>l\u00e9\u010d\u00ed v\u00e1le\u010dn\u00e9 zony a m\u00edsta s etnick\u00fdmi konflikty<\/strong><\/li>\n<li><strong>je siln\u011b ochrann\u00fd k\u00e1men<\/strong><\/li>\n<\/ul>\n","protected":false},"featured_media":4948,"comment_status":"open","ping_status":"closed","template":"","meta":{"ngg_post_thumbnail":0,"jetpack_post_was_ever_published":false,"_joinchat":[],"jetpack_publicize_message":"","jetpack_publicize_feature_enabled":true,"jetpack_social_post_already_shared":true,"jetpack_social_options":{"image_generator_settings":{"template":"highway","enabled":false},"version":2}},"product_cat":[257],"product_tag":[],"class_list":{"0":"post-4446","1":"product","2":"type-product","3":"status-publish","4":"has-post-thumbnail","6":"product_cat-tugtupit","8":"first","9":"outofstock","10":"shipping-taxable","11":"purchasable","12":"product-type-simple"},"jetpack_publicize_connections":[],"jetpack_likes_enabled":true,"jetpack-related-posts":[],"jetpack_sharing_enabled":true,"_links":{"self":[{"href":"https:\/\/kamenovo.cz\/index.php\/wp-json\/wp\/v2\/product\/4446","targetHints":{"allow":["GET"]}}],"collection":[{"href":"https:\/\/kamenovo.cz\/index.php\/wp-json\/wp\/v2\/product"}],"about":[{"href":"https:\/\/kamenovo.cz\/index.php\/wp-json\/wp\/v2\/types\/product"}],"replies":[{"embeddable":true,"href":"https:\/\/kamenovo.cz\/index.php\/wp-json\/wp\/v2\/comments?post=4446"}],"wp:featuredmedia":[{"embeddable":true,"href":"https:\/\/kamenovo.cz\/index.php\/wp-json\/wp\/v2\/media\/4948"}],"wp:attachment":[{"href":"https:\/\/kamenovo.cz\/index.php\/wp-json\/wp\/v2\/media?parent=4446"}],"wp:term":[{"taxonomy":"product_cat","embeddable":true,"href":"https:\/\/kamenovo.cz\/index.php\/wp-json\/wp\/v2\/product_cat?post=4446"},{"taxonomy":"product_tag","embeddable":true,"href":"https:\/\/kamenovo.cz\/index.php\/wp-json\/wp\/v2\/product_tag?post=4446"}],"curies":[{"name":"wp","href":"https:\/\/api.w.org\/{rel}","templated":true}]}}