{"id":4403,"date":"2020-02-14T20:26:24","date_gmt":"2020-02-14T20:26:24","guid":{"rendered":"https:\/\/kamenovo.cz\/?post_type=product&#038;p=4403"},"modified":"2020-11-11T13:07:05","modified_gmt":"2020-11-11T13:07:05","slug":"4403","status":"publish","type":"product","link":"https:\/\/kamenovo.cz\/index.php\/produkt\/4403\/","title":{"rendered":"Super 7"},"content":{"rendered":"<p><strong>Super 7<\/strong>&nbsp;nebo tak\u00e9<strong>&nbsp;Posv\u00e1tn\u00fdch sedm&nbsp;<\/strong>&nbsp;je krystal tvo\u0159en\u00fd spojen\u00edm&nbsp;<strong>ametystu, kakoxenitu, goethitu, lepidokrokitu, k\u0159i\u0161\u0165\u00e1lu, rutilov\u00e9ho k\u0159emene a z\u00e1hn\u011bdy.&nbsp;<\/strong><\/p>\n<p>Tento drahokam je tak \u017eiv\u00fd, \u017ee v\u00e1s skute\u010dn\u011b zavede do zcela nov\u00e9ho sv\u011bta \u2013 stejn\u011b jako mal\u00e1 s\u00edla psychick\u00e9 energie. Super Seven odstra\u0148uje bloky, kter\u00e9 v\u00e1s dr\u017e\u00ed zp\u011bt od va\u0161eho \u017eivotn\u00edho \u00fa\u010delu, a stimuluje du\u0161i k jej\u00ed bo\u017esk\u00e9 brilanci \u2013 Super Seven je katalyz\u00e1torem expanze a transformace.&nbsp;<\/p>\n<p>Super Seven je siln\u00fdm uzdravuj\u00edc\u00edm spojencem \u2013 p\u0159in\u00e1\u0161\u00ed v\u00e1m ochranu, uvoln\u011bn\u00ed negativn\u00edch emoc\u00ed a minul\u00fdch vzorc\u016f a o\u010di\u0161t\u011bn\u00ed na\u0161\u00ed du\u0161e, co\u017e v\u00e1m umo\u017en\u00ed dos\u00e1hnout m\u00edsta jasnosti, zam\u011b\u0159en\u00ed, kreativity a pozitivity.<\/p>\n<p>Tento k\u00e1men je kombinac\u00ed sedmi r\u016fzn\u00fdch krystal\u016f, a proto nese vlastnosti v\u0161ech sedmi krystal\u016f jako jeden.&nbsp;Ze stejn\u00e9ho d\u016fvodu je to jeden z nejsiln\u011bj\u0161\u00edch kamen\u016f dostupn\u00fdch pro l\u00e9\u010debn\u00e9 \u00fa\u010dely.&nbsp;Super Seven&nbsp;si v hojnosti udr\u017euje svou vlastn\u00ed energii a nikdy nevy\u017eaduje o\u010di\u0161t\u011bn\u00ed ani povzbuzen\u00ed.<\/p>\n<p>&nbsp;Sedmi krystaly nebo miner\u00e1ly tohoto mocn\u00e9ho kamene jsou Ametyst, K\u0159emen, Z\u00e1hn\u011bda, Rutilov\u00fd k\u0159i\u0161t\u00e1l, \u010dist\u00fd k\u0159i\u0161t\u00e1l, Lepidochrosite, Geothite a Kakoxenite. Stru\u010dn\u00fd p\u0159ehled vlastnost\u00ed ka\u017ed\u00e9ho z t\u011bchto kamen\u016f je diskutov\u00e1n n\u00ed\u017ee:<\/p>\n<ol>\n<li>&nbsp;<strong>Ametyst:<\/strong>&nbsp;Tento k\u00e1men nese vlastnost l\u00e9\u010den\u00ed, kter\u00e1 pom\u00e1h\u00e1 p\u0159i l\u00e9\u010db\u011b emocion\u00e1ln\u00edch a fyzick\u00fdch pot\u00ed\u017e\u00ed.&nbsp;Terapie krystal\u016f ametystu v\u011bt\u0161inou pom\u00e1h\u00e1 p\u0159i \u0159e\u0161en\u00ed nervov\u00fdch probl\u00e9m\u016f, nespavosti, no\u010dn\u00ed m\u016fry a hlavn\u011b p\u0159i vyva\u017eov\u00e1n\u00ed \u010dakrov\u00e9 korunky.<\/li>\n<li>&nbsp;<strong>Kakoxenite:<\/strong>&nbsp;Tento k\u00e1men obsahuje pozitivitu a m\u00e1 schopnost vylep\u0161ovat se.&nbsp;Otev\u00edr\u00e1 to duchovn\u00ed pron\u00e1sledov\u00e1n\u00ed a zmoc\u0148uje super sedm k rozpt\u00fdlen\u00ed nejr\u016fzn\u011bj\u0161\u00edch negativit.<\/li>\n<li><strong>Z\u00e1hn\u011bda<\/strong><b>:<\/b>&nbsp;Tento krystal v\u00e1m pom\u016f\u017ee z\u016fstat ve st\u0159ehu, soust\u0159ed\u011bn\u00fd a u moci s okol\u00edm.&nbsp;Smoky Quartz je l\u00e9\u010div\u00fd a ochrann\u00fd k\u00e1men, kter\u00fd tak\u00e9 zvy\u0161uje kvalitu st\u00e1t se dobr\u00fdm obchodn\u00edm \u010dlov\u011bkem v jednotlivci.<\/li>\n<li>&nbsp;<strong>\u010cist\u00fd k\u0159ist\u00e1l:<\/strong>&nbsp;Tento krystal je siln\u00fd l\u00e9\u010ditel a zn\u00e1m\u00fd pro zes\u00edlen\u00ed a pos\u00edlen\u00ed aur.&nbsp;K\u0159emenn\u00fd krystal pom\u00e1h\u00e1 v kontinuit\u011b toku energie.<\/li>\n<li>&nbsp;<strong>Rutilnebo Rutilov\u00fd k\u0159ist\u00e1l:<\/strong>&nbsp;Je to k\u00e1men, o kter\u00e9m je zn\u00e1mo, \u017ee kolem v\u00e1s p\u0159in\u00e1\u0161\u00ed optimismus, radost a harmonii.&nbsp;Rutiln\u00ed k\u00e1men posiluje l\u00e1sku, p\u0159in\u00e1\u0161\u00ed stabilitu v l\u00e1sce a vztaz\u00edch, du\u0161evn\u00ed rovnov\u00e1hu a r\u016fst v duchovn\u00edch aspirac\u00edch.<\/li>\n<li>&nbsp;<strong>Geothit:<\/strong>&nbsp;Je to k\u00e1men, kter\u00fd v\u00e1m pom\u00e1h\u00e1 \u010dinit jasn\u00e1 rozhodnut\u00ed a pom\u00e1h\u00e1 p\u0159i soust\u0159ed\u011bn\u00ed a zam\u011b\u0159en\u00ed \u00fakol\u016f, kter\u00e9 p\u0159ed n\u00e1mi stoj\u00ed.&nbsp;Geothite tak\u00e9 udr\u017euje rovnov\u00e1hu mezi pozitivn\u00ed a negativn\u00ed energi\u00ed.<\/li>\n<li>&nbsp;<strong>Lepidocrocit:<\/strong>&nbsp;Je to k\u0159emenn\u00fd krystal, kter\u00fd zvy\u0161uje intelektu\u00e1ln\u00ed schopnosti.&nbsp;Energie tohoto krystalu pom\u00e1h\u00e1 p\u0159i kontaktu s \u00fahly a pr\u016fvodci duch\u016f v dob\u011b meditace.&nbsp;Metafyzick\u00e9 vlastnosti tohoto kamene v\u00e1s spojuj\u00ed s bo\u017esk\u00fdmi zdroji a pom\u00e1haj\u00ed uvol\u0148ovat strach.&nbsp;Poskytuje tak\u00e9 zvukov\u00e9 my\u0161lenky a emo\u010dn\u00ed uzemn\u011bn\u00ed.<\/li>\n<\/ol>\n<p>Super Seven&nbsp;m\u00e1 vibrace v\u0161ech sedmi krystal\u016f diskutovan\u00fdch v\u00fd\u0161e, co\u017e z n\u011bj d\u011bl\u00e1 velmi vysokofrekven\u010dn\u00ed k\u00e1men a jeden z na\u0161ich nezbytn\u00fdch kamen\u016f pro domov, kter\u00fd p\u0159in\u00e1\u0161\u00ed vysok\u00e9 vibrace a ochranu.<\/p>\n","protected":false},"excerpt":{"rendered":"<ul>\n<li>Super sedm&nbsp;kamen\u016f<\/li>\n<li>\u017eiv\u00fd k\u00e1men<\/li>\n<li><strong>P\u0159in\u00e1\u0161\u00ed n\u00e1m klid a pocit naprost\u00e9 bezpe\u010dnosti<\/strong><\/li>\n<li><strong>propojen\u00ed mezi bl\u00edzk\u00fdmi lidmi<\/strong><\/li>\n<li><strong>Super Seven<\/strong>&nbsp;m\u00e1 vibrace v\u0161ech sedmi krystal\u016f diskutovan\u00fdch v\u00fd\u0161e, co\u017e z n\u011bj d\u011bl\u00e1 velmi vysokofrekven\u010dn\u00ed k\u00e1men a jeden z na\u0161ich nezbytn\u00fdch kamen\u016f pro domov, kter\u00fd p\u0159in\u00e1\u0161\u00ed vysok\u00e9 vibrace a ochranu.<\/li>\n<\/ul>\n","protected":false},"featured_media":4401,"comment_status":"open","ping_status":"closed","template":"","meta":{"ngg_post_thumbnail":0,"jetpack_post_was_ever_published":false,"_joinchat":[],"jetpack_publicize_message":"","jetpack_publicize_feature_enabled":true,"jetpack_social_post_already_shared":true,"jetpack_social_options":{"image_generator_settings":{"template":"highway","enabled":false},"version":2}},"product_cat":[247],"product_tag":[],"class_list":{"0":"post-4403","1":"product","2":"type-product","3":"status-publish","4":"has-post-thumbnail","6":"product_cat-super-7","8":"first","9":"outofstock","10":"shipping-taxable","11":"purchasable","12":"product-type-simple"},"jetpack_publicize_connections":[],"jetpack_likes_enabled":true,"jetpack-related-posts":[],"jetpack_sharing_enabled":true,"_links":{"self":[{"href":"https:\/\/kamenovo.cz\/index.php\/wp-json\/wp\/v2\/product\/4403","targetHints":{"allow":["GET"]}}],"collection":[{"href":"https:\/\/kamenovo.cz\/index.php\/wp-json\/wp\/v2\/product"}],"about":[{"href":"https:\/\/kamenovo.cz\/index.php\/wp-json\/wp\/v2\/types\/product"}],"replies":[{"embeddable":true,"href":"https:\/\/kamenovo.cz\/index.php\/wp-json\/wp\/v2\/comments?post=4403"}],"wp:featuredmedia":[{"embeddable":true,"href":"https:\/\/kamenovo.cz\/index.php\/wp-json\/wp\/v2\/media\/4401"}],"wp:attachment":[{"href":"https:\/\/kamenovo.cz\/index.php\/wp-json\/wp\/v2\/media?parent=4403"}],"wp:term":[{"taxonomy":"product_cat","embeddable":true,"href":"https:\/\/kamenovo.cz\/index.php\/wp-json\/wp\/v2\/product_cat?post=4403"},{"taxonomy":"product_tag","embeddable":true,"href":"https:\/\/kamenovo.cz\/index.php\/wp-json\/wp\/v2\/product_tag?post=4403"}],"curies":[{"name":"wp","href":"https:\/\/api.w.org\/{rel}","templated":true}]}}