{"id":4241,"date":"2020-01-17T13:56:17","date_gmt":"2020-01-17T13:56:17","guid":{"rendered":"https:\/\/kamenovo.cz\/?post_type=product&#038;p=4241"},"modified":"2020-04-18T13:10:28","modified_gmt":"2020-04-18T13:10:28","slug":"spessartin","status":"publish","type":"product","link":"https:\/\/kamenovo.cz\/index.php\/produkt\/spessartin\/","title":{"rendered":"Spessartin"},"content":{"rendered":"<p><strong>Vlastnosti:<\/strong>&nbsp;Gran\u00e1t je kamenem se silnou schopnost\u00ed dod\u00e1vat energii. P\u0159isp\u00edv\u00e1 k nabr\u00e1n\u00ed nov\u00fdch sil a k jejich obnov\u011b.&nbsp;<strong>Pro\u010di\u0161\u0165uje \u010dakry&nbsp;<\/strong>a dod\u00e1v\u00e1 jim novou energii, kterou o\u017eivuje, \u010dist\u00ed a udr\u017euje v rovnov\u00e1ze. P\u0159in\u00e1\u0161\u00ed podle pot\u0159eby klid nebo touhu. Tvrd\u00ed se, \u017ee gran\u00e1t dok\u00e1\u017ee varovat p\u0159ed bl\u00ed\u017e\u00edc\u00edm se nebezpe\u010d\u00edm, a ji\u017e odprad\u00e1vna se u\u017e\u00edv\u00e1 jako amulet. Gran\u00e1t je jedn\u00edm z nejroz\u0161\u00ed\u0159en\u011bj\u0161\u00edch kamen\u016f. Vyskytuje se v n\u011bkolika podob\u00e1ch, kter\u00e9 se li\u0161\u00ed podle toho, jak\u00fdmi miner\u00e1ly jsou tvo\u0159eny. Ka\u017ed\u00e1 forma m\u00e1 trochu odli\u0161n\u00e9 dodate\u010dn\u00e9 vlastnosti, kter\u00e9 roz\u0161i\u0159uj\u00ed spole\u010dnou druhovou povahu.<\/p>\n<p>Gran\u00e1t povzbuzuje l\u00e1sku a oddanost. Udr\u017euje v rovnov\u00e1ze sexu\u00e1ln\u00ed touhu a dok\u00e1\u017ee napravit citovou disharmonii. Zejm\u00e9na \u010derven\u00fd gran\u00e1t podn\u011bcuje a kontroluje n\u00e1r\u016fst energie kundalini p\u0159i\u010dem\u017e sou\u010dasn\u011b zvy\u0161uje i sexu\u00e1ln\u00ed potenci. Jedn\u00e1 se o k\u00e1men podporuj\u00edc\u00ed pevn\u00e9 vztahy a z\u00e1jem o druh\u00e9ho.<\/p>\n<p>Je u\u017eite\u010dn\u00fdm krystalem ve chv\u00edl\u00edch kriz\u00ed. Prosp\u00edv\u00e1 zejm\u00e9na v situac\u00edch, z nich\u017e zd\u00e1nliv\u011b nen\u00ed v\u00fdchodiska. Pr\u00e1v\u011b tak poslou\u017e\u00ed ve chv\u00edl\u00edch, kdy se \u017eivot rozt\u0159\u00ed\u0161t\u00ed na kusy nebo se prom\u011bn\u00ed v nekone\u010dnou \u0159adu traumat. Dod\u00e1v\u00e1 s\u00edlu, podn\u011bcuje aktivitu a posiluje pud sebez\u00e1chovy &#8211; p\u0159edev\u0161\u00edm t\u00edm, \u017ee dod\u00e1v\u00e1 odvahu a vn\u00e1\u0161\u00ed nad\u011bji do zd\u00e1nliv\u011b beznad\u011bjn\u00fdch situac\u00ed. Pod vlivem gran\u00e1tu se krize m\u011bn\u00ed v jednozna\u010dn\u00e9 v\u00fdzvy. Sou\u010dasn\u011b gran\u00e1t v takov\u00fdch chv\u00edl\u00edch p\u0159ivol\u00e1 n\u011bkoho na pomoc.<\/p>\n","protected":false},"excerpt":{"rendered":"<ul>\n<li>Zem\u011b p\u016fvodu Tanz\u00e1nie<\/li>\n<li><strong>Spessartit&nbsp;<\/strong>se vyzna\u010duje vysok\u00fdmi vibracemi<\/li>\n<li>P\u0159in\u00e1\u0161\u00ed v\u016fli pom\u00e1hat druh\u00fdm a posiluje srdce<\/li>\n<li>&nbsp;Zvy\u0161uje schopnost anal\u00fdzy a racion\u00e1ln\u00edho \u00fasudku<\/li>\n<li>Funguje jako antidepresivum<\/li>\n<li>Potla\u010duje no\u010dn\u00ed m\u016fry<\/li>\n<li>Pom\u00e1h\u00e1 p\u0159i sexu\u00e1ln\u00edch probl\u00e9mech<\/li>\n<li>L\u00e9\u010d\u00ed neschopnost organizmu p\u0159ij\u00edmat ml\u00e9ko a nerovnov\u00e1hu v\u00e1pn\u00edku<\/li>\n<\/ul>\n","protected":false},"featured_media":4242,"comment_status":"open","ping_status":"closed","template":"","meta":{"ngg_post_thumbnail":0,"jetpack_post_was_ever_published":false,"_joinchat":[],"jetpack_publicize_message":"","jetpack_publicize_feature_enabled":true,"jetpack_social_post_already_shared":true,"jetpack_social_options":{"image_generator_settings":{"template":"highway","enabled":false},"version":2}},"product_cat":[243],"product_tag":[],"class_list":{"0":"post-4241","1":"product","2":"type-product","3":"status-publish","4":"has-post-thumbnail","6":"product_cat-spessartin","8":"first","9":"instock","10":"shipping-taxable","11":"purchasable","12":"product-type-simple"},"jetpack_publicize_connections":[],"jetpack_likes_enabled":true,"jetpack-related-posts":[],"jetpack_sharing_enabled":true,"_links":{"self":[{"href":"https:\/\/kamenovo.cz\/index.php\/wp-json\/wp\/v2\/product\/4241","targetHints":{"allow":["GET"]}}],"collection":[{"href":"https:\/\/kamenovo.cz\/index.php\/wp-json\/wp\/v2\/product"}],"about":[{"href":"https:\/\/kamenovo.cz\/index.php\/wp-json\/wp\/v2\/types\/product"}],"replies":[{"embeddable":true,"href":"https:\/\/kamenovo.cz\/index.php\/wp-json\/wp\/v2\/comments?post=4241"}],"wp:featuredmedia":[{"embeddable":true,"href":"https:\/\/kamenovo.cz\/index.php\/wp-json\/wp\/v2\/media\/4242"}],"wp:attachment":[{"href":"https:\/\/kamenovo.cz\/index.php\/wp-json\/wp\/v2\/media?parent=4241"}],"wp:term":[{"taxonomy":"product_cat","embeddable":true,"href":"https:\/\/kamenovo.cz\/index.php\/wp-json\/wp\/v2\/product_cat?post=4241"},{"taxonomy":"product_tag","embeddable":true,"href":"https:\/\/kamenovo.cz\/index.php\/wp-json\/wp\/v2\/product_tag?post=4241"}],"curies":[{"name":"wp","href":"https:\/\/api.w.org\/{rel}","templated":true}]}}