{"id":3896,"date":"2019-11-12T16:59:16","date_gmt":"2019-11-12T16:59:16","guid":{"rendered":"https:\/\/kamenovo.cz\/?post_type=product&#038;p=3896"},"modified":"2019-12-02T18:49:29","modified_gmt":"2019-12-02T18:49:29","slug":"jantar-extra-4","status":"publish","type":"product","link":"https:\/\/kamenovo.cz\/index.php\/produkt\/jantar-extra-4\/","title":{"rendered":"Jantar extra"},"content":{"rendered":"<p><strong>Vlastnosti:<\/strong> P\u0159\u00edsn\u011b vzato jantar ve skute\u010dnosti nen\u00ed krystal. Jedn\u00e1 se o ztuhlou a zkamen\u011blou prysky\u0159ici strom\u016f. M\u00e1 siln\u00e9 spojen\u00ed se zem\u00ed a je vodi\u010dem vy\u0161\u0161\u00edch energi\u00ed. Jantar m\u00e1 silnou l\u00e9\u010divou a o\u010distnou moc, kter\u00e1 z t\u011bla vyh\u00e1n\u00ed nerovnov\u00e1hu a posiluje uzdraven\u00ed. Rovn\u011b\u017e o\u010di\u0161\u0165uje prost\u0159ed\u00ed a \u010dakry. Pohlcuje negativn\u00ed energie a prom\u011b\u0148uje je v pozitivn\u00ed s\u00edly, kter\u00e9 podn\u011bcuj\u00ed t\u011blo, aby se samo uzdravovalo. Coby mocn\u00fd ochr\u00e1nce zaji\u0161\u0165uje ustavi\u010dn\u00fd kontakt pozemsk\u00e9ho t\u011bla s vy\u0161\u0161\u00ed duchovn\u00ed realitou.<\/p>\n","protected":false},"excerpt":{"rendered":"<p>Vlastnosti kamene <a href=\"https:\/\/kamenovo.cz\/index.php\/2018\/06\/08\/jantar\/\"><strong>ZDE<\/strong><\/a><\/p>\n<ul>\n<li>protialergick\u00e9 reakce poko\u017eky a sliznic<\/li>\n<li>pomoc na d\u00fdchac\u00ed probl\u00e9my<\/li>\n<li>kyselina jantarov\u00e1 je blahod\u00e1rn\u00e1<\/li>\n<li>zem\u011b p\u016fvodu Polsko<\/li>\n<li>antialergick\u00fd kov, nereznouc\u00ed<\/li>\n<\/ul>\n","protected":false},"featured_media":3897,"comment_status":"open","ping_status":"closed","template":"","meta":{"ngg_post_thumbnail":0,"jetpack_post_was_ever_published":false,"_joinchat":[],"jetpack_publicize_message":"","jetpack_publicize_feature_enabled":true,"jetpack_social_post_already_shared":true,"jetpack_social_options":{"image_generator_settings":{"template":"highway","enabled":false},"version":2}},"product_cat":[56],"product_tag":[],"class_list":{"0":"post-3896","1":"product","2":"type-product","3":"status-publish","4":"has-post-thumbnail","6":"product_cat-jantar","8":"first","9":"instock","10":"shipping-taxable","11":"purchasable","12":"product-type-simple"},"jetpack_publicize_connections":[],"jetpack_likes_enabled":true,"jetpack-related-posts":[],"jetpack_sharing_enabled":true,"_links":{"self":[{"href":"https:\/\/kamenovo.cz\/index.php\/wp-json\/wp\/v2\/product\/3896","targetHints":{"allow":["GET"]}}],"collection":[{"href":"https:\/\/kamenovo.cz\/index.php\/wp-json\/wp\/v2\/product"}],"about":[{"href":"https:\/\/kamenovo.cz\/index.php\/wp-json\/wp\/v2\/types\/product"}],"replies":[{"embeddable":true,"href":"https:\/\/kamenovo.cz\/index.php\/wp-json\/wp\/v2\/comments?post=3896"}],"wp:featuredmedia":[{"embeddable":true,"href":"https:\/\/kamenovo.cz\/index.php\/wp-json\/wp\/v2\/media\/3897"}],"wp:attachment":[{"href":"https:\/\/kamenovo.cz\/index.php\/wp-json\/wp\/v2\/media?parent=3896"}],"wp:term":[{"taxonomy":"product_cat","embeddable":true,"href":"https:\/\/kamenovo.cz\/index.php\/wp-json\/wp\/v2\/product_cat?post=3896"},{"taxonomy":"product_tag","embeddable":true,"href":"https:\/\/kamenovo.cz\/index.php\/wp-json\/wp\/v2\/product_tag?post=3896"}],"curies":[{"name":"wp","href":"https:\/\/api.w.org\/{rel}","templated":true}]}}