{"id":3766,"date":"2019-11-07T14:42:28","date_gmt":"2019-11-07T14:42:28","guid":{"rendered":"https:\/\/kamenovo.cz\/?post_type=product&#038;p=3766"},"modified":"2019-12-02T23:16:36","modified_gmt":"2019-12-02T23:16:36","slug":"labradoritovy-naramek","status":"publish","type":"product","link":"https:\/\/kamenovo.cz\/index.php\/produkt\/labradoritovy-naramek\/","title":{"rendered":"Labradoritov\u00fd n\u00e1ramek"},"content":{"rendered":"<p><strong>Vlastnosti:<\/strong> Duhov\u00fd labradorit je vysoce mystick\u00fd a ochrann\u00fd k\u00e1men vn\u00e1\u0161ej\u00edc\u00ed sv\u011btlo do \u017eivota. Zvy\u0161uje duchovn\u00ed \u00farove\u0148 mysli a jej\u00ed spojen\u00ed s kosmick\u00fdmi energiemi. Labradorit odkl\u00e1n\u00ed ne\u017e\u00e1douc\u00ed energie od aury a br\u00e1n\u00ed \u00faniku energie. Vytv\u00e1\u0159\u00ed bari\u00e9ry proti v\u00fdron\u016fm negativn\u00ed energie b\u011bhem l\u00e9\u010dby. Jedn\u00e1 se o krystal, kter\u00fd v\u00e1s dok\u00e1\u017ee zav\u00e9st do jin\u00fdch sv\u011bt\u016f nebo \u017eivot\u016f. Labradorit je k\u00e1men ezoterick\u00e9ho v\u011bd\u011bn\u00ed umo\u017e\u0148uj\u00edc\u00ed zasv\u011bcen\u00ed do tajemn\u00fdch myst\u00e9ri\u00ed.<\/p>\n","protected":false},"excerpt":{"rendered":"<p>Vlastnosti kamene <a href=\"https:\/\/kamenovo.cz\/index.php\/2018\/07\/07\/labradorit\/\"><strong><span style=\"color: #ff0000;\">ZDE<\/span><\/strong><\/a><\/p>\n<ul>\n<li>k\u00e1men v\u011b\u0161tc\u016f<\/li>\n<li>duchovn\u00ed r\u016fst<\/li>\n<li>cenn\u00e1 modr\u00e1 barva<\/li>\n<li>n\u00e1dhern\u00fd \u0161perk s odlesky<\/li>\n<li>zkracuj\u00edc\u00ed-prodlu\u017euj\u00edc\u00ed \u0159et\u00edzek<\/li>\n<\/ul>\n","protected":false},"featured_media":3767,"comment_status":"open","ping_status":"closed","template":"","meta":{"ngg_post_thumbnail":0,"jetpack_post_was_ever_published":false,"_joinchat":[],"jetpack_publicize_message":"","jetpack_publicize_feature_enabled":true,"jetpack_social_post_already_shared":true,"jetpack_social_options":{"image_generator_settings":{"template":"highway","enabled":false},"version":2}},"product_cat":[229],"product_tag":[],"class_list":{"0":"post-3766","1":"product","2":"type-product","3":"status-publish","4":"has-post-thumbnail","6":"product_cat-naramky-ag-925-1000","8":"first","9":"instock","10":"shipping-taxable","11":"purchasable","12":"product-type-simple"},"jetpack_publicize_connections":[],"jetpack_likes_enabled":true,"jetpack-related-posts":[],"jetpack_sharing_enabled":true,"_links":{"self":[{"href":"https:\/\/kamenovo.cz\/index.php\/wp-json\/wp\/v2\/product\/3766","targetHints":{"allow":["GET"]}}],"collection":[{"href":"https:\/\/kamenovo.cz\/index.php\/wp-json\/wp\/v2\/product"}],"about":[{"href":"https:\/\/kamenovo.cz\/index.php\/wp-json\/wp\/v2\/types\/product"}],"replies":[{"embeddable":true,"href":"https:\/\/kamenovo.cz\/index.php\/wp-json\/wp\/v2\/comments?post=3766"}],"wp:featuredmedia":[{"embeddable":true,"href":"https:\/\/kamenovo.cz\/index.php\/wp-json\/wp\/v2\/media\/3767"}],"wp:attachment":[{"href":"https:\/\/kamenovo.cz\/index.php\/wp-json\/wp\/v2\/media?parent=3766"}],"wp:term":[{"taxonomy":"product_cat","embeddable":true,"href":"https:\/\/kamenovo.cz\/index.php\/wp-json\/wp\/v2\/product_cat?post=3766"},{"taxonomy":"product_tag","embeddable":true,"href":"https:\/\/kamenovo.cz\/index.php\/wp-json\/wp\/v2\/product_tag?post=3766"}],"curies":[{"name":"wp","href":"https:\/\/api.w.org\/{rel}","templated":true}]}}