{"id":3760,"date":"2019-11-07T14:20:59","date_gmt":"2019-11-07T14:20:59","guid":{"rendered":"https:\/\/kamenovo.cz\/?post_type=product&#038;p=3760"},"modified":"2019-12-03T11:44:10","modified_gmt":"2019-12-03T11:44:10","slug":"mesicni-kamen-naramek","status":"publish","type":"product","link":"https:\/\/kamenovo.cz\/index.php\/produkt\/mesicni-kamen-naramek\/","title":{"rendered":"M\u011bs\u00ed\u010dn\u00ed k\u00e1men n\u00e1ramek"},"content":{"rendered":"<p><strong>Vlastnosti:<\/strong> M\u011bs\u00ed\u010dn\u00ed k\u00e1men je kamenem nov\u00fdch po\u010d\u00e1tk\u016f. Jak napov\u00edd\u00e1 jeho jm\u00e9no, je siln\u011b spjat s M\u011bs\u00edcem a s intuic\u00ed. Podobn\u011b jako M\u011bs\u00edc je i k\u00e1men spojen s p\u0159em\u00edt\u00e1n\u00edm a vzpom\u00edn\u00e1n\u00edm, nebo\u0165 i M\u011bs\u00edc neust\u00e1le dor\u016fst\u00e1 a ub\u00fdv\u00e1, \u010d\u00edm\u017e p\u0159ipom\u00edn\u00e1, \u017ee v\u0161e je sou\u010d\u00e1st\u00ed cyklu zm\u011bn. Nejsiln\u011bji tento k\u00e1men p\u016fsob\u00ed na uti\u0161en\u00ed rozbou\u0159en\u00fdch cit\u016f.<\/p>\n","protected":false},"excerpt":{"rendered":"<p>Vlastnosti kamene <a href=\"https:\/\/kamenovo.cz\/index.php\/2018\/07\/08\/mesicni-kamen\/\"><span style=\"color: #ff0000;\"><strong>ZDE<\/strong><\/span><\/a><\/p>\n<ul>\n<li>uvol\u0148uje podv\u011bdom\u00ed<\/li>\n<li>Vyvol\u00e1v\u00e1 srozumiteln\u00e9 \u017eiv\u00e9 sny<\/li>\n<li>uklidu\u0148uje emoce<\/li>\n<li>zkracuj\u00edc\u00ed-prodlu\u017euj\u00edc\u00ed \u0159et\u00edzek<\/li>\n<\/ul>\n","protected":false},"featured_media":3761,"comment_status":"open","ping_status":"closed","template":"","meta":{"ngg_post_thumbnail":0,"jetpack_post_was_ever_published":false,"_joinchat":[],"jetpack_publicize_message":"","jetpack_publicize_feature_enabled":true,"jetpack_social_post_already_shared":true,"jetpack_social_options":{"image_generator_settings":{"template":"highway","enabled":false},"version":2}},"product_cat":[229],"product_tag":[],"class_list":{"0":"post-3760","1":"product","2":"type-product","3":"status-publish","4":"has-post-thumbnail","6":"product_cat-naramky-ag-925-1000","8":"first","9":"instock","10":"shipping-taxable","11":"purchasable","12":"product-type-simple"},"jetpack_publicize_connections":[],"jetpack_likes_enabled":true,"jetpack-related-posts":[],"jetpack_sharing_enabled":true,"_links":{"self":[{"href":"https:\/\/kamenovo.cz\/index.php\/wp-json\/wp\/v2\/product\/3760","targetHints":{"allow":["GET"]}}],"collection":[{"href":"https:\/\/kamenovo.cz\/index.php\/wp-json\/wp\/v2\/product"}],"about":[{"href":"https:\/\/kamenovo.cz\/index.php\/wp-json\/wp\/v2\/types\/product"}],"replies":[{"embeddable":true,"href":"https:\/\/kamenovo.cz\/index.php\/wp-json\/wp\/v2\/comments?post=3760"}],"wp:featuredmedia":[{"embeddable":true,"href":"https:\/\/kamenovo.cz\/index.php\/wp-json\/wp\/v2\/media\/3761"}],"wp:attachment":[{"href":"https:\/\/kamenovo.cz\/index.php\/wp-json\/wp\/v2\/media?parent=3760"}],"wp:term":[{"taxonomy":"product_cat","embeddable":true,"href":"https:\/\/kamenovo.cz\/index.php\/wp-json\/wp\/v2\/product_cat?post=3760"},{"taxonomy":"product_tag","embeddable":true,"href":"https:\/\/kamenovo.cz\/index.php\/wp-json\/wp\/v2\/product_tag?post=3760"}],"curies":[{"name":"wp","href":"https:\/\/api.w.org\/{rel}","templated":true}]}}