{"id":3703,"date":"2019-11-06T15:59:38","date_gmt":"2019-11-06T15:59:38","guid":{"rendered":"https:\/\/kamenovo.cz\/?post_type=product&#038;p=3703"},"modified":"2022-06-28T09:34:47","modified_gmt":"2022-06-28T09:34:47","slug":"larimar-extra-8","status":"publish","type":"product","link":"https:\/\/kamenovo.cz\/index.php\/produkt\/larimar-extra-8\/","title":{"rendered":"Larimar extra"},"content":{"rendered":"<p>adpozemsk\u00fd larimar, ned\u00e1vno objeven\u00fd, je jedn\u00edm z duchovn\u00edch kamen\u016f otev\u00edraj\u00edc\u00edch vstup do nov\u00fdch dimenz\u00ed a podn\u011bcuj\u00edc\u00edch evoluci Zem\u011b. Vyza\u0159uje l\u00e1sku a p\u0159in\u00e1\u0161\u00ed klid a vyrovnanost. Larimar umo\u017e\u0148uje snadn\u00e9 pohrou\u017een\u00ed do stavu hlubok\u00e9 meditace. P\u0159irozenou cestou zvy\u0161uje \u00farove\u0148 uv\u011bdom\u011bn\u00ed a uv\u00e1d\u00ed t\u011blo i du\u0161i do harmonie s nov\u00fdmi vibracemi. Na duchovn\u00ed \u00farovni dod\u00e1v\u00e1 s\u00edly a odstra\u0148uje fale\u0161n\u00e9 hranice omezuj\u00edc\u00ed duchovn\u00ed j\u00e1. Funguje jako pr\u016fvodce du\u0161e po prav\u00e9 cest\u011b \u017eivotem. <strong>Larimar umo\u017e\u0148uje spojen\u00ed se sv\u011btem and\u011bl\u016f<\/strong>, stejn\u011b jako nav\u00e1z\u00e1n\u00ed kontaktu s dal\u0161\u00edmi sv\u011bty. Jedn\u00e1 se o vynikaj\u00edc\u00ed k\u00e1men pro v\u0161echny, kdo hledaj\u00ed sp\u0159\u00edzn\u011bnou du\u0161i. Dok\u00e1\u017ee rovn\u011b\u017e vyl\u00e9\u010dit \u0161r\u00e1my poch\u00e1zej\u00edc\u00ed ze vztah\u016f v minul\u00fdch \u017eivotech a star\u00e1 srde\u010dn\u00ed traumata.<\/p>\n","protected":false},"excerpt":{"rendered":"<p>Vlastnosti kamene <a href=\"https:\/\/kamenovo.cz\/index.php\/2018\/01\/29\/larimar\/\"><strong>ZDE<\/strong><\/a><\/p>\n<ul>\n<li>samol\u00e9\u010d\u00edc\u00ed schopnost organismu<\/li>\n<li>oprava chybn\u00fdch vzorc\u016f DNA<\/li>\n<li>k\u00e1men delf\u00ednu a Atlantidy<\/li>\n<li>ka\u017ed\u00fd larimar jde prosv\u00edtit, z\u00e1ruka kvality a \u010distoty kamene<\/li>\n<li>p\u0159ekr\u00e1sn\u011b kresby<\/li>\n<li>zem\u011b p\u016fvodu Dominik\u00e1nsk\u00e1 republika<\/li>\n<\/ul>\n","protected":false},"featured_media":3704,"comment_status":"open","ping_status":"closed","template":"","meta":{"ngg_post_thumbnail":0,"jetpack_post_was_ever_published":false,"_joinchat":[],"jetpack_publicize_message":"","jetpack_publicize_feature_enabled":true,"jetpack_social_post_already_shared":true,"jetpack_social_options":{"image_generator_settings":{"template":"highway","enabled":false},"version":2}},"product_cat":[96],"product_tag":[],"class_list":{"0":"post-3703","1":"product","2":"type-product","3":"status-publish","4":"has-post-thumbnail","6":"product_cat-larimar-privesky-ag","8":"first","9":"outofstock","10":"shipping-taxable","11":"purchasable","12":"product-type-simple"},"jetpack_publicize_connections":[],"jetpack_likes_enabled":true,"jetpack-related-posts":[],"jetpack_sharing_enabled":true,"_links":{"self":[{"href":"https:\/\/kamenovo.cz\/index.php\/wp-json\/wp\/v2\/product\/3703","targetHints":{"allow":["GET"]}}],"collection":[{"href":"https:\/\/kamenovo.cz\/index.php\/wp-json\/wp\/v2\/product"}],"about":[{"href":"https:\/\/kamenovo.cz\/index.php\/wp-json\/wp\/v2\/types\/product"}],"replies":[{"embeddable":true,"href":"https:\/\/kamenovo.cz\/index.php\/wp-json\/wp\/v2\/comments?post=3703"}],"wp:featuredmedia":[{"embeddable":true,"href":"https:\/\/kamenovo.cz\/index.php\/wp-json\/wp\/v2\/media\/3704"}],"wp:attachment":[{"href":"https:\/\/kamenovo.cz\/index.php\/wp-json\/wp\/v2\/media?parent=3703"}],"wp:term":[{"taxonomy":"product_cat","embeddable":true,"href":"https:\/\/kamenovo.cz\/index.php\/wp-json\/wp\/v2\/product_cat?post=3703"},{"taxonomy":"product_tag","embeddable":true,"href":"https:\/\/kamenovo.cz\/index.php\/wp-json\/wp\/v2\/product_tag?post=3703"}],"curies":[{"name":"wp","href":"https:\/\/api.w.org\/{rel}","templated":true}]}}