{"id":3627,"date":"2019-11-05T21:17:01","date_gmt":"2019-11-05T21:17:01","guid":{"rendered":"https:\/\/kamenovo.cz\/?post_type=product&#038;p=3627"},"modified":"2019-12-02T22:48:33","modified_gmt":"2019-12-02T22:48:33","slug":"granat","status":"publish","type":"product","link":"https:\/\/kamenovo.cz\/index.php\/produkt\/granat\/","title":{"rendered":"Gran\u00e1t"},"content":{"rendered":"<p><strong>Vlastnosti:<\/strong> Gran\u00e1t je kamenem se silnou schopnost\u00ed dod\u00e1vat energii. P\u0159isp\u00edv\u00e1 k nabr\u00e1n\u00ed nov\u00fdch sil a k jejich obnov\u011b. <strong>Pro\u010di\u0161\u0165uje \u010dakry <\/strong>a dod\u00e1v\u00e1 jim novou energii, kterou o\u017eivuje, \u010dist\u00ed a udr\u017euje v rovnov\u00e1ze. P\u0159in\u00e1\u0161\u00ed podle pot\u0159eby klid nebo touhu. Tvrd\u00ed se, \u017ee gran\u00e1t dok\u00e1\u017ee varovat p\u0159ed bl\u00ed\u017e\u00edc\u00edm se nebezpe\u010d\u00edm, a ji\u017e odprad\u00e1vna se u\u017e\u00edv\u00e1 jako amulet. Gran\u00e1t je jedn\u00edm z nejroz\u0161\u00ed\u0159en\u011bj\u0161\u00edch kamen\u016f. Vyskytuje se v n\u011bkolika podob\u00e1ch, kter\u00e9 se li\u0161\u00ed podle toho, jak\u00fdmi miner\u00e1ly jsou tvo\u0159eny. Ka\u017ed\u00e1 forma m\u00e1 trochu odli\u0161n\u00e9 dodate\u010dn\u00e9 vlastnosti, kter\u00e9 roz\u0161i\u0159uj\u00ed spole\u010dnou druhovou povahu.<\/p>\n<p>Gran\u00e1t povzbuzuje l\u00e1sku a oddanost. Udr\u017euje v rovnov\u00e1ze sexu\u00e1ln\u00ed touhu a dok\u00e1\u017ee napravit citovou disharmonii. Zejm\u00e9na \u010derven\u00fd gran\u00e1t podn\u011bcuje a kontroluje n\u00e1r\u016fst energie kundalini p\u0159i\u010dem\u017e sou\u010dasn\u011b zvy\u0161uje i sexu\u00e1ln\u00ed potenci. Jedn\u00e1 se o k\u00e1men podporuj\u00edc\u00ed pevn\u00e9 vztahy a z\u00e1jem o druh\u00e9ho.<\/p>\n","protected":false},"excerpt":{"rendered":"<p>Vlastnosti kamene <a href=\"https:\/\/kamenovo.cz\/index.php\/2019\/11\/05\/granat\/\"><span style=\"color: #ff0000;\"><strong>ZDE<\/strong><\/span><\/a><\/p>\n<ul>\n<li>Dod\u00e1v\u00e1 energii<\/li>\n<li>Pova\u017eov\u00e1n za \u0161amansk\u00fd k\u00e1men<\/li>\n<li>Kdy\u017e jde v\u0161e z kopce&#8230;podpo\u0159\u00ed<\/li>\n<\/ul>\n","protected":false},"featured_media":3632,"comment_status":"open","ping_status":"closed","template":"","meta":{"ngg_post_thumbnail":0,"jetpack_post_was_ever_published":false,"_joinchat":[],"jetpack_publicize_message":"","jetpack_publicize_feature_enabled":true,"jetpack_social_post_already_shared":true,"jetpack_social_options":{"image_generator_settings":{"template":"highway","enabled":false},"version":2}},"product_cat":[224],"product_tag":[223],"class_list":{"0":"post-3627","1":"product","2":"type-product","3":"status-publish","4":"has-post-thumbnail","6":"product_cat-granat","7":"product_tag-granat","9":"first","10":"instock","11":"shipping-taxable","12":"purchasable","13":"product-type-simple"},"jetpack_publicize_connections":[],"jetpack_likes_enabled":true,"jetpack-related-posts":[],"jetpack_sharing_enabled":true,"_links":{"self":[{"href":"https:\/\/kamenovo.cz\/index.php\/wp-json\/wp\/v2\/product\/3627","targetHints":{"allow":["GET"]}}],"collection":[{"href":"https:\/\/kamenovo.cz\/index.php\/wp-json\/wp\/v2\/product"}],"about":[{"href":"https:\/\/kamenovo.cz\/index.php\/wp-json\/wp\/v2\/types\/product"}],"replies":[{"embeddable":true,"href":"https:\/\/kamenovo.cz\/index.php\/wp-json\/wp\/v2\/comments?post=3627"}],"wp:featuredmedia":[{"embeddable":true,"href":"https:\/\/kamenovo.cz\/index.php\/wp-json\/wp\/v2\/media\/3632"}],"wp:attachment":[{"href":"https:\/\/kamenovo.cz\/index.php\/wp-json\/wp\/v2\/media?parent=3627"}],"wp:term":[{"taxonomy":"product_cat","embeddable":true,"href":"https:\/\/kamenovo.cz\/index.php\/wp-json\/wp\/v2\/product_cat?post=3627"},{"taxonomy":"product_tag","embeddable":true,"href":"https:\/\/kamenovo.cz\/index.php\/wp-json\/wp\/v2\/product_tag?post=3627"}],"curies":[{"name":"wp","href":"https:\/\/api.w.org\/{rel}","templated":true}]}}