{"id":3611,"date":"2019-11-05T19:34:54","date_gmt":"2019-11-05T19:34:54","guid":{"rendered":"https:\/\/kamenovo.cz\/?post_type=product&#038;p=3611"},"modified":"2020-01-22T17:11:40","modified_gmt":"2020-01-22T17:11:40","slug":"citrin-pravy-generator-2","status":"publish","type":"product","link":"https:\/\/kamenovo.cz\/index.php\/produkt\/citrin-pravy-generator-2\/","title":{"rendered":"Citr\u00edn prav\u00fd &#8211; gener\u00e1tor"},"content":{"rendered":"<p>Citr\u00edn funguje jako \u00fa\u010dinn\u00fd \u010disti\u010d a regener\u00e1tor. Jako k\u00e1men, jen\u017e v sob\u011b uchov\u00e1v\u00e1 slune\u010dn\u00ed energii, p\u0159edstavuje mimo\u0159\u00e1dn\u011b blahod\u00e1rn\u011b p\u016fsob\u00edc\u00ed krystal. Sv\u00e9mu majiteli p\u0159ed\u00e1v\u00e1 teplo, energii a velice zvy\u0161uje jeho tv\u016fr\u010d\u00ed schopnosti. Jedn\u00e1 se o jeden z krystal\u016f, kter\u00e9 nikdy nepot\u0159ebuj\u00ed \u010di\u0161t\u011bn\u00ed. Pohlcuje, prom\u011b\u0148uje, rozptyluje a uzem\u0148uje negativn\u00ed energii, d\u00edky \u010demu\u017e m\u00e1 mimo\u0159\u00e1dn\u00fd ochrann\u00fd \u00fa\u010dinek na \u017eivotn\u00ed prost\u0159ed\u00ed, ve kter\u00e9m se jeho majitel pohybuje. Citr\u00edn p\u0159in\u00e1\u0161\u00ed energii do v\u0161ech \u00farovn\u00ed \u017eivota. Jako\u017eto <strong>ochr\u00e1nce aury<\/strong> funguje jako syst\u00e9m v\u010dasn\u00e9ho varov\u00e1n\u00ed, \u010d\u00edm\u017e poskytuje sv\u00e9mu nositeli v\u017edy dostatek \u010dasu k akci na vlastn\u00ed obranu. Dok\u00e1\u017ee rovn\u011b\u017e \u010distit \u010dakry \u2013 zejm\u00e9na <strong>\u010dakru solar plexu<\/strong> a pupe\u010dn\u00ed. Aktivuje k \u010dinnosti <strong>korunn\u00ed \u010dakru<\/strong> a zesiluje intuici. Citr\u00edn tak\u00e9 pro\u010di\u0161\u0165uje vy\u0161\u0161\u00ed \u00farovn\u011b osobnosti a uv\u00e1d\u00ed je do rovnov\u00e1hy s ni\u017e\u0161\u00edm fyzick\u00fdm t\u011blem.<\/p>\n","protected":false},"excerpt":{"rendered":"<p>Vlatnosti kamene <a href=\"https:\/\/kamenovo.cz\/index.php\/2018\/07\/08\/citrin\/\"><strong>ZDE<\/strong><\/a><\/p>\n<ul>\n<li>V galerii, ten vpravo<\/li>\n<li>puvod Kongo<\/li>\n<li>centr\u00e1ln\u00ed nervovy sytem<\/li>\n<li>strach ze zkousky pro studenty<\/li>\n<li>na u\u010den\u00ed<\/li>\n<li>dod\u00e1n\u00ed energie<\/li>\n<li>energeticky siln\u00fd<\/li>\n<\/ul>\n","protected":false},"featured_media":3612,"comment_status":"open","ping_status":"closed","template":"","meta":{"ngg_post_thumbnail":0,"jetpack_post_was_ever_published":false,"_joinchat":[],"jetpack_publicize_message":"","jetpack_publicize_feature_enabled":true,"jetpack_social_post_already_shared":true,"jetpack_social_options":{"image_generator_settings":{"template":"highway","enabled":false},"version":2}},"product_cat":[116],"product_tag":[],"class_list":{"0":"post-3611","1":"product","2":"type-product","3":"status-publish","4":"has-post-thumbnail","6":"product_cat-generatory","8":"first","9":"instock","10":"shipping-taxable","11":"purchasable","12":"product-type-simple"},"jetpack_publicize_connections":[],"jetpack_likes_enabled":true,"jetpack-related-posts":[],"jetpack_sharing_enabled":true,"_links":{"self":[{"href":"https:\/\/kamenovo.cz\/index.php\/wp-json\/wp\/v2\/product\/3611","targetHints":{"allow":["GET"]}}],"collection":[{"href":"https:\/\/kamenovo.cz\/index.php\/wp-json\/wp\/v2\/product"}],"about":[{"href":"https:\/\/kamenovo.cz\/index.php\/wp-json\/wp\/v2\/types\/product"}],"replies":[{"embeddable":true,"href":"https:\/\/kamenovo.cz\/index.php\/wp-json\/wp\/v2\/comments?post=3611"}],"wp:featuredmedia":[{"embeddable":true,"href":"https:\/\/kamenovo.cz\/index.php\/wp-json\/wp\/v2\/media\/3612"}],"wp:attachment":[{"href":"https:\/\/kamenovo.cz\/index.php\/wp-json\/wp\/v2\/media?parent=3611"}],"wp:term":[{"taxonomy":"product_cat","embeddable":true,"href":"https:\/\/kamenovo.cz\/index.php\/wp-json\/wp\/v2\/product_cat?post=3611"},{"taxonomy":"product_tag","embeddable":true,"href":"https:\/\/kamenovo.cz\/index.php\/wp-json\/wp\/v2\/product_tag?post=3611"}],"curies":[{"name":"wp","href":"https:\/\/api.w.org\/{rel}","templated":true}]}}