{"id":2849,"date":"2019-06-12T18:30:34","date_gmt":"2019-06-12T18:30:34","guid":{"rendered":"https:\/\/kamenovo.cz\/?post_type=product&#038;p=2849"},"modified":"2019-06-12T18:30:35","modified_gmt":"2019-06-12T18:30:35","slug":"nahrdelnik-hematit","status":"publish","type":"product","link":"https:\/\/kamenovo.cz\/index.php\/produkt\/nahrdelnik-hematit\/","title":{"rendered":"N\u00e1hrdeln\u00edk hematit"},"content":{"rendered":"<p><strong>Vlastnosti: <\/strong>Hematit je zvl\u00e1\u0161t\u011b \u00fa\u010dinn\u00fd p\u0159i uzemn\u011bn\u00ed a jako ochrann\u00fd k\u00e1men. Uv\u00e1d\u00ed do rovnov\u00e1hy t\u011blo, mysl i ducha. Pokud se pou\u017eije b\u011bhem cest mimo t\u011blo, chr\u00e1n\u00ed du\u0161i a vede ji zp\u00e1tky do hmotn\u00e9ho t\u011bla. Tento kamen v sob\u011b nese siln\u00fd element jang a zaji\u0161\u0165uje rovnov\u00e1hu meridi\u00e1n\u016f, \u010d\u00edm\u017e\u00b4napravuje nevyv\u00e1\u017eenost prvku jin. Odstra\u0148uje v\u0161e nep\u0159\u00edzniv\u00e9 a bran\u00ed negativn\u00edm energi\u00edm vstupovat do aury, \u010d\u00edm\u017e v t\u011ble nastoluje klid, m\u00edr a harmonii. 0 hematitu se p\u00ed\u0161e, \u017ee p\u016fsob\u00ed zvl\u00e1\u0161\u0165 blahod\u00e1rn\u011b v situac\u00edch spojen\u00fdch s pr\u00e1vem a z\u00e1kony.<\/p>\n","protected":false},"excerpt":{"rendered":"<p>Vlastnosti kamene <a href=\"https:\/\/kamenovo.cz\/index.php\/2019\/06\/12\/2841\/\"><strong>ZDE<\/strong><\/a><\/p>\n<ul>\n<li>Problemy s krv\u00ed<\/li>\n<li>Uzemnuje<\/li>\n<\/ul>\n","protected":false},"featured_media":2822,"comment_status":"open","ping_status":"closed","template":"","meta":{"ngg_post_thumbnail":0,"jetpack_post_was_ever_published":false,"_joinchat":[],"jetpack_publicize_message":"","jetpack_publicize_feature_enabled":true,"jetpack_social_post_already_shared":true,"jetpack_social_options":{"image_generator_settings":{"template":"highway","enabled":false},"version":2}},"product_cat":[42],"product_tag":[],"class_list":{"0":"post-2849","1":"product","2":"type-product","3":"status-publish","4":"has-post-thumbnail","6":"product_cat-nahrdelniky","8":"first","9":"instock","10":"shipping-taxable","11":"purchasable","12":"product-type-simple"},"jetpack_publicize_connections":[],"jetpack_likes_enabled":true,"jetpack-related-posts":[],"jetpack_sharing_enabled":true,"_links":{"self":[{"href":"https:\/\/kamenovo.cz\/index.php\/wp-json\/wp\/v2\/product\/2849","targetHints":{"allow":["GET"]}}],"collection":[{"href":"https:\/\/kamenovo.cz\/index.php\/wp-json\/wp\/v2\/product"}],"about":[{"href":"https:\/\/kamenovo.cz\/index.php\/wp-json\/wp\/v2\/types\/product"}],"replies":[{"embeddable":true,"href":"https:\/\/kamenovo.cz\/index.php\/wp-json\/wp\/v2\/comments?post=2849"}],"wp:featuredmedia":[{"embeddable":true,"href":"https:\/\/kamenovo.cz\/index.php\/wp-json\/wp\/v2\/media\/2822"}],"wp:attachment":[{"href":"https:\/\/kamenovo.cz\/index.php\/wp-json\/wp\/v2\/media?parent=2849"}],"wp:term":[{"taxonomy":"product_cat","embeddable":true,"href":"https:\/\/kamenovo.cz\/index.php\/wp-json\/wp\/v2\/product_cat?post=2849"},{"taxonomy":"product_tag","embeddable":true,"href":"https:\/\/kamenovo.cz\/index.php\/wp-json\/wp\/v2\/product_tag?post=2849"}],"curies":[{"name":"wp","href":"https:\/\/api.w.org\/{rel}","templated":true}]}}