{"id":2837,"date":"2019-06-12T13:17:28","date_gmt":"2019-06-12T13:17:28","guid":{"rendered":"https:\/\/kamenovo.cz\/?post_type=product&#038;p=2837"},"modified":"2020-05-25T11:34:18","modified_gmt":"2020-05-25T11:34:18","slug":"vonne-tycinky-levander","status":"publish","type":"product","link":"https:\/\/kamenovo.cz\/index.php\/produkt\/vonne-tycinky-levander\/","title":{"rendered":"Vonn\u00e9 ty\u010dinky LEVANDER"},"content":{"rendered":"","protected":false},"excerpt":{"rendered":"<ul>\n<li>Dokonale provon\u00ed v\u00e1\u0161 domov jemnou v\u016fn\u00ed bylin, d\u0159ev a prysky\u0159ic<\/li>\n<li>Vonn\u00e9 ty\u010dinky p\u016fsob\u00ed proti stresu a navozuj\u00ed p\u0159\u00edjemn\u00fd pocit uklidn\u011bn\u00ed. Lid\u00e9 si u\u017e\u00edvaj\u00ed jejich v\u016fn\u011b ji\u017e po tis\u00edce let a jsou vyr\u00e1b\u011bny z \u010dist\u011b p\u0159\u00edrodn\u00edch surovin. P\u0159i jejich ho\u0159en\u00ed se m\u016f\u017eete setkat s velmi \u0161irok\u00fdm spektrem v\u016fn\u00ed, od p\u0159\u00edrodn\u00edho santalu, p\u0159es kv\u011btinov\u00e9, ovocn\u00e9, konopn\u00e9, d\u0159evit\u00e9 v\u016fn\u011b, a\u017e po ko\u0159en\u011bn\u00e9 &nbsp;t\u00f3ny.<\/li>\n<\/ul>\n","protected":false},"featured_media":2820,"comment_status":"open","ping_status":"closed","template":"","meta":{"ngg_post_thumbnail":0,"jetpack_post_was_ever_published":false,"_joinchat":[],"jetpack_publicize_message":"","jetpack_publicize_feature_enabled":true,"jetpack_social_post_already_shared":true,"jetpack_social_options":{"image_generator_settings":{"template":"highway","enabled":false},"version":2}},"product_cat":[141],"product_tag":[],"class_list":{"0":"post-2837","1":"product","2":"type-product","3":"status-publish","4":"has-post-thumbnail","6":"product_cat-vonne-tycinky","8":"first","9":"instock","10":"shipping-taxable","11":"purchasable","12":"product-type-simple"},"jetpack_publicize_connections":[],"jetpack_likes_enabled":true,"jetpack-related-posts":[],"jetpack_sharing_enabled":true,"_links":{"self":[{"href":"https:\/\/kamenovo.cz\/index.php\/wp-json\/wp\/v2\/product\/2837","targetHints":{"allow":["GET"]}}],"collection":[{"href":"https:\/\/kamenovo.cz\/index.php\/wp-json\/wp\/v2\/product"}],"about":[{"href":"https:\/\/kamenovo.cz\/index.php\/wp-json\/wp\/v2\/types\/product"}],"replies":[{"embeddable":true,"href":"https:\/\/kamenovo.cz\/index.php\/wp-json\/wp\/v2\/comments?post=2837"}],"wp:featuredmedia":[{"embeddable":true,"href":"https:\/\/kamenovo.cz\/index.php\/wp-json\/wp\/v2\/media\/2820"}],"wp:attachment":[{"href":"https:\/\/kamenovo.cz\/index.php\/wp-json\/wp\/v2\/media?parent=2837"}],"wp:term":[{"taxonomy":"product_cat","embeddable":true,"href":"https:\/\/kamenovo.cz\/index.php\/wp-json\/wp\/v2\/product_cat?post=2837"},{"taxonomy":"product_tag","embeddable":true,"href":"https:\/\/kamenovo.cz\/index.php\/wp-json\/wp\/v2\/product_tag?post=2837"}],"curies":[{"name":"wp","href":"https:\/\/api.w.org\/{rel}","templated":true}]}}