{"id":2836,"date":"2019-06-12T13:10:37","date_gmt":"2019-06-12T13:10:37","guid":{"rendered":"https:\/\/kamenovo.cz\/?post_type=product&#038;p=2836"},"modified":"2020-06-13T10:24:54","modified_gmt":"2020-06-13T10:24:54","slug":"vonne-tycivky-sandalwood","status":"publish","type":"product","link":"https:\/\/kamenovo.cz\/index.php\/produkt\/vonne-tycivky-sandalwood\/","title":{"rendered":"Vonn\u00e9 ty\u010dinky SANDALWOOD"},"content":{"rendered":"","protected":false},"excerpt":{"rendered":"<ul>\n<li>V\u00fdborn\u00e9 Indick\u00e9 ty\u010dinky s v\u016fn\u00ed santalov\u00e9ho d\u0159eva<\/li>\n<li>pom\u00e1haj\u00ed se uuvolnit a relaxovat po n\u00e1ro\u010dn\u00e9m dni<\/li>\n<li>v Feng Shui se pou\u017e\u00edvaj\u00ed o\u010distuj\u00ed a harmonizuj\u00ed prostor<\/li>\n<li>Indie<\/li>\n<\/ul>\n<p>&nbsp;<\/p>\n","protected":false},"featured_media":2818,"comment_status":"open","ping_status":"closed","template":"","meta":{"ngg_post_thumbnail":0,"jetpack_post_was_ever_published":false,"_joinchat":[],"jetpack_publicize_message":"","jetpack_publicize_feature_enabled":true,"jetpack_social_post_already_shared":true,"jetpack_social_options":{"image_generator_settings":{"template":"highway","enabled":false},"version":2}},"product_cat":[141],"product_tag":[],"class_list":{"0":"post-2836","1":"product","2":"type-product","3":"status-publish","4":"has-post-thumbnail","6":"product_cat-vonne-tycinky","8":"first","9":"instock","10":"shipping-taxable","11":"purchasable","12":"product-type-simple"},"jetpack_publicize_connections":[],"jetpack_likes_enabled":true,"jetpack-related-posts":[],"jetpack_sharing_enabled":true,"_links":{"self":[{"href":"https:\/\/kamenovo.cz\/index.php\/wp-json\/wp\/v2\/product\/2836","targetHints":{"allow":["GET"]}}],"collection":[{"href":"https:\/\/kamenovo.cz\/index.php\/wp-json\/wp\/v2\/product"}],"about":[{"href":"https:\/\/kamenovo.cz\/index.php\/wp-json\/wp\/v2\/types\/product"}],"replies":[{"embeddable":true,"href":"https:\/\/kamenovo.cz\/index.php\/wp-json\/wp\/v2\/comments?post=2836"}],"wp:featuredmedia":[{"embeddable":true,"href":"https:\/\/kamenovo.cz\/index.php\/wp-json\/wp\/v2\/media\/2818"}],"wp:attachment":[{"href":"https:\/\/kamenovo.cz\/index.php\/wp-json\/wp\/v2\/media?parent=2836"}],"wp:term":[{"taxonomy":"product_cat","embeddable":true,"href":"https:\/\/kamenovo.cz\/index.php\/wp-json\/wp\/v2\/product_cat?post=2836"},{"taxonomy":"product_tag","embeddable":true,"href":"https:\/\/kamenovo.cz\/index.php\/wp-json\/wp\/v2\/product_tag?post=2836"}],"curies":[{"name":"wp","href":"https:\/\/api.w.org\/{rel}","templated":true}]}}