{"id":2779,"date":"2019-05-27T11:42:00","date_gmt":"2019-05-27T11:42:00","guid":{"rendered":"https:\/\/kamenovo.cz\/?post_type=product&#038;p=2779"},"modified":"2019-05-27T11:42:00","modified_gmt":"2019-05-27T11:42:00","slug":"turmalin-kulickovy-extra","status":"publish","type":"product","link":"https:\/\/kamenovo.cz\/index.php\/produkt\/turmalin-kulickovy-extra\/","title":{"rendered":"Turmal\u00edn kuli\u010dkov\u00fd EXTRA"},"content":{"rendered":"<p><strong>Vlastnosti: <\/strong>Turmal\u00edn pro\u010di\u0161\u0165uje a transformuje p\u0159\u00edli\u0161 t\u011b\u017ekou energii do podoby lehk\u00fdch vibrac\u00ed. Uzem\u0148uje duchovn\u00ed energii, <strong>\u010dist\u00ed a vyrovn\u00e1v\u00e1 v\u0161echny \u010dakry<\/strong> a vytv\u00e1\u0159\u00ed ochrann\u00fd \u0161t\u00edt kolem t\u011bla.<\/p>\n<p>Je to \u0161amansk\u00fd k\u00e1men, kter\u00fd zaji\u0161\u0165uje ochranu b\u011bhem ob\u0159ad\u016f. Lze jej pou\u017e\u00edt p\u0159i v\u011b\u0161t\u011bn\u00ed z koule. Tradi\u010dn\u011b se u\u017e\u00edval p\u0159i odhalov\u00e1n\u00ed vin\u00edka nebo v t\u011b\u017ek\u00fdch dob\u00e1ch, aby nazna\u010dil sm\u011br, j\u00edm\u017e se nad\u00e1le ub\u00edrat.<\/p>\n<p><strong><img loading=\"lazy\" decoding=\"async\" class=\"\" src=\"https:\/\/i1.wp.com\/www.nakridlechandelu.cz\/userfiles\/image\/tumal%C3%ADn%20modr%C3%BD.jpg?zoom=1.100000023841858&amp;w=980&amp;ssl=1\" alt=\"\" width=\"81\" height=\"118\"><\/strong><\/p>\n<p><strong>Modr\u00fd turmal\u00edn \/indicolit\/<\/strong> <strong>aktivuje kr\u010dn\u00ed \u010dakru spole\u010dn\u011b s \u010dakrou t\u0159et\u00edho oka<\/strong>.<\/p>\n<p><strong><img loading=\"lazy\" decoding=\"async\" class=\"alignnone\" src=\"https:\/\/i2.wp.com\/www.heilsteinwelt.de\/edelsteine-mineralien-trommelsteine-infos\/fotos\/turmalin\/turmalin-dravit-anhaenger.jpg?zoom=1.100000023841858&amp;w=980\" alt=\"\" width=\"137\" height=\"103\"><\/strong><\/p>\n<p><strong>Hn\u011bd\u00fd turmal\u00edn \/dr\u00e1vidsk\u00fd\/<\/strong> je vynikaj\u00edc\u00ed uzem\u0148ovac\u00ed k\u00e1men. <strong>\u010cist\u00ed a otev\u00edr\u00e1 zemn\u00ed \u010dakru<\/strong><\/p>\n<p><img loading=\"lazy\" decoding=\"async\" data-attachment-id=\"2780\" data-permalink=\"https:\/\/kamenovo.cz\/?attachment_id=2780\" data-orig-file=\"https:\/\/kamenovo.cz\/wp-content\/uploads\/2019\/05\/turmalin-gruen-verdelith.jpg\" data-orig-size=\"250,188\" data-comments-opened=\"1\" data-image-meta=\"{&quot;aperture&quot;:&quot;0&quot;,&quot;credit&quot;:&quot;&quot;,&quot;camera&quot;:&quot;&quot;,&quot;caption&quot;:&quot;&quot;,&quot;created_timestamp&quot;:&quot;0&quot;,&quot;copyright&quot;:&quot;&quot;,&quot;focal_length&quot;:&quot;0&quot;,&quot;iso&quot;:&quot;0&quot;,&quot;shutter_speed&quot;:&quot;0&quot;,&quot;title&quot;:&quot;&quot;,&quot;orientation&quot;:&quot;0&quot;}\" data-image-title=\"turmalin-gruen-verdelith\" data-image-description=\"\" data-image-caption=\"\" data-medium-file=\"https:\/\/kamenovo.cz\/wp-content\/uploads\/2019\/05\/turmalin-gruen-verdelith.jpg\" data-large-file=\"https:\/\/kamenovo.cz\/wp-content\/uploads\/2019\/05\/turmalin-gruen-verdelith.jpg\" class=\"alignnone  wp-image-2780\" src=\"https:\/\/kamenovo.cz\/wp-content\/uploads\/2019\/05\/turmalin-gruen-verdelith.jpg\" alt=\"\" width=\"145\" height=\"109\"><\/p>\n<p><strong>Zelen\u00fd turmal\u00edn \/verdelit\/<\/strong> funguje jako vynikaj\u00edc\u00ed l\u00e9\u010ditel a napom\u00e1h\u00e1 p\u0159i vyvol\u00e1v\u00e1n\u00ed \u017eiv\u00fdch viz\u00ed. <strong>Otev\u00edr\u00e1 srde\u010dn\u00ed \u010dakru<\/strong><\/p>\n<p><img loading=\"lazy\" decoding=\"async\" data-attachment-id=\"2781\" data-permalink=\"https:\/\/kamenovo.cz\/?attachment_id=2781\" data-orig-file=\"https:\/\/kamenovo.cz\/wp-content\/uploads\/2019\/05\/turmalin-rubellit.jpg\" data-orig-size=\"250,188\" data-comments-opened=\"1\" data-image-meta=\"{&quot;aperture&quot;:&quot;0&quot;,&quot;credit&quot;:&quot;&quot;,&quot;camera&quot;:&quot;&quot;,&quot;caption&quot;:&quot;&quot;,&quot;created_timestamp&quot;:&quot;0&quot;,&quot;copyright&quot;:&quot;&quot;,&quot;focal_length&quot;:&quot;0&quot;,&quot;iso&quot;:&quot;0&quot;,&quot;shutter_speed&quot;:&quot;0&quot;,&quot;title&quot;:&quot;&quot;,&quot;orientation&quot;:&quot;0&quot;}\" data-image-title=\"turmalin-rubellit\" data-image-description=\"\" data-image-caption=\"\" data-medium-file=\"https:\/\/kamenovo.cz\/wp-content\/uploads\/2019\/05\/turmalin-rubellit.jpg\" data-large-file=\"https:\/\/kamenovo.cz\/wp-content\/uploads\/2019\/05\/turmalin-rubellit.jpg\" class=\"alignnone  wp-image-2781\" src=\"https:\/\/kamenovo.cz\/wp-content\/uploads\/2019\/05\/turmalin-rubellit.jpg\" alt=\"\" width=\"150\" height=\"113\"><\/p>\n<p><strong>\u010cerven\u00fd turmal\u00edn \/rubellit\/<\/strong> posiluje schopnost porozum\u011bt l\u00e1sce, zvy\u0161uje taktn\u00ed jedn\u00e1n\u00ed a p\u0159izp\u016fsobivost. Podn\u011bcuje chu\u0165 ke spole\u010densk\u00e9mu \u017eivotu a sklon k extrovertn\u00edmu jedn\u00e1n\u00ed, p\u0159i\u010dem\u017e dok\u00e1\u017ee vyv\u00e1\u017eit p\u0159\u00edli\u0161nou agresivitu s p\u0159ehnanou pasivitou<\/p>\n","protected":false},"excerpt":{"rendered":"<ul>\n<li>super kvalita<\/li>\n<li>\u010distota a barva<\/li>\n<li>\u0161irok\u00e9 pole p\u016fsoben\u00ed na zdrav\u00ed<\/li>\n<\/ul>\n<p>&nbsp; Vlastnosti kamene: <a href=\"https:\/\/kamenovo.cz\/index.php\/2018\/07\/07\/turmalin\/\"><strong>ZDE<\/strong><\/a><\/p>\n","protected":false},"featured_media":2776,"comment_status":"open","ping_status":"closed","template":"","meta":{"ngg_post_thumbnail":0,"jetpack_post_was_ever_published":false,"_joinchat":[],"jetpack_publicize_message":"","jetpack_publicize_feature_enabled":true,"jetpack_social_post_already_shared":true,"jetpack_social_options":{"image_generator_settings":{"template":"highway","enabled":false},"version":2}},"product_cat":[41],"product_tag":[],"class_list":{"0":"post-2779","1":"product","2":"type-product","3":"status-publish","4":"has-post-thumbnail","6":"product_cat-naramky","8":"first","9":"instock","10":"shipping-taxable","11":"purchasable","12":"product-type-simple"},"jetpack_publicize_connections":[],"jetpack_likes_enabled":true,"jetpack-related-posts":[],"jetpack_sharing_enabled":true,"_links":{"self":[{"href":"https:\/\/kamenovo.cz\/index.php\/wp-json\/wp\/v2\/product\/2779","targetHints":{"allow":["GET"]}}],"collection":[{"href":"https:\/\/kamenovo.cz\/index.php\/wp-json\/wp\/v2\/product"}],"about":[{"href":"https:\/\/kamenovo.cz\/index.php\/wp-json\/wp\/v2\/types\/product"}],"replies":[{"embeddable":true,"href":"https:\/\/kamenovo.cz\/index.php\/wp-json\/wp\/v2\/comments?post=2779"}],"wp:featuredmedia":[{"embeddable":true,"href":"https:\/\/kamenovo.cz\/index.php\/wp-json\/wp\/v2\/media\/2776"}],"wp:attachment":[{"href":"https:\/\/kamenovo.cz\/index.php\/wp-json\/wp\/v2\/media?parent=2779"}],"wp:term":[{"taxonomy":"product_cat","embeddable":true,"href":"https:\/\/kamenovo.cz\/index.php\/wp-json\/wp\/v2\/product_cat?post=2779"},{"taxonomy":"product_tag","embeddable":true,"href":"https:\/\/kamenovo.cz\/index.php\/wp-json\/wp\/v2\/product_tag?post=2779"}],"curies":[{"name":"wp","href":"https:\/\/api.w.org\/{rel}","templated":true}]}}