{"id":2772,"date":"2019-05-27T11:24:31","date_gmt":"2019-05-27T11:24:31","guid":{"rendered":"https:\/\/kamenovo.cz\/?post_type=product&#038;p=2772"},"modified":"2024-01-04T13:02:15","modified_gmt":"2024-01-04T13:02:15","slug":"2772","status":"publish","type":"product","link":"https:\/\/kamenovo.cz\/index.php\/produkt\/2772\/","title":{"rendered":"Kor\u00e1lov\u00fd n\u00e1ramek"},"content":{"rendered":"<p>V&nbsp;minulosti se p\u0159ipisovalo kor\u00e1lu mnoho schopnost\u00ed. Jeliko\u017e poch\u00e1z\u00ed z&nbsp;mo\u0159e, v\u011b\u0159ilo se, \u017ee v&nbsp;sob\u011b ukr\u00fdv\u00e1 s\u00edlu oce\u00e1n\u016f. Nosili ho na ochranu mo\u0159eplavci, proto\u017ee v\u011b\u0159ili, \u017ee p\u0159in\u00e1\u0161\u00ed dobr\u00e9 po\u010das\u00ed a odh\u00e1n\u00ed bou\u0159ky.<\/p>\n<p>&nbsp;<\/p>\n<p>Stejn\u011b si lid\u00e9 mysleli, \u017ee kor\u00e1l dok\u00e1\u017ee vyl\u00e9\u010dit bl\u00e1zn\u016f a p\u0159it\u00e1hnout na \u010dlov\u011bka prosperitu a&nbsp;l\u00e1sku.<\/p>\n<p>Pou\u017e\u00edval se i&nbsp;u&nbsp;d\u011bt\u00ed, na sn\u00ed\u017een\u00ed bolesti p\u0159i pro\u0159ez\u00e1v\u00e1n\u00ed zub\u016f. Egyp\u0165an\u00e9 d\u00e1vali kor\u00e1l do ka\u017ed\u00e9 hrobky. V\u011b\u0159ili, \u017ee ka\u017ed\u00fd kousek obsahuje kapku bo\u017esk\u00e9 krve a ta ochr\u00e1n\u00ed zesnul\u00e9ho p\u0159ed zl\u00fdmi&nbsp;duchy.<\/p>\n<h3>\u00da\u010dinky na du\u0161i<\/h3>\n<p>Jeliko\u017e je kor\u00e1l organick\u00e9ho p\u016fvodu, v\u011b\u0159\u00ed se, \u017ee dok\u00e1\u017ee \u010dlov\u011bka spojit s&nbsp;p\u0159\u00edrodou na v\u0161ech \u00farovn\u00edch byt\u00ed. V\u011b\u0159\u00ed se tak\u00e9, \u017ee dok\u00e1\u017ee sn\u00ed\u017eit emoce a p\u0159in\u00e9st vnit\u0159n\u00ed&nbsp;klid.<\/p>\n<p>Pom\u00e1h\u00e1 \u010dlov\u011bku pochopit sama sebe a sm\u00ed\u0159it se s&nbsp;vlastn\u00edm, vnit\u0159n\u00edm j\u00e1. Zvy\u0161uje intuici a p\u0159edstavivost. Dod\u00e1v\u00e1 \u010dlov\u011bku s\u00edlu dos\u00e1hnout c\u00edl\u016f, kter\u00e9 si v&nbsp;minulosti stanovil.<\/p>\n<p>Pom\u00e1h\u00e1 mu optimisticky vid\u011bt v\u0161echno, co se kolem n\u011bj d\u011bje. Chr\u00e1n\u00ed \u010dlov\u011bka p\u0159ed pocity deprese a \u00fazkosti. Kor\u00e1l podporuje tak\u00e9 p\u0159\u00e1telstv\u00ed, platonickou l\u00e1sku a mezilidsk\u00e9 vztahy v&nbsp;r\u00e1mci spole\u010dnosti.<\/p>\n<p>Kor\u00e1l v&nbsp;neposledn\u00ed \u0159ad\u011b \u010dlov\u011bka chr\u00e1n\u00ed a odstra\u0148uje vliv stresu.<\/p>\n<h3>\u00da\u010dinky na t\u011blo<\/h3>\n<p>Kor\u00e1l posiluje pohybov\u00fd syst\u00e9m \u010dlov\u011bka a to zejm\u00e9na kosti. Ze sval\u016f dok\u00e1\u017ee odstranit ne\u010distoty. Stejn\u011b zvy\u0161uje s\u00edlu c\u00e9v a srdce, \u010d\u00edm\u017e stabilizuje cel\u00fd ob\u011bhov\u00fd syst\u00e9m. Vy\u017eivuje a ochra\u0148uje krevn\u00ed bu\u0148ky a pom\u00e1h\u00e1 tak\u00e9 p\u0159i an\u00e9mi\u00edch.<\/p>\n<p>\u00da\u010dinn\u00fd je i&nbsp;p\u0159i regeneraci tk\u00e1n\u00ed a proto zkracuje hojen\u00ed ran. Jeho pozitivn\u00ed \u00fa\u010dinky vyu\u017eij\u00ed tak\u00e9 v\u0161ichni s&nbsp;poruchami tr\u00e1vic\u00edho traktu. Pom\u00e1h\u00e1 s&nbsp;onemocn\u011bn\u00edmi \u00fast, j\u00edcnu, \u017ealudku i&nbsp;st\u0159ev.<\/p>\n<p>Zm\u00edr\u0148uje tak\u00e9 p\u0159\u00edznaky onemocn\u011bn\u00ed ledvin a mo\u010dov\u00e9ho m\u011bch\u00fd\u0159e. Pokud \u010dlov\u011bka tr\u00e1p\u00ed pot\u00ed\u017ee s&nbsp;m\u00edchou, m\u016f\u017ee tak\u00e9 vyu\u017e\u00edt s\u00edlu kor\u00e1lu. V&nbsp;r\u00e1mci nervov\u00e9ho syst\u00e9mu pom\u00e1h\u00e1 tak\u00e9 p\u0159i poruch\u00e1ch&nbsp;mozku.<\/p>\n<h3>\u010ci\u0161t\u011bn\u00ed a nab\u00edjen\u00ed<\/h3>\n<p>Kor\u00e1l t\u0159eba pravideln\u011b \u010distit a nab\u00edjet na to, aby si zachoval v\u0161echny sv\u00e9 pozitivn\u00ed vlastnosti. Jeliko\u017e kor\u00e1l poch\u00e1z\u00ed z&nbsp;oce\u00e1nu, jeho \u010di\u0161t\u011bn\u00ed by m\u011blo prob\u00edhat ve slan\u00e9 vod\u011b. Sta\u010d\u00ed ho na n\u011bkolik minut ulo\u017eit do misky se slanou vodou. Slan\u00e1 voda se d\u00e1 vyrobit sm\u00edch\u00e1n\u00edm vody z&nbsp;kohoutku a mo\u0159sk\u00e9&nbsp;soli.<\/p>\n<p>Po o\u010di\u0161t\u011bn\u00ed se k\u00e1men osu\u0161\u00ed a d\u00e1 se nab\u00edt. Proto\u017ee kor\u00e1l m\u016f\u017ee vyblednout na p\u0159\u00edm\u00e9m sv\u011btle, jeho nab\u00edjen\u00ed na slunci se nedoporu\u010duje. M\u00edsto toho ho m\u016f\u017ee \u010dlov\u011bk ulo\u017eit na m\u011bs\u00ed\u010dn\u00ed sv\u011btlo, p\u0159\u00edpadn\u011b na \u010dist\u00fd krystal.<\/p>\n<p><a href=\"http:\/\/www.feng-suej-esoterika.cz\/obchod\/koral-kamen\">1<\/a><\/p>\n<div class=\"sharedaddy sd-sharing-enabled\">\n<div class=\"robots-nocontent sd-block sd-social sd-social-icon sd-sharing\">\n<h3 class=\"sd-title\">&nbsp;<\/h3>\n<\/div>\n<\/div>\n","protected":false},"excerpt":{"rendered":"<ul>\n<li>kuli\u010dkov\u00fd&nbsp;<\/li>\n<li>pro radost ze \u017eivota<\/li>\n<li>dod\u00e1v\u00e1 energii<\/li>\n<li>proti zo\u010din\u011b<\/li>\n<li>nebarven\u00fd p\u0159\u00edrodn\u00ed<\/li>\n<\/ul>\n","protected":false},"featured_media":2775,"comment_status":"open","ping_status":"closed","template":"","meta":{"ngg_post_thumbnail":0,"jetpack_post_was_ever_published":false,"_joinchat":[],"jetpack_publicize_message":"","jetpack_publicize_feature_enabled":true,"jetpack_social_post_already_shared":true,"jetpack_social_options":{"image_generator_settings":{"template":"highway","enabled":false},"version":2}},"product_cat":[41],"product_tag":[],"class_list":{"0":"post-2772","1":"product","2":"type-product","3":"status-publish","4":"has-post-thumbnail","6":"product_cat-naramky","8":"first","9":"instock","10":"shipping-taxable","11":"purchasable","12":"product-type-simple"},"jetpack_publicize_connections":[],"jetpack_likes_enabled":true,"jetpack-related-posts":[],"jetpack_sharing_enabled":true,"_links":{"self":[{"href":"https:\/\/kamenovo.cz\/index.php\/wp-json\/wp\/v2\/product\/2772","targetHints":{"allow":["GET"]}}],"collection":[{"href":"https:\/\/kamenovo.cz\/index.php\/wp-json\/wp\/v2\/product"}],"about":[{"href":"https:\/\/kamenovo.cz\/index.php\/wp-json\/wp\/v2\/types\/product"}],"replies":[{"embeddable":true,"href":"https:\/\/kamenovo.cz\/index.php\/wp-json\/wp\/v2\/comments?post=2772"}],"wp:featuredmedia":[{"embeddable":true,"href":"https:\/\/kamenovo.cz\/index.php\/wp-json\/wp\/v2\/media\/2775"}],"wp:attachment":[{"href":"https:\/\/kamenovo.cz\/index.php\/wp-json\/wp\/v2\/media?parent=2772"}],"wp:term":[{"taxonomy":"product_cat","embeddable":true,"href":"https:\/\/kamenovo.cz\/index.php\/wp-json\/wp\/v2\/product_cat?post=2772"},{"taxonomy":"product_tag","embeddable":true,"href":"https:\/\/kamenovo.cz\/index.php\/wp-json\/wp\/v2\/product_tag?post=2772"}],"curies":[{"name":"wp","href":"https:\/\/api.w.org\/{rel}","templated":true}]}}