{"id":2722,"date":"2019-04-29T19:34:06","date_gmt":"2019-04-29T19:34:06","guid":{"rendered":"https:\/\/kamenovo.cz\/?post_type=product&#038;p=2722"},"modified":"2019-05-27T11:30:58","modified_gmt":"2019-05-27T11:30:58","slug":"tanzanit","status":"publish","type":"product","link":"https:\/\/kamenovo.cz\/index.php\/produkt\/tanzanit\/","title":{"rendered":"Tanzanit n\u00e1ramek"},"content":{"rendered":"<p><strong>Co \u010din\u00ed tanzanit vz\u00e1cn\u00fdm a unik\u00e1tn\u00edm<\/strong>, je jeho n\u00e1dhern\u00e1 <strong>\u010dist\u00e1 modr\u00e1 barva<\/strong>, mnohdy p\u0159ech\u00e1zej\u00edc\u00ed a\u017e do hlubok\u00e9ho fialov\u00e9ho odst\u00ednu. K\u00e1men pom\u00e1h\u00e1 podpo\u0159it po posti\u017een\u00ed mozkovou mrtvic\u00ed zregenerovat t\u011blo, napom\u00e1h\u00e1 p\u0159i stavech ochrnut\u00ed tak, aby \u010dlovek znovu za\u010dal ovl\u00e1dat sv\u00e9 t\u011blo. P\u016fsob\u00ed blahod\u00e1rn\u011b jako prevence p\u0159ed t\u011b\u017ek\u00fdmi psychick\u00fdmi stavy a\u017e sebedestruk\u010dn\u00edmi sklony.<\/p>\n","protected":false},"excerpt":{"rendered":"<ul>\n<li>Proti sebedestruk\u010dn\u00edm stav\u016fm<\/li>\n<li>podpora psychiky<\/li>\n<li>pomoc po ochrnut\u00ed<\/li>\n<li>aby se stal \u010dlov\u011bk p\u00e1nem nad sv\u00fdm t\u011blem<\/li>\n<\/ul>\n<p>Vlastnosti kamene : <a href=\"https:\/\/kamenovo.cz\/index.php\/2018\/07\/07\/tanzanit\/\"><strong><span style=\"color: #ff0000;\">ZDE<\/span><\/strong><\/a><\/p>\n","protected":false},"featured_media":2774,"comment_status":"open","ping_status":"closed","template":"","meta":{"ngg_post_thumbnail":0,"jetpack_post_was_ever_published":false,"_joinchat":[],"jetpack_publicize_message":"","jetpack_publicize_feature_enabled":true,"jetpack_social_post_already_shared":true,"jetpack_social_options":{"image_generator_settings":{"template":"highway","enabled":false},"version":2}},"product_cat":[41],"product_tag":[],"class_list":{"0":"post-2722","1":"product","2":"type-product","3":"status-publish","4":"has-post-thumbnail","6":"product_cat-naramky","8":"first","9":"instock","10":"shipping-taxable","11":"purchasable","12":"product-type-simple"},"jetpack_publicize_connections":[],"jetpack_likes_enabled":true,"jetpack-related-posts":[],"jetpack_sharing_enabled":true,"_links":{"self":[{"href":"https:\/\/kamenovo.cz\/index.php\/wp-json\/wp\/v2\/product\/2722","targetHints":{"allow":["GET"]}}],"collection":[{"href":"https:\/\/kamenovo.cz\/index.php\/wp-json\/wp\/v2\/product"}],"about":[{"href":"https:\/\/kamenovo.cz\/index.php\/wp-json\/wp\/v2\/types\/product"}],"replies":[{"embeddable":true,"href":"https:\/\/kamenovo.cz\/index.php\/wp-json\/wp\/v2\/comments?post=2722"}],"wp:featuredmedia":[{"embeddable":true,"href":"https:\/\/kamenovo.cz\/index.php\/wp-json\/wp\/v2\/media\/2774"}],"wp:attachment":[{"href":"https:\/\/kamenovo.cz\/index.php\/wp-json\/wp\/v2\/media?parent=2722"}],"wp:term":[{"taxonomy":"product_cat","embeddable":true,"href":"https:\/\/kamenovo.cz\/index.php\/wp-json\/wp\/v2\/product_cat?post=2722"},{"taxonomy":"product_tag","embeddable":true,"href":"https:\/\/kamenovo.cz\/index.php\/wp-json\/wp\/v2\/product_tag?post=2722"}],"curies":[{"name":"wp","href":"https:\/\/api.w.org\/{rel}","templated":true}]}}