{"id":2602,"date":"2019-04-05T20:25:40","date_gmt":"2019-04-05T20:25:40","guid":{"rendered":"https:\/\/kamenovo.cz\/?post_type=product&#038;p=2602"},"modified":"2023-07-13T20:42:28","modified_gmt":"2023-07-13T20:42:28","slug":"cintamani-9","status":"publish","type":"product","link":"https:\/\/kamenovo.cz\/index.php\/produkt\/cintamani-9\/","title":{"rendered":"\u010cINT\u00c1MAN\u00cd EXTRA \u010d.9"},"content":{"rendered":"<p><strong>P\u016fvod kamene \u010cint\u00e1man\u00ed<\/strong><\/p>\n<p><strong>Roerich p\u0159i sv\u00fdch v\u00fdzkumn\u00fdch cest\u00e1ch po v\u00fdchodn\u00ed Asii a Tibetu zaznamenal n\u011bkolik legend o tajemn\u00e9m kameni \u201e\u010cint\u00e1man\u00ed\u201c, kter\u00fd byl v d\u00e1vn\u00fdch \u010dasech p\u0159ivezen na Zemi ohniv\u00fdm hv\u011bzdn\u00fdm kon\u011bm Lung-tao ze souhv\u011bzd\u00ed Orion. Jin\u00e1 verze t\u00e9to legendy hovo\u0159\u00ed o p\u016fvodu kamene \u010cint\u00e1man\u00ed ze Siria. V sanskrtu je pojem \u010cint\u00e1man\u00ed p\u0159ekl\u00e1d\u00e1n jako \u201ebo\u017esk\u00fd kamen m\u011bn\u00edc\u00ed v\u011bdom\u00ed\u201c. Roerich zaznamenal, \u017ee v p\u0159\u00edpad\u011b aktivace \u010cint\u00e1man\u00ed paprskem zvl\u00e1\u0161tn\u00ed (kosmick\u00e9?) energie transformuje tento k\u00e1men tuto energii a vyza\u0159ov\u00e1n\u00edm ovliv\u0148uje pozitivn\u00ed rozvoj lidsk\u00e9ho v\u011bdom\u00ed lid\u00ed v \u0161irok\u00e9m okol\u00ed, tak\u017ee m\u00e1 doch\u00e1zet ke zrychlen\u00ed duchovn\u00ed evoluce. Podle p\u016fvodn\u00ed tibetsk\u00e9 legendy byly \u010d\u00e1sti kamene \u010cint\u00e1man\u00ed rozm\u00edst\u011bny na n\u011bkter\u00fdch m\u00edstech Zem\u011b a ta se v pozd\u011bj\u0161\u00edch \u010dasech stala rozvinut\u00fdmi centry v\u00fdvoje lidsk\u00e9 civilizace. Jeden z \u00falomk\u016f vlastnil atlantsk\u00fd c\u00edsa\u0159 Tazlavoo, kter\u00fd proslul sv\u00fdmi nadlidsk\u00fdmi schopnostmi a byl pova\u017eov\u00e1n za posla boh\u016f, jin\u00fd je ulo\u017een v Tibetu a jeho st\u0159e\u017een\u00ed bylo hlavn\u00edm \u00fakolem jog\u00edn\u016f\u2026<\/strong><\/p>\n","protected":false},"excerpt":{"rendered":"<h3>Vlastnosti kamene <a href=\"https:\/\/kamenovo.cz\/index.php\/2017\/11\/25\/aktivace-kamenu-cintamani\/\"><span style=\"color: #ff0000;\"><strong>ZDE<\/strong><\/span><\/a><\/h3>\n<ul>\n<li><span style=\"color: #ff0000;\"><strong>pr\u016fhledn\u00fd kr\u00e1sn\u00fd kamen, fantastick\u00e1 kresba<\/strong><\/span><\/li>\n<li><strong>tv\u016fr\u010d\u00ed k\u00e1men, pomoc a dokon\u010dov\u00e1n\u00ed projekt\u016f<\/strong><\/li>\n<li><strong>ukotven\u00ed energie<\/strong><\/li>\n<li><strong>pro gifting vhodn\u011bj\u0161\u00ed<\/strong><\/li>\n<li><strong>k\u00e1men intuice a telepatie<\/strong><\/li>\n<li><strong>kameny mezi sebou komunikuj\u00ed<\/strong><\/li>\n<li><strong>o\u010dista, detoxikace, ochrana<\/strong><\/li>\n<\/ul>\n<p>&nbsp; &nbsp; &nbsp; &nbsp; &nbsp; &nbsp;<\/p>\n","protected":false},"featured_media":5743,"comment_status":"open","ping_status":"closed","template":"","meta":{"ngg_post_thumbnail":0,"jetpack_post_was_ever_published":false,"_joinchat":[],"jetpack_publicize_message":"","jetpack_publicize_feature_enabled":true,"jetpack_social_post_already_shared":true,"jetpack_social_options":{"image_generator_settings":{"template":"highway","enabled":false},"version":2}},"product_cat":[45],"product_tag":[],"class_list":{"0":"post-2602","1":"product","2":"type-product","3":"status-publish","4":"has-post-thumbnail","6":"product_cat-cintamani","8":"first","9":"instock","10":"shipping-taxable","11":"purchasable","12":"product-type-simple"},"jetpack_publicize_connections":[],"jetpack_likes_enabled":true,"jetpack-related-posts":[],"jetpack_sharing_enabled":true,"_links":{"self":[{"href":"https:\/\/kamenovo.cz\/index.php\/wp-json\/wp\/v2\/product\/2602","targetHints":{"allow":["GET"]}}],"collection":[{"href":"https:\/\/kamenovo.cz\/index.php\/wp-json\/wp\/v2\/product"}],"about":[{"href":"https:\/\/kamenovo.cz\/index.php\/wp-json\/wp\/v2\/types\/product"}],"replies":[{"embeddable":true,"href":"https:\/\/kamenovo.cz\/index.php\/wp-json\/wp\/v2\/comments?post=2602"}],"wp:featuredmedia":[{"embeddable":true,"href":"https:\/\/kamenovo.cz\/index.php\/wp-json\/wp\/v2\/media\/5743"}],"wp:attachment":[{"href":"https:\/\/kamenovo.cz\/index.php\/wp-json\/wp\/v2\/media?parent=2602"}],"wp:term":[{"taxonomy":"product_cat","embeddable":true,"href":"https:\/\/kamenovo.cz\/index.php\/wp-json\/wp\/v2\/product_cat?post=2602"},{"taxonomy":"product_tag","embeddable":true,"href":"https:\/\/kamenovo.cz\/index.php\/wp-json\/wp\/v2\/product_tag?post=2602"}],"curies":[{"name":"wp","href":"https:\/\/api.w.org\/{rel}","templated":true}]}}