{"id":2391,"date":"2018-12-16T16:20:45","date_gmt":"2018-12-16T16:20:45","guid":{"rendered":"https:\/\/kamenovo.cz\/?post_type=product&#038;p=2391"},"modified":"2018-12-16T16:20:45","modified_gmt":"2018-12-16T16:20:45","slug":"rodochrozitovy-naramek","status":"publish","type":"product","link":"https:\/\/kamenovo.cz\/index.php\/produkt\/rodochrozitovy-naramek\/","title":{"rendered":"Rodochrozitov\u00fd n\u00e1ramek"},"content":{"rendered":"<p><strong>Vlastnosti:<\/strong> Rodochrosit vn\u00e1\u0161\u00ed do \u017eivota nezi\u0161tnou l\u00e1sku a soucit. Rozv\u00edj\u00ed v\u011bdom\u00ed a spojuje duchovn\u00ed hmotnou s energi\u00ed. Jedn\u00e1 se o k\u00e1men s dynamick\u00fdmi a pozitivn\u00edmi sklony.<\/p>\n<p>&nbsp;<\/p>\n<p>Rodochrosit p\u016fsob\u00ed v\u00fdborn\u011b na srdce a vztahy \u2013 pom\u016f\u017ee zejm\u00e9na lidem, kte\u0159\u00ed se c\u00edt\u00ed nemilovan\u00ed. Jedn\u00e1 se o jedine\u010dn\u00fd k\u00e1men pro l\u00e9\u010dbu n\u00e1sledk\u016f sexu\u00e1ln\u00edho zneu\u017e\u00edv\u00e1n\u00ed. Rodochrosit k sob\u011b p\u0159itahuje sp\u0159\u00edzn\u011bn\u00e9 du\u0161e, p\u0159i\u010dem\u017e se ale v d\u016fsledku nemus\u00ed v\u017edy jednat o \u0161\u0165astn\u00fd z\u00e1\u017eitek, po jak\u00e9m tou\u017e\u00edte \u2013 sp\u0159\u00edzn\u011bn\u00e9 du\u0161e toti\u017e b\u00fdvaj\u00ed p\u0159edev\u0161\u00edm lid\u00e9, kte\u0159\u00ed n\u00e1m pom\u00e1haj\u00ed pou\u010dit se z lekc\u00ed, je\u017e p\u0159ed n\u00e1s \u017eivot stav\u00ed. T\u0159eba\u017ee takov\u00e9 setk\u00e1n\u00ed nemus\u00ed b\u00fdt v\u017edy p\u0159\u00edjemn\u00e9, slou\u017e\u00ed na\u0161emu nejvy\u0161\u0161\u00edmu dobru. Rodochrosit napom\u00e1h\u00e1 srdci pochopit, jak se sm\u00ed\u0159it s bolest\u00ed, ani\u017e by se uzav\u0159elo, a jak se vyrovnat s odm\u00edt\u00e1n\u00edm.<\/p>\n<p>&nbsp;<\/p>\n","protected":false},"excerpt":{"rendered":"<p>Vlastnosti kamene <strong>ZDE<\/strong><\/p>\n<ul>\n<li>K\u00e1men l\u00e1sky<\/li>\n<li>Proti zdr\u017eenlivosti<\/li>\n<li>Proti onkologick\u00fdm onemocn\u011bn\u00edm<\/li>\n<\/ul>\n","protected":false},"featured_media":2386,"comment_status":"open","ping_status":"closed","template":"","meta":{"ngg_post_thumbnail":0,"jetpack_post_was_ever_published":false,"_joinchat":[],"jetpack_publicize_message":"","jetpack_publicize_feature_enabled":true,"jetpack_social_post_already_shared":true,"jetpack_social_options":{"image_generator_settings":{"template":"highway","enabled":false},"version":2}},"product_cat":[41],"product_tag":[],"class_list":{"0":"post-2391","1":"product","2":"type-product","3":"status-publish","4":"has-post-thumbnail","6":"product_cat-naramky","8":"first","9":"instock","10":"shipping-taxable","11":"purchasable","12":"product-type-simple"},"jetpack_publicize_connections":[],"jetpack_likes_enabled":true,"jetpack-related-posts":[],"jetpack_sharing_enabled":true,"_links":{"self":[{"href":"https:\/\/kamenovo.cz\/index.php\/wp-json\/wp\/v2\/product\/2391","targetHints":{"allow":["GET"]}}],"collection":[{"href":"https:\/\/kamenovo.cz\/index.php\/wp-json\/wp\/v2\/product"}],"about":[{"href":"https:\/\/kamenovo.cz\/index.php\/wp-json\/wp\/v2\/types\/product"}],"replies":[{"embeddable":true,"href":"https:\/\/kamenovo.cz\/index.php\/wp-json\/wp\/v2\/comments?post=2391"}],"wp:featuredmedia":[{"embeddable":true,"href":"https:\/\/kamenovo.cz\/index.php\/wp-json\/wp\/v2\/media\/2386"}],"wp:attachment":[{"href":"https:\/\/kamenovo.cz\/index.php\/wp-json\/wp\/v2\/media?parent=2391"}],"wp:term":[{"taxonomy":"product_cat","embeddable":true,"href":"https:\/\/kamenovo.cz\/index.php\/wp-json\/wp\/v2\/product_cat?post=2391"},{"taxonomy":"product_tag","embeddable":true,"href":"https:\/\/kamenovo.cz\/index.php\/wp-json\/wp\/v2\/product_tag?post=2391"}],"curies":[{"name":"wp","href":"https:\/\/api.w.org\/{rel}","templated":true}]}}