{"id":2371,"date":"2018-12-16T14:07:42","date_gmt":"2018-12-16T14:07:42","guid":{"rendered":"https:\/\/kamenovo.cz\/?post_type=product&#038;p=2371"},"modified":"2020-01-22T17:32:38","modified_gmt":"2020-01-22T17:32:38","slug":"ametyst-geoda","status":"publish","type":"product","link":"https:\/\/kamenovo.cz\/index.php\/produkt\/ametyst-geoda\/","title":{"rendered":"Ametyst &#8211; geoda"},"content":{"rendered":"<p>Ametyst je mimo\u0159\u00e1dn\u011b mocn\u00fd k\u00e1men s obrovskou ochrannou silou, obda\u0159en\u00fd vysoce spiritu\u00e1ln\u00edmi vibracemi. Br\u00e1n\u00ed nositele p\u0159ed psychick\u00fdmi \u00fatoky, nebo\u0165 jejich energii prom\u011b\u0148uje v l\u00e1sku. Coby p\u0159\u00edrodn\u00ed sedativum <strong>blokuje <\/strong>ametyst <strong>geopatogenn\u00ed z\u00f3ny<\/strong> a negativn\u00ed energie prostupuj\u00edc\u00ed prost\u0159ed\u00edm kolem n\u00e1s. Jeho vyrovnanost napom\u00e1h\u00e1 p\u0159i meditac\u00edch. Ametyst m\u00e1 silnou l\u00e9\u010divou a o\u010distnou moc. Podporuje rovn\u011b\u017e spiritu\u00e1ln\u00ed uv\u011bdom\u011bn\u00ed si v\u0161ech souvislost\u00ed. Tradi\u010dn\u011b se nosil jako prost\u0159edek zabra\u0148uj\u00edc\u00ed opilosti. Podporuje st\u0159\u00edzlivost. P\u0159ekon\u00e1v\u00e1 z\u00e1vislosti&nbsp;a bloky v\u0161eho druhu. Pokud se u\u017e\u00edv\u00e1 na vy\u0161\u0161\u00edch \u00farovn\u00edch osobnosti, otev\u00edr\u00e1 ametyst br\u00e1nu do jin\u00e9 reality.<\/p>\n","protected":false},"excerpt":{"rendered":"<ul>\n<li>k\u00e1men harmonie<\/li>\n<li>energeticky nejsiln\u011bj\u0161\u00ed<\/li>\n<li>fantastick\u00e1 stavba a barva<\/li>\n<li>Harmonizuje \u010dakry<\/li>\n<li>pomoc proti alkoholismu<\/li>\n<li>zmen\u0161uje r\u00e1dius p\u016fsoben\u00ed GP z\u00f3ny<\/li>\n<li>Madagaskar<\/li>\n<\/ul>\n","protected":false},"featured_media":2372,"comment_status":"open","ping_status":"closed","template":"","meta":{"ngg_post_thumbnail":0,"jetpack_post_was_ever_published":false,"_joinchat":[],"jetpack_publicize_message":"","jetpack_publicize_feature_enabled":true,"jetpack_social_post_already_shared":true,"jetpack_social_options":{"image_generator_settings":{"template":"highway","enabled":false},"version":2}},"product_cat":[127],"product_tag":[],"class_list":{"0":"post-2371","1":"product","2":"type-product","3":"status-publish","4":"has-post-thumbnail","6":"product_cat-amestyst-geoda","8":"first","9":"instock","10":"shipping-taxable","11":"purchasable","12":"product-type-simple"},"jetpack_publicize_connections":[],"jetpack_likes_enabled":true,"jetpack-related-posts":[],"jetpack_sharing_enabled":true,"_links":{"self":[{"href":"https:\/\/kamenovo.cz\/index.php\/wp-json\/wp\/v2\/product\/2371","targetHints":{"allow":["GET"]}}],"collection":[{"href":"https:\/\/kamenovo.cz\/index.php\/wp-json\/wp\/v2\/product"}],"about":[{"href":"https:\/\/kamenovo.cz\/index.php\/wp-json\/wp\/v2\/types\/product"}],"replies":[{"embeddable":true,"href":"https:\/\/kamenovo.cz\/index.php\/wp-json\/wp\/v2\/comments?post=2371"}],"wp:featuredmedia":[{"embeddable":true,"href":"https:\/\/kamenovo.cz\/index.php\/wp-json\/wp\/v2\/media\/2372"}],"wp:attachment":[{"href":"https:\/\/kamenovo.cz\/index.php\/wp-json\/wp\/v2\/media?parent=2371"}],"wp:term":[{"taxonomy":"product_cat","embeddable":true,"href":"https:\/\/kamenovo.cz\/index.php\/wp-json\/wp\/v2\/product_cat?post=2371"},{"taxonomy":"product_tag","embeddable":true,"href":"https:\/\/kamenovo.cz\/index.php\/wp-json\/wp\/v2\/product_tag?post=2371"}],"curies":[{"name":"wp","href":"https:\/\/api.w.org\/{rel}","templated":true}]}}