{"id":2291,"date":"2018-11-11T21:04:43","date_gmt":"2018-11-11T21:04:43","guid":{"rendered":"https:\/\/kamenovo.cz\/?post_type=product&#038;p=2291"},"modified":"2018-11-11T21:04:43","modified_gmt":"2018-11-11T21:04:43","slug":"malachit-privesek","status":"publish","type":"product","link":"https:\/\/kamenovo.cz\/index.php\/produkt\/malachit-privesek\/","title":{"rendered":"Malachit p\u0159\u00edv\u011bsek"},"content":{"rendered":"<p>Malachit zesiluje kladn\u00e9 i z\u00e1porn\u00e9 energie. Uzem\u0148uje duchovn\u00ed energii do p\u016fdy. N\u011bkte\u0159\u00ed lid\u00e9 v\u011b\u0159\u00ed, \u017ee se malachit dosud vyv\u00edj\u00ed a pozd\u011bji se stane jedn\u00edm z nejv\u00fdznamn\u011bj\u0161\u00edch l\u00e9\u010div\u00fdch kamen\u016f nov\u00e9ho mil\u00e9nia. Malachit je ale ji\u017e dnes d\u016fle\u017eit\u00fdm ochrann\u00fdm kamenem. Snadno pohlcuje negativn\u00ed energie a zne\u010di\u0161\u0165uj\u00edc\u00ed l\u00e1tky, kter\u00e9 odeb\u00edr\u00e1 p\u0159\u00edmo z atmosf\u00e9ry nebo z lidsk\u00e9ho t\u011bla. P\u0159ed pou\u017eit\u00edm i po n\u011bm by se m\u011bl vy\u010distit tak, \u017ee jej nech\u00e1me na slunci polo\u017een\u00fd na krystal k\u0159emene. <strong>Nikdy nepou\u017e\u00edvejte s\u016fl, proto\u017ee by po\u0161kodila povrch.<\/strong><\/p>\n<div id=\"jp-relatedposts\" class=\"jp-relatedposts\">&nbsp;<\/div>\n","protected":false},"excerpt":{"rendered":"<p>Vlastnosti kamene <a href=\"https:\/\/kamenovo.cz\/index.php\/2018\/03\/08\/malachit\/\"><strong>ZDE<\/strong><\/a><\/p>\n<ul>\n<li>ukl\u00e1dat pod pol\u0161t\u00e1\u0159 pro \u017eiv\u00e9 sny<\/li>\n<li>obecn\u00fd kov<\/li>\n<li>faraonsk\u00fd k\u00e1men<\/li>\n<li>k\u00e1men plodnosti<\/li>\n<li>Kongo<\/li>\n<\/ul>\n","protected":false},"featured_media":2292,"comment_status":"open","ping_status":"closed","template":"","meta":{"ngg_post_thumbnail":0,"jetpack_post_was_ever_published":false,"_joinchat":[],"jetpack_publicize_message":"","jetpack_publicize_feature_enabled":true,"jetpack_social_post_already_shared":true,"jetpack_social_options":{"image_generator_settings":{"template":"highway","enabled":false},"version":2}},"product_cat":[65],"product_tag":[],"class_list":{"0":"post-2291","1":"product","2":"type-product","3":"status-publish","4":"has-post-thumbnail","6":"product_cat-malachit","8":"first","9":"instock","10":"shipping-taxable","11":"purchasable","12":"product-type-simple"},"jetpack_publicize_connections":[],"jetpack_likes_enabled":true,"jetpack-related-posts":[],"jetpack_sharing_enabled":true,"_links":{"self":[{"href":"https:\/\/kamenovo.cz\/index.php\/wp-json\/wp\/v2\/product\/2291","targetHints":{"allow":["GET"]}}],"collection":[{"href":"https:\/\/kamenovo.cz\/index.php\/wp-json\/wp\/v2\/product"}],"about":[{"href":"https:\/\/kamenovo.cz\/index.php\/wp-json\/wp\/v2\/types\/product"}],"replies":[{"embeddable":true,"href":"https:\/\/kamenovo.cz\/index.php\/wp-json\/wp\/v2\/comments?post=2291"}],"wp:featuredmedia":[{"embeddable":true,"href":"https:\/\/kamenovo.cz\/index.php\/wp-json\/wp\/v2\/media\/2292"}],"wp:attachment":[{"href":"https:\/\/kamenovo.cz\/index.php\/wp-json\/wp\/v2\/media?parent=2291"}],"wp:term":[{"taxonomy":"product_cat","embeddable":true,"href":"https:\/\/kamenovo.cz\/index.php\/wp-json\/wp\/v2\/product_cat?post=2291"},{"taxonomy":"product_tag","embeddable":true,"href":"https:\/\/kamenovo.cz\/index.php\/wp-json\/wp\/v2\/product_tag?post=2291"}],"curies":[{"name":"wp","href":"https:\/\/api.w.org\/{rel}","templated":true}]}}