{"id":2196,"date":"2018-11-04T21:00:36","date_gmt":"2018-11-04T21:00:36","guid":{"rendered":"https:\/\/kamenovo.cz\/?post_type=product&#038;p=2196"},"modified":"2018-11-24T23:04:22","modified_gmt":"2018-11-24T23:04:22","slug":"zkamenely-trus-fosilnich-zvirat","status":"publish","type":"product","link":"https:\/\/kamenovo.cz\/index.php\/produkt\/zkamenely-trus-fosilnich-zvirat\/","title":{"rendered":"Zkamen\u011bl\u00fd trus fosiln\u00edch zv\u00ed\u0159at"},"content":{"rendered":"","protected":false},"excerpt":{"rendered":"<ul>\n<li>vlastnosti( ka\u017ed\u00e9 hovno p\u0159in\u00e1\u0161\u00ed hojnost)<\/li>\n<li>vyborne na pam\u011bt<\/li>\n<li>jinak tento expon\u00e1t je na vystaven\u00ed nebo na hovno \ud83d\ude42<\/li>\n<li>jakou m\u00e1 v\u00fdh\u0159evnost nen\u00ed zji\u0161t\u011bno<\/li>\n<li>nezap\u00e1ch\u00e1<\/li>\n<li>kdo v\u00ed, jestli nen\u00ed na\u0161e \ud83d\ude42<\/li>\n<li>u n\u011bkter\u00fdch nejde zjistit kde je konec a kde za\u010d\u00e1tek<\/li>\n<\/ul>\n","protected":false},"featured_media":2197,"comment_status":"open","ping_status":"closed","template":"","meta":{"ngg_post_thumbnail":0,"jetpack_post_was_ever_published":false,"_joinchat":[],"jetpack_publicize_message":"","jetpack_publicize_feature_enabled":true,"jetpack_social_post_already_shared":true,"jetpack_social_options":{"image_generator_settings":{"template":"highway","enabled":false},"version":2}},"product_cat":[115],"product_tag":[],"class_list":{"0":"post-2196","1":"product","2":"type-product","3":"status-publish","4":"has-post-thumbnail","6":"product_cat-hovna","8":"first","9":"instock","10":"shipping-taxable","11":"purchasable","12":"product-type-simple"},"jetpack_publicize_connections":[],"jetpack_likes_enabled":true,"jetpack-related-posts":[],"jetpack_sharing_enabled":true,"_links":{"self":[{"href":"https:\/\/kamenovo.cz\/index.php\/wp-json\/wp\/v2\/product\/2196","targetHints":{"allow":["GET"]}}],"collection":[{"href":"https:\/\/kamenovo.cz\/index.php\/wp-json\/wp\/v2\/product"}],"about":[{"href":"https:\/\/kamenovo.cz\/index.php\/wp-json\/wp\/v2\/types\/product"}],"replies":[{"embeddable":true,"href":"https:\/\/kamenovo.cz\/index.php\/wp-json\/wp\/v2\/comments?post=2196"}],"wp:featuredmedia":[{"embeddable":true,"href":"https:\/\/kamenovo.cz\/index.php\/wp-json\/wp\/v2\/media\/2197"}],"wp:attachment":[{"href":"https:\/\/kamenovo.cz\/index.php\/wp-json\/wp\/v2\/media?parent=2196"}],"wp:term":[{"taxonomy":"product_cat","embeddable":true,"href":"https:\/\/kamenovo.cz\/index.php\/wp-json\/wp\/v2\/product_cat?post=2196"},{"taxonomy":"product_tag","embeddable":true,"href":"https:\/\/kamenovo.cz\/index.php\/wp-json\/wp\/v2\/product_tag?post=2196"}],"curies":[{"name":"wp","href":"https:\/\/api.w.org\/{rel}","templated":true}]}}