{"id":2194,"date":"2018-11-04T17:15:42","date_gmt":"2018-11-04T17:15:42","guid":{"rendered":"https:\/\/kamenovo.cz\/?post_type=product&#038;p=2194"},"modified":"2020-08-27T00:45:17","modified_gmt":"2020-08-27T00:45:17","slug":"cerna-shiva-lingams-l","status":"publish","type":"product","link":"https:\/\/kamenovo.cz\/index.php\/produkt\/cerna-shiva-lingams-l\/","title":{"rendered":"\u010cern\u00e1 Shiva lingams L"},"content":{"rendered":"<p class=\"font_8\"><strong>\u010cern\u00e9 Shiva Lingams jsou v&nbsp;nejvy\u0161\u0161\u00ed kvalit\u011b k&nbsp;dispozici leskl\u00e9 a osl\u0148uj\u00edc\u00ed v&nbsp;hlubok\u00e9 \u010dern\u00e9 barv\u011b. Poch\u00e1z\u00ed z&nbsp;jedin\u00e9ho, velmi vz\u00e1cn\u00e9ho zdroje na sv\u011bt\u011b od \u0159eky Narmada v&nbsp;z\u00e1padn\u00ed Indii. Jedn\u00e1 se o kryok\u0159emen, kter\u00fd vznikl po dopadu meteoritu. Mohou je upravovat jen zasv\u011bcen\u00e9 a velmi v\u00e1\u017een\u00e9 rody, kter\u00e9 jim d\u00e1vaj\u00ed fin\u00e1ln\u00ed zaoblenou podobu.<\/strong><\/p>\n<p class=\"font_8\"><strong>Slovo Lingam poch\u00e1z\u00ed ze sanskrtsk\u00e9ho slova vyjad\u0159uj\u00edc\u00ed\u201esymbol\u201c, po stovky a stovky let byly tyto kameny ned\u00edlnou sou\u010d\u00e1st\u00ed uct\u00edv\u00e1n\u00ed v&nbsp;Indii. To v\u0161e&nbsp; p\u0159isp\u00edv\u00e1 k&nbsp;zes\u00edlen\u00ed kouzla tohoto kamenne. \u010cern\u00e9 Shiva lingams vl\u00e1dou takovou s\u00edlou, \u017ee byly pou\u017e\u00edv\u00e1ny na ochranu cel\u00fdch hinduistick\u00fdch chr\u00e1m\u016f.<\/strong><\/p>\n<p class=\"font_8\"><strong>Tyto kameny probouzej\u00ed a podporuj\u00ed tok Kundalini energie.<\/strong><\/p>\n<p>&nbsp;<\/p>\n<p class=\"font_8\"><strong>Kouzlo \u010dern\u00fdch Shiva lingams<\/strong><\/p>\n<p class=\"font_8\"><strong>Mohu \u0159\u00edci, \u017ee tyto kameny jsou pot\u0159ebn\u00e9 pro ka\u017ed\u00e9ho \u010dlov\u011bka, n\u011bkdy i dva. Jedn\u00e1 je o k\u00e1men, kter\u00fd zved\u00e1 sexu\u00e1ln\u00ed energetick\u00e9 centrum Kundalini, kter\u00e1 se nach\u00e1z\u00ed v&nbsp;ka\u017ed\u00e9m z&nbsp;n\u00e1s. Rovn\u011b\u017e podn\u011bcuje kreativitu a inspiraci, proto\u017ee Sakr\u00e1ln\u00ed \u010dakra nen\u00ed jen v\u00e1\u0161e sexu\u00e1ln\u00ed centrum, je to va\u0161e centrum kreativity.&nbsp;Shiva Lingam je zn\u00e1mo, \u017ee je siln\u00fd k\u00e1men plodnosti.<\/strong><\/p>\n<p class=\"font_8\"><strong>K\u00e1men kter\u00fd navy\u0161uje pr\u00e1nick\u00e9 energie a vitalitu. Dle um\u00edst\u011bn\u00ed na t\u011ble m\u00e1 r\u016fzn\u00e9 \u00fa\u010dinky. Tento k\u00e1men obsahuje \u017eensk\u00fd i mu\u017esk\u00fd princip. K\u00e1men vhodn\u00fd proti impotenci. Um\u00edst\u011bte k\u00e1men na k\u0159\u00ed\u017e pro hojen\u00ed jak\u00fdchkoli reproduk\u010dn\u00edch probl\u00e9m\u016f. L\u00e9\u010d\u00ed neplodnost. Zm\u00edrnuje p\u0159\u00edznaky menopauzy a menstrua\u010dn\u00ed k\u0159e\u010de.<\/strong><\/p>\n<p class=\"font_8\"><strong>Black Shiva lingam se dokonce po ur\u010dit\u00e9 dob\u011b spoj\u00ed s&nbsp;majitelem a nen\u00ed ho t\u0159eba nosit u sebe, ochranuje V\u00e1s na d\u00e1lku z&nbsp;domova.<\/strong><\/p>\n<p class=\"font_8\"><strong>Shiva lingam se nemus\u00ed \u010distit ani nab\u00edjet, okolo 3:00 AM se spou\u0161t\u00ed samo\u010dist\u00edc\u00ed reakce, ale vystavit k\u00e1men svitu m\u011bs\u00edce dod\u00e1 mal\u00fd bonus.<\/strong><\/p>\n<p class=\"font_8\"><strong>K\u00e1men nekompromisn\u011b odstran\u00ed z&nbsp;Va\u0161eho \u017eivota lidi, kter\u00e9 do Va\u0161eho okol\u00ed nepat\u0159\u00ed.<\/strong><\/p>\n<p class=\"font_8\"><strong>K\u00e1men miluje vodu\u2026.P\u0159ejeme hodn\u011b \u0161t\u011bst\u00ed s&nbsp;kamenem.<\/strong><\/p>\n","protected":false},"excerpt":{"rendered":"<p>V Indii slou\u017eil k\u00e1men k ochran\u011b cel\u00fdch hinduistick\u00fdch chr\u00e1m\u016f. Tvar mal\u00e9ho vaj\u00ed\u010dka, dob\u0159e se nos\u00ed i v kapse.<\/p>\n","protected":false},"featured_media":2192,"comment_status":"open","ping_status":"closed","template":"","meta":{"ngg_post_thumbnail":0,"jetpack_post_was_ever_published":false,"_joinchat":[],"jetpack_publicize_message":"","jetpack_publicize_feature_enabled":true,"jetpack_social_post_already_shared":true,"jetpack_social_options":{"image_generator_settings":{"template":"highway","enabled":false},"version":2}},"product_cat":[111],"product_tag":[],"class_list":{"0":"post-2194","1":"product","2":"type-product","3":"status-publish","4":"has-post-thumbnail","6":"product_cat-cerna-shiva-lingams","8":"first","9":"outofstock","10":"shipping-taxable","11":"purchasable","12":"product-type-simple"},"jetpack_publicize_connections":[],"jetpack_likes_enabled":true,"jetpack-related-posts":[],"jetpack_sharing_enabled":true,"_links":{"self":[{"href":"https:\/\/kamenovo.cz\/index.php\/wp-json\/wp\/v2\/product\/2194","targetHints":{"allow":["GET"]}}],"collection":[{"href":"https:\/\/kamenovo.cz\/index.php\/wp-json\/wp\/v2\/product"}],"about":[{"href":"https:\/\/kamenovo.cz\/index.php\/wp-json\/wp\/v2\/types\/product"}],"replies":[{"embeddable":true,"href":"https:\/\/kamenovo.cz\/index.php\/wp-json\/wp\/v2\/comments?post=2194"}],"wp:featuredmedia":[{"embeddable":true,"href":"https:\/\/kamenovo.cz\/index.php\/wp-json\/wp\/v2\/media\/2192"}],"wp:attachment":[{"href":"https:\/\/kamenovo.cz\/index.php\/wp-json\/wp\/v2\/media?parent=2194"}],"wp:term":[{"taxonomy":"product_cat","embeddable":true,"href":"https:\/\/kamenovo.cz\/index.php\/wp-json\/wp\/v2\/product_cat?post=2194"},{"taxonomy":"product_tag","embeddable":true,"href":"https:\/\/kamenovo.cz\/index.php\/wp-json\/wp\/v2\/product_tag?post=2194"}],"curies":[{"name":"wp","href":"https:\/\/api.w.org\/{rel}","templated":true}]}}