{"id":2187,"date":"2018-11-04T16:31:11","date_gmt":"2018-11-04T16:31:11","guid":{"rendered":"https:\/\/kamenovo.cz\/?post_type=product&#038;p=2187"},"modified":"2018-11-04T16:31:12","modified_gmt":"2018-11-04T16:31:12","slug":"cerny-turmalin-druza-xl","status":"publish","type":"product","link":"https:\/\/kamenovo.cz\/index.php\/produkt\/cerny-turmalin-druza-xl\/","title":{"rendered":"\u010cern\u00fd turmal\u00edn dr\u016fza XL"},"content":{"rendered":"<p><strong>\u010cern\u00fd turmal\u00edn \/schorl\/<\/strong> chr\u00e1n\u00ed p\u0159ed z\u00e1\u0159en\u00edm mobiln\u00edch telefon\u016f,, ment\u00e1ln\u00edmi \u00fatoky, kouzly a nep\u0159\u00e1telsk\u00fdmi my\u0161lenkami. Dok\u00e1\u017ee od v\u00e1s odvracet negativn\u00ed energii v\u0161eho druhu. <strong>Spojuje se z\u00e1kladn\u00ed \u010dakrou,<\/strong> uzem\u0148uje energii a zvy\u0161uje t\u011blesnou vitalitu. Odstra\u0148uje nap\u011bt\u00ed a stres. \u010cist\u00ed negativn\u00ed my\u0161lenky, navozuje stav neutr\u00e1ln\u00ed objektivity a schopnost racion\u00e1ln\u00edho uva\u017eov\u00e1n\u00ed. Podn\u011bcuje k pozitivn\u00edmu nalad\u011bn\u00ed bez ohledu na okolnosti. Sou\u010dasn\u011b pob\u00edz\u00ed k altruistick\u00e9mu jedn\u00e1n\u00ed a rozv\u00edj\u00ed praktick\u00e9 tv\u016fr\u010d\u00ed schopnost. P\u0159i l\u00e9\u010den\u00ed dok\u00e1\u017ee \u010dern\u00fd turmal\u00edn polo\u017een\u00fd \u0161pi\u010dkou od t\u011bla odv\u00e1d\u011bt negativn\u00ed energii. \u010cern\u00fd turmal\u00edn br\u00e1n\u00ed p\u0159ed nemocemi p\u0159in\u00e1\u0161ej\u00edc\u00edmi oslaben\u00ed organizmu, posiluje imunitn\u00ed syst\u00e9m, l\u00e9\u010d\u00ed dyslexii a artritidu. P\u0159in\u00e1\u0161\u00ed \u00falevu od bolesti a harmonizuje m\u00edchu. <strong>Noste na krku<\/strong> nebo polo\u017ete mezi sebe a zdroj elektromagnetick\u00e9ho z\u00e1\u0159en\u00ed.<\/p>\n","protected":false},"excerpt":{"rendered":"<p>Vlastnosti kamene <a href=\"https:\/\/kamenovo.cz\/index.php\/2018\/07\/07\/turmalin\/#more-1680\"><strong>ZDE<\/strong><\/a><\/p>\n<p><span style=\"color: #ff0000;\"><strong>OBOUSTRANN\u011a UKON\u010cENO,KLENOT<\/strong><\/span><\/p>\n<ul>\n<li>nejsiln\u011bj\u0161\u00ed ochrann\u00fd k\u00e1men<\/li>\n<li>dr\u016fza, vz\u00e1cn\u00e9<\/li>\n<\/ul>\n","protected":false},"featured_media":2183,"comment_status":"open","ping_status":"closed","template":"","meta":{"ngg_post_thumbnail":0,"jetpack_post_was_ever_published":false,"_joinchat":[],"jetpack_publicize_message":"","jetpack_publicize_feature_enabled":true,"jetpack_social_post_already_shared":true,"jetpack_social_options":{"image_generator_settings":{"template":"highway","enabled":false},"version":2}},"product_cat":[113],"product_tag":[],"class_list":{"0":"post-2187","1":"product","2":"type-product","3":"status-publish","4":"has-post-thumbnail","6":"product_cat-cerny-turmalin-surove-kameny","8":"first","9":"instock","10":"shipping-taxable","11":"purchasable","12":"product-type-simple"},"jetpack_publicize_connections":[],"jetpack_likes_enabled":true,"jetpack-related-posts":[],"jetpack_sharing_enabled":true,"_links":{"self":[{"href":"https:\/\/kamenovo.cz\/index.php\/wp-json\/wp\/v2\/product\/2187","targetHints":{"allow":["GET"]}}],"collection":[{"href":"https:\/\/kamenovo.cz\/index.php\/wp-json\/wp\/v2\/product"}],"about":[{"href":"https:\/\/kamenovo.cz\/index.php\/wp-json\/wp\/v2\/types\/product"}],"replies":[{"embeddable":true,"href":"https:\/\/kamenovo.cz\/index.php\/wp-json\/wp\/v2\/comments?post=2187"}],"wp:featuredmedia":[{"embeddable":true,"href":"https:\/\/kamenovo.cz\/index.php\/wp-json\/wp\/v2\/media\/2183"}],"wp:attachment":[{"href":"https:\/\/kamenovo.cz\/index.php\/wp-json\/wp\/v2\/media?parent=2187"}],"wp:term":[{"taxonomy":"product_cat","embeddable":true,"href":"https:\/\/kamenovo.cz\/index.php\/wp-json\/wp\/v2\/product_cat?post=2187"},{"taxonomy":"product_tag","embeddable":true,"href":"https:\/\/kamenovo.cz\/index.php\/wp-json\/wp\/v2\/product_tag?post=2187"}],"curies":[{"name":"wp","href":"https:\/\/api.w.org\/{rel}","templated":true}]}}