{"id":2176,"date":"2018-11-04T16:17:31","date_gmt":"2018-11-04T16:17:31","guid":{"rendered":"https:\/\/kamenovo.cz\/?post_type=product&#038;p=2176"},"modified":"2018-11-04T16:22:36","modified_gmt":"2018-11-04T16:22:36","slug":"fluorit-xl","status":"publish","type":"product","link":"https:\/\/kamenovo.cz\/index.php\/produkt\/fluorit-xl\/","title":{"rendered":"Fluorit XL"},"content":{"rendered":"<p>Fluorit je krystal obda\u0159en\u00fd silnou ochrannou moc\u00ed, zejm\u00e9na na du\u0161evn\u00ed \u00farovni. Pom\u016f\u017ee rozeznat, kdy se ve va\u0161em nitru sna\u017e\u00ed projevit ciz\u00ed vlivy. Sou\u010dasn\u011b dok\u00e1\u017ee zastavit p\u016fsoben\u00ed psychick\u00e9 manipulace a nevhodn\u00e9ho du\u0161evn\u00edho vlivu. Krystal fluoritu <strong>pro\u010di\u0161\u0165uje a stabilizuje auru<\/strong>. Pokud je spr\u00e1vn\u011b um\u00edst\u011bn, blokuje geopatogenn\u00ed z\u00f3ny. Jestli\u017ee se pou\u017eije k l\u00e9\u010db\u011b, zah\u00e1n\u00ed fluorit negativn\u00ed energie a poruchy v\u0161eho druhu. \u010cist\u00ed, odstra\u0148uje a p\u0159eorganizov\u00e1v\u00e1 v t\u011ble v\u0161e, co nen\u00ed v naprost\u00e9m po\u0159\u00e1dku. Jedn\u00e1 se o nejl\u00e9pe funguj\u00edc\u00ed krystal, pokud jde o p\u0159ekon\u00e1n\u00ed jak\u00e9hokoli nesouladu v t\u011ble.<\/p>\n","protected":false},"excerpt":{"rendered":"<p>Vlastnosti kamene <a href=\"https:\/\/kamenovo.cz\/index.php\/2018\/06\/08\/fluorit\/#more-1581\"><strong>ZDE<\/strong><\/a><\/p>\n<ul>\n<li>pusobi namozek, u\u010den\u00ed<\/li>\n<li>podpora vlasy, nechty, zuby<\/li>\n<li>psychika<\/li>\n<li>TOP kvalita<\/li>\n<\/ul>\n","protected":false},"featured_media":2180,"comment_status":"open","ping_status":"closed","template":"","meta":{"ngg_post_thumbnail":0,"jetpack_post_was_ever_published":false,"_joinchat":[],"jetpack_publicize_message":"","jetpack_publicize_feature_enabled":true,"jetpack_social_post_already_shared":true,"jetpack_social_options":{"image_generator_settings":{"template":"highway","enabled":false},"version":2}},"product_cat":[112,44],"product_tag":[],"class_list":{"0":"post-2176","1":"product","2":"type-product","3":"status-publish","4":"has-post-thumbnail","6":"product_cat-fluorit-surove-kameny","7":"product_cat-surove-kameny","9":"first","10":"instock","11":"shipping-taxable","12":"purchasable","13":"product-type-simple"},"jetpack_publicize_connections":[],"jetpack_likes_enabled":true,"jetpack-related-posts":[],"jetpack_sharing_enabled":true,"_links":{"self":[{"href":"https:\/\/kamenovo.cz\/index.php\/wp-json\/wp\/v2\/product\/2176","targetHints":{"allow":["GET"]}}],"collection":[{"href":"https:\/\/kamenovo.cz\/index.php\/wp-json\/wp\/v2\/product"}],"about":[{"href":"https:\/\/kamenovo.cz\/index.php\/wp-json\/wp\/v2\/types\/product"}],"replies":[{"embeddable":true,"href":"https:\/\/kamenovo.cz\/index.php\/wp-json\/wp\/v2\/comments?post=2176"}],"wp:featuredmedia":[{"embeddable":true,"href":"https:\/\/kamenovo.cz\/index.php\/wp-json\/wp\/v2\/media\/2180"}],"wp:attachment":[{"href":"https:\/\/kamenovo.cz\/index.php\/wp-json\/wp\/v2\/media?parent=2176"}],"wp:term":[{"taxonomy":"product_cat","embeddable":true,"href":"https:\/\/kamenovo.cz\/index.php\/wp-json\/wp\/v2\/product_cat?post=2176"},{"taxonomy":"product_tag","embeddable":true,"href":"https:\/\/kamenovo.cz\/index.php\/wp-json\/wp\/v2\/product_tag?post=2176"}],"curies":[{"name":"wp","href":"https:\/\/api.w.org\/{rel}","templated":true}]}}