{"id":2035,"date":"2018-09-22T19:13:19","date_gmt":"2018-09-22T19:13:19","guid":{"rendered":"https:\/\/kamenovo.cz\/?post_type=product&#038;p=2035"},"modified":"2020-09-15T11:43:30","modified_gmt":"2020-09-15T11:43:30","slug":"pyramidalni-zaric","status":"publish","type":"product","link":"https:\/\/kamenovo.cz\/index.php\/produkt\/pyramidalni-zaric\/","title":{"rendered":"Pyramid\u00e1ln\u00ed z\u00e1\u0159i\u010d"},"content":{"rendered":"","protected":false},"excerpt":{"rendered":"<p><u><strong>Pyramid\u00e1lny \u017eiari\u010d energie s DNA \u0161pir\u00e1lou<\/strong><\/u><\/p>\n<ul>\n<li><strong>obrovsk\u00e1 sila DNA \u0161pir\u00e1ly&#8230;&nbsp;<\/strong><\/li>\n<li><strong>v kombin\u00e1cii s kri\u0161t\u00e1\u013eovou gu\u013eou harmonizuje okolie a nab\u00edja energiou..<\/strong><\/li>\n<li><strong>v kombin\u00e1cii so \u0161ungitovou gu\u013eou dok\u00e1\u017ee z tela vy\u0165ahova\u0165 negat\u00edvne energie, my\u0161li<span class=\"text_exposed_show\">enky, em\u00f3cie,&#8230;<\/span><\/strong><\/li>\n<li><strong><span class=\"text_exposed_show\">ostatn\u00e9 druhy miner\u00e1lov zatia\u013e testujeme&#8230;<\/span><\/strong><\/li>\n<li><strong><span class=\"text_exposed_show\">obe varianty m\u00e1me samozrejme premeran\u00e9 pr\u00fatik\u00e1rom&#8230;<\/span><\/strong><\/li>\n<li><strong><span class=\"text_exposed_show\">maj\u00fa obrovsk\u00fa silu vesm\u00edrnej energie, nikto zatia\u013e ni\u010d podobn\u00e9 nevyrobil&#8230;<\/span><\/strong><\/li>\n<\/ul>\n","protected":false},"featured_media":2036,"comment_status":"open","ping_status":"closed","template":"","meta":{"ngg_post_thumbnail":0,"jetpack_post_was_ever_published":false,"_joinchat":[],"jetpack_publicize_message":"","jetpack_publicize_feature_enabled":true,"jetpack_social_post_already_shared":true,"jetpack_social_options":{"image_generator_settings":{"template":"highway","enabled":false},"version":2}},"product_cat":[104],"product_tag":[],"class_list":{"0":"post-2035","1":"product","2":"type-product","3":"status-publish","4":"has-post-thumbnail","6":"product_cat-pyramidalni-zaric","8":"first","9":"outofstock","10":"featured","11":"shipping-taxable","12":"purchasable","13":"product-type-simple"},"jetpack_publicize_connections":[],"jetpack_likes_enabled":true,"jetpack-related-posts":[],"jetpack_sharing_enabled":true,"_links":{"self":[{"href":"https:\/\/kamenovo.cz\/index.php\/wp-json\/wp\/v2\/product\/2035","targetHints":{"allow":["GET"]}}],"collection":[{"href":"https:\/\/kamenovo.cz\/index.php\/wp-json\/wp\/v2\/product"}],"about":[{"href":"https:\/\/kamenovo.cz\/index.php\/wp-json\/wp\/v2\/types\/product"}],"replies":[{"embeddable":true,"href":"https:\/\/kamenovo.cz\/index.php\/wp-json\/wp\/v2\/comments?post=2035"}],"wp:featuredmedia":[{"embeddable":true,"href":"https:\/\/kamenovo.cz\/index.php\/wp-json\/wp\/v2\/media\/2036"}],"wp:attachment":[{"href":"https:\/\/kamenovo.cz\/index.php\/wp-json\/wp\/v2\/media?parent=2035"}],"wp:term":[{"taxonomy":"product_cat","embeddable":true,"href":"https:\/\/kamenovo.cz\/index.php\/wp-json\/wp\/v2\/product_cat?post=2035"},{"taxonomy":"product_tag","embeddable":true,"href":"https:\/\/kamenovo.cz\/index.php\/wp-json\/wp\/v2\/product_tag?post=2035"}],"curies":[{"name":"wp","href":"https:\/\/api.w.org\/{rel}","templated":true}]}}