{"id":1901,"date":"2018-07-08T15:31:15","date_gmt":"2018-07-08T15:31:15","guid":{"rendered":"https:\/\/kamenovo.cz\/?post_type=product&#038;p=1901"},"modified":"2019-12-02T20:20:04","modified_gmt":"2019-12-02T20:20:04","slug":"tyrkys-2","status":"publish","type":"product","link":"https:\/\/kamenovo.cz\/index.php\/produkt\/tyrkys-2\/","title":{"rendered":"Tyrkys"},"content":{"rendered":"<p><img loading=\"lazy\" decoding=\"async\" class=\"attachment- size- wp-post-image\" src=\"https:\/\/kamenovo.cz\/wp-content\/uploads\/2018\/07\/Tyrkys.jpg\" sizes=\"auto, (max-width: 220px) 100vw, 220px\" srcset=\"https:\/\/i2.wp.com\/kamenovo.cz\/wp-content\/uploads\/2018\/07\/Tyrkys.jpg?w=220&amp;ssl=1 220w, https:\/\/i2.wp.com\/kamenovo.cz\/wp-content\/uploads\/2018\/07\/Tyrkys.jpg?resize=150%2C150&amp;ssl=1 150w, https:\/\/i2.wp.com\/kamenovo.cz\/wp-content\/uploads\/2018\/07\/Tyrkys.jpg?resize=45%2C45&amp;ssl=1 45w, https:\/\/i2.wp.com\/kamenovo.cz\/wp-content\/uploads\/2018\/07\/Tyrkys.jpg?resize=100%2C100&amp;ssl=1 100w\" alt=\"\" width=\"220\" height=\"220\" data-attachment-id=\"1842\" data-permalink=\"https:\/\/kamenovo.cz\/index.php\/2018\/07\/08\/tyrkys\/tyrkys\/\" data-orig-file=\"https:\/\/i2.wp.com\/kamenovo.cz\/wp-content\/uploads\/2018\/07\/Tyrkys.jpg?fit=220%2C220&amp;ssl=1\" data-orig-size=\"220,220\" data-comments-opened=\"1\" data-image-meta=\"{&quot;aperture&quot;:&quot;0&quot;,&quot;credit&quot;:&quot;&quot;,&quot;camera&quot;:&quot;&quot;,&quot;caption&quot;:&quot;&quot;,&quot;created_timestamp&quot;:&quot;0&quot;,&quot;copyright&quot;:&quot;&quot;,&quot;focal_length&quot;:&quot;0&quot;,&quot;iso&quot;:&quot;0&quot;,&quot;shutter_speed&quot;:&quot;0&quot;,&quot;title&quot;:&quot;&quot;,&quot;orientation&quot;:&quot;0&quot;}\" data-image-title=\"Tyrkys\" data-image-description=\"\" data-medium-file=\"https:\/\/i2.wp.com\/kamenovo.cz\/wp-content\/uploads\/2018\/07\/Tyrkys.jpg?fit=220%2C220&amp;ssl=1\" data-large-file=\"https:\/\/i2.wp.com\/kamenovo.cz\/wp-content\/uploads\/2018\/07\/Tyrkys.jpg?fit=220%2C220&amp;ssl=1\"><\/p>\n<h3><span style=\"color: #ff0000;\"><strong>TYRKYS JE PARTNERSK\u00dd K\u00c1MEN, UM\u00cd NAPOVEDET NA D\u00c1LKU. KDY\u017d OBA PARTNE\u0158I NOS\u00cd \u0160PERK Z TOHOTO KAMENE A NA D\u00c1LKU SE M\u016e\u017dE P\u0158IHODIT NECO PRO VZTAH ZAVADNEHO, UM\u00cd TENTO K\u00c1MEZ ZMENIT BARVU Z OBVYKL\u00c9 KR\u00c1SN\u011a <span style=\"color: #0000ff;\">MODR\u00c9<\/span> NA <span style=\"color: #99cc00;\">ZELENKAVOU<\/span>. TAK\u017dE KDY\u017d KAMEN <span style=\"color: #99cc00;\">ZEZELEN\u00c1<\/span>, DEJE SE NA DRUH\u00c9 STRANE NEV\u011aRA&#8230;.NEBO JE V HLAVE.<\/strong><\/span><\/h3>\n<p><strong>Barva:<\/strong> Tyrkysov\u00fd, zelen\u00fd nebo modr\u00fd<\/p>\n<p><strong>Vzhled:<\/strong> Matn\u00fd, mnohdy \u017eilkovan\u00fd. V\u0161echny velikost\u00ed<\/p>\n<p><strong>Vlastnosti: <\/strong>Tyrkys je nej\u00fa\u010dinn\u011bj\u0161\u00ed l\u00e9\u010div\u00fd krystal. P\u0159in\u00e1\u0161\u00ed zotaven\u00ed ducha i pohodu t\u011bla. Jedn\u00e1 se o ochrann\u00fd k\u00e1men pou\u017e\u00edvan\u00fd odnepam\u011bti na amulety. \u00dadajn\u011b dok\u00e1\u017ee zm\u011bnit i barvu, aby sv\u00e9ho majitele varoval p\u0159ed nebezpe\u010d\u00edm nev\u011bry. Umo\u017e\u0148uje duchovn\u00ed nalad\u011bn\u00ed a zlep\u0161uje komunikaci mezi hmotn\u00fdm a duchovn\u00edm sv\u011btem. Polo\u017een\u00fd <strong>na t\u0159et\u00ed oko<\/strong> zvy\u0161uje schopnost intuice a usnad\u0148uje meditaci. Um\u00edst\u011bn\u00fd <strong>na kr\u010dn\u00ed \u010dak\u0159e<\/strong> zpro\u0161\u0165uje star\u00fdch p\u0159\u00edsah, slib\u016f, z\u00e1kaz\u016f a omezen\u00ed. Umo\u017e\u0148uje du\u0161i, aby se op\u011btovn\u011b projevila ve sv\u00e9 skute\u010dn\u00e9 podob\u011b. Zkoum\u00e1 minul\u00e9 \u017eivoty a ukazuje, jak se st\u00e1le d\u00e1l a d\u00e1l odv\u00edj\u00ed vytv\u00e1\u0159en\u00ed va\u0161eho \u201eosudu\u201c a nakolik je tento osud z\u00e1visl\u00fd na v\u0161em, \u010deho se v kter\u00e9mkoli okam\u017eiku dopust\u00edte.<\/p>\n","protected":false},"excerpt":{"rendered":"<p>Vlastnosti kamene <a href=\"https:\/\/kamenovo.cz\/index.php\/2018\/07\/08\/tyrkys\/\"><strong>ZDE<\/strong><\/a><\/p>\n<ul>\n<li>faraonsk\u00fd k\u00e1men<\/li>\n<li>k\u00e1men p\u0159in\u00e1\u0161ej\u00edc\u00ed klid ma du\u0161i<\/li>\n<li>partnersk\u00fd k\u00e1men<\/li>\n<\/ul>\n","protected":false},"featured_media":1893,"comment_status":"open","ping_status":"closed","template":"","meta":{"ngg_post_thumbnail":0,"jetpack_post_was_ever_published":false,"_joinchat":[],"jetpack_publicize_message":"","jetpack_publicize_feature_enabled":true,"jetpack_social_post_already_shared":true,"jetpack_social_options":{"image_generator_settings":{"template":"highway","enabled":false},"version":2}},"product_cat":[63],"product_tag":[],"class_list":{"0":"post-1901","1":"product","2":"type-product","3":"status-publish","4":"has-post-thumbnail","6":"product_cat-tyrkys","8":"first","9":"instock","10":"shipping-taxable","11":"purchasable","12":"product-type-simple"},"jetpack_publicize_connections":[],"jetpack_likes_enabled":true,"jetpack-related-posts":[],"jetpack_sharing_enabled":true,"_links":{"self":[{"href":"https:\/\/kamenovo.cz\/index.php\/wp-json\/wp\/v2\/product\/1901","targetHints":{"allow":["GET"]}}],"collection":[{"href":"https:\/\/kamenovo.cz\/index.php\/wp-json\/wp\/v2\/product"}],"about":[{"href":"https:\/\/kamenovo.cz\/index.php\/wp-json\/wp\/v2\/types\/product"}],"replies":[{"embeddable":true,"href":"https:\/\/kamenovo.cz\/index.php\/wp-json\/wp\/v2\/comments?post=1901"}],"wp:featuredmedia":[{"embeddable":true,"href":"https:\/\/kamenovo.cz\/index.php\/wp-json\/wp\/v2\/media\/1893"}],"wp:attachment":[{"href":"https:\/\/kamenovo.cz\/index.php\/wp-json\/wp\/v2\/media?parent=1901"}],"wp:term":[{"taxonomy":"product_cat","embeddable":true,"href":"https:\/\/kamenovo.cz\/index.php\/wp-json\/wp\/v2\/product_cat?post=1901"},{"taxonomy":"product_tag","embeddable":true,"href":"https:\/\/kamenovo.cz\/index.php\/wp-json\/wp\/v2\/product_tag?post=1901"}],"curies":[{"name":"wp","href":"https:\/\/api.w.org\/{rel}","templated":true}]}}