{"id":1808,"date":"2018-07-08T00:01:07","date_gmt":"2018-07-08T00:01:07","guid":{"rendered":"https:\/\/kamenovo.cz\/?post_type=product&#038;p=1808"},"modified":"2018-11-03T10:42:45","modified_gmt":"2018-11-03T10:42:45","slug":"akvamarin-extra","status":"publish","type":"product","link":"https:\/\/kamenovo.cz\/index.php\/produkt\/akvamarin-extra\/","title":{"rendered":"Akvamar\u00edn extra"},"content":{"rendered":"","protected":false},"excerpt":{"rendered":"<p>Vlastnosti kamene <a href=\"https:\/\/kamenovo.cz\/index.php\/2018\/06\/08\/akkvamarin\/\"><strong>ZDE<\/strong><\/a><\/p>\n<ul>\n<li>Akvamar\u00edn je k\u00e1men symbolizuj\u00edc\u00ed odvahu. Jeho uklid\u0148uj\u00edc\u00ed energie potla\u010duje stres a uklid\u0148uje mysl. Vn\u00e1\u0161\u00ed harmonii do sv\u00e9ho okol\u00ed a chr\u00e1n\u00ed p\u0159ed jeho \u0161kodliv\u00fdm zne\u010di\u0161t\u011bn\u00edm.<\/li>\n<\/ul>\n","protected":false},"featured_media":1809,"comment_status":"open","ping_status":"closed","template":"","meta":{"ngg_post_thumbnail":0,"jetpack_post_was_ever_published":false,"_joinchat":[],"jetpack_publicize_message":"","jetpack_publicize_feature_enabled":true,"jetpack_social_post_already_shared":true,"jetpack_social_options":{"image_generator_settings":{"template":"highway","enabled":false},"version":2}},"product_cat":[84],"product_tag":[],"class_list":{"0":"post-1808","1":"product","2":"type-product","3":"status-publish","4":"has-post-thumbnail","6":"product_cat-akvamarin","8":"first","9":"instock","10":"shipping-taxable","11":"purchasable","12":"product-type-simple"},"jetpack_publicize_connections":[],"jetpack_likes_enabled":true,"jetpack-related-posts":[],"jetpack_sharing_enabled":true,"_links":{"self":[{"href":"https:\/\/kamenovo.cz\/index.php\/wp-json\/wp\/v2\/product\/1808","targetHints":{"allow":["GET"]}}],"collection":[{"href":"https:\/\/kamenovo.cz\/index.php\/wp-json\/wp\/v2\/product"}],"about":[{"href":"https:\/\/kamenovo.cz\/index.php\/wp-json\/wp\/v2\/types\/product"}],"replies":[{"embeddable":true,"href":"https:\/\/kamenovo.cz\/index.php\/wp-json\/wp\/v2\/comments?post=1808"}],"wp:featuredmedia":[{"embeddable":true,"href":"https:\/\/kamenovo.cz\/index.php\/wp-json\/wp\/v2\/media\/1809"}],"wp:attachment":[{"href":"https:\/\/kamenovo.cz\/index.php\/wp-json\/wp\/v2\/media?parent=1808"}],"wp:term":[{"taxonomy":"product_cat","embeddable":true,"href":"https:\/\/kamenovo.cz\/index.php\/wp-json\/wp\/v2\/product_cat?post=1808"},{"taxonomy":"product_tag","embeddable":true,"href":"https:\/\/kamenovo.cz\/index.php\/wp-json\/wp\/v2\/product_tag?post=1808"}],"curies":[{"name":"wp","href":"https:\/\/api.w.org\/{rel}","templated":true}]}}