{"id":1645,"date":"2018-07-06T20:10:34","date_gmt":"2018-07-06T20:10:34","guid":{"rendered":"https:\/\/kamenovo.cz\/?post_type=product&#038;p=1645"},"modified":"2020-06-30T20:44:59","modified_gmt":"2020-06-30T20:44:59","slug":"solna-lampa-eletricka","status":"publish","type":"product","link":"https:\/\/kamenovo.cz\/index.php\/produkt\/solna-lampa-eletricka\/","title":{"rendered":"Soln\u00e1 lampa eletrick\u00e1"},"content":{"rendered":"<ul>\n<li>ionizace prostoru<\/li>\n<li>produkce z\u00e1porn\u00fdch iont\u016f<\/li>\n<li>vhodn\u00e9 pro alergiky<\/li>\n<li>n\u00e1vrat do p\u0159\u00edrodn\u00edho prost\u0159ed\u00ed<\/li>\n<li>kr\u00e1sn\u00e1 dekorace<\/li>\n<li>p\u016fvod z Himal\u00e1j\u00ed<\/li>\n<li>vr\u00e1mci kabelu na 220V a \u017e\u00e1rovky<\/li>\n<\/ul>\n","protected":false},"excerpt":{"rendered":"<p><b>Soln\u00e9 lampy p\u016fsob\u00ed blahod\u00e1rn\u011b na lidsk\u00fd organismus a pom\u00e1haj\u00ed navodit p\u0159\u00edjemnou atmosf\u00e9ru u V\u00e1s doma. Pozitivn\u00ed \u00fa\u010dinky soln\u00e9 lampy na d\u00fdchac\u00ed cesty ocen\u00ed zejm\u00e9na lid\u00e9 s respira\u010dn\u00edmi pot\u00ed\u017eemi a alergici, ale slo\u017een\u00ed soln\u00e9 lampy je pro lidi p\u0159\u00edzniv\u00e9 i po jin\u00fdch str\u00e1nk\u00e1ch.<\/b><\/p>\n","protected":false},"featured_media":1660,"comment_status":"open","ping_status":"closed","template":"","meta":{"ngg_post_thumbnail":0,"jetpack_post_was_ever_published":false,"_joinchat":[],"jetpack_publicize_message":"","jetpack_publicize_feature_enabled":true,"jetpack_social_post_already_shared":true,"jetpack_social_options":{"image_generator_settings":{"template":"highway","enabled":false},"version":2}},"product_cat":[43],"product_tag":[],"class_list":{"0":"post-1645","1":"product","2":"type-product","3":"status-publish","4":"has-post-thumbnail","6":"product_cat-lampy-a-svicny","8":"first","9":"instock","10":"shipping-taxable","11":"purchasable","12":"product-type-simple"},"jetpack_publicize_connections":[],"jetpack_likes_enabled":true,"jetpack-related-posts":[],"jetpack_sharing_enabled":true,"_links":{"self":[{"href":"https:\/\/kamenovo.cz\/index.php\/wp-json\/wp\/v2\/product\/1645","targetHints":{"allow":["GET"]}}],"collection":[{"href":"https:\/\/kamenovo.cz\/index.php\/wp-json\/wp\/v2\/product"}],"about":[{"href":"https:\/\/kamenovo.cz\/index.php\/wp-json\/wp\/v2\/types\/product"}],"replies":[{"embeddable":true,"href":"https:\/\/kamenovo.cz\/index.php\/wp-json\/wp\/v2\/comments?post=1645"}],"wp:featuredmedia":[{"embeddable":true,"href":"https:\/\/kamenovo.cz\/index.php\/wp-json\/wp\/v2\/media\/1660"}],"wp:attachment":[{"href":"https:\/\/kamenovo.cz\/index.php\/wp-json\/wp\/v2\/media?parent=1645"}],"wp:term":[{"taxonomy":"product_cat","embeddable":true,"href":"https:\/\/kamenovo.cz\/index.php\/wp-json\/wp\/v2\/product_cat?post=1645"},{"taxonomy":"product_tag","embeddable":true,"href":"https:\/\/kamenovo.cz\/index.php\/wp-json\/wp\/v2\/product_tag?post=1645"}],"curies":[{"name":"wp","href":"https:\/\/api.w.org\/{rel}","templated":true}]}}