{"id":1589,"date":"2018-06-08T20:14:34","date_gmt":"2018-06-08T20:14:34","guid":{"rendered":"https:\/\/kamenovo.cz\/?post_type=product&#038;p=1589"},"modified":"2024-04-20T17:50:51","modified_gmt":"2024-04-20T17:50:51","slug":"jantarovy-naramek-sekany","status":"publish","type":"product","link":"https:\/\/kamenovo.cz\/index.php\/produkt\/jantarovy-naramek-sekany\/","title":{"rendered":"Jantarov\u00fd n\u00e1ramek sekan\u00fd"},"content":{"rendered":"<p><strong>Vlastnosti:<\/strong> P\u0159\u00edsn\u011b vzato jantar ve skute\u010dnosti nen\u00ed krystal. Jedn\u00e1 se o ztuhlou a zkamen\u011blou prysky\u0159ici strom\u016f. M\u00e1 siln\u00e9 spojen\u00ed se zem\u00ed a je vodi\u010dem vy\u0161\u0161\u00edch energi\u00ed. Jantar m\u00e1 silnou l\u00e9\u010divou a o\u010distnou moc, kter\u00e1 z t\u011bla vyh\u00e1n\u00ed nerovnov\u00e1hu a posiluje uzdraven\u00ed. Rovn\u011b\u017e o\u010di\u0161\u0165uje prost\u0159ed\u00ed a \u010dakry. Pohlcuje negativn\u00ed energie a prom\u011b\u0148uje je v pozitivn\u00ed s\u00edly, kter\u00e9 podn\u011bcuj\u00ed t\u011blo, aby se samo uzdravovalo. Coby mocn\u00fd ochr\u00e1nce zaji\u0161\u0165uje ustavi\u010dn\u00fd kontakt pozemsk\u00e9ho t\u011bla s vy\u0161\u0161\u00ed duchovn\u00ed realitou. V\u00fdborn\u00fd k\u00e1men na protialergick\u00e9 reakce poko\u017eky, astma atd&#8230;<\/p>\n<p>Vlastnosti kamene: <a href=\"https:\/\/kamenovo.cz\/index.php\/2018\/06\/08\/jantar\/\">ZDE<\/a><\/p>\n","protected":false},"excerpt":{"rendered":"<p>Vlastnosti: P\u0159\u00edsn\u011b vzato jantar ve skute\u010dnosti nen\u00ed krystal. Jedn\u00e1 se o ztuhlou a zkamen\u011blou prysky\u0159ici strom\u016f. M\u00e1 siln\u00e9 spojen\u00ed se zem\u00ed a je vodi\u010dem vy\u0161\u0161\u00edch energi\u00ed. Jantar m\u00e1 silnou l\u00e9\u010divou a o\u010distnou moc, kter\u00e1 z t\u011bla vyh\u00e1n\u00ed nerovnov\u00e1hu a posiluje uzdraven\u00ed. Rovn\u011b\u017e o\u010di\u0161\u0165uje prost\u0159ed\u00ed a \u010dakry. Pohlcuje negativn\u00ed energie a prom\u011b\u0148uje je v pozitivn\u00ed s\u00edly, [&hellip;]<\/p>\n","protected":false},"featured_media":1562,"comment_status":"open","ping_status":"closed","template":"","meta":{"ngg_post_thumbnail":0,"jetpack_post_was_ever_published":false,"_joinchat":[],"jetpack_publicize_message":"","jetpack_publicize_feature_enabled":true,"jetpack_social_post_already_shared":true,"jetpack_social_options":{"image_generator_settings":{"template":"highway","enabled":false},"version":2}},"product_cat":[41],"product_tag":[],"class_list":{"0":"post-1589","1":"product","2":"type-product","3":"status-publish","4":"has-post-thumbnail","6":"product_cat-naramky","8":"first","9":"outofstock","10":"shipping-taxable","11":"purchasable","12":"product-type-simple"},"jetpack_publicize_connections":[],"jetpack_likes_enabled":true,"jetpack-related-posts":[],"jetpack_sharing_enabled":true,"_links":{"self":[{"href":"https:\/\/kamenovo.cz\/index.php\/wp-json\/wp\/v2\/product\/1589","targetHints":{"allow":["GET"]}}],"collection":[{"href":"https:\/\/kamenovo.cz\/index.php\/wp-json\/wp\/v2\/product"}],"about":[{"href":"https:\/\/kamenovo.cz\/index.php\/wp-json\/wp\/v2\/types\/product"}],"replies":[{"embeddable":true,"href":"https:\/\/kamenovo.cz\/index.php\/wp-json\/wp\/v2\/comments?post=1589"}],"wp:featuredmedia":[{"embeddable":true,"href":"https:\/\/kamenovo.cz\/index.php\/wp-json\/wp\/v2\/media\/1562"}],"wp:attachment":[{"href":"https:\/\/kamenovo.cz\/index.php\/wp-json\/wp\/v2\/media?parent=1589"}],"wp:term":[{"taxonomy":"product_cat","embeddable":true,"href":"https:\/\/kamenovo.cz\/index.php\/wp-json\/wp\/v2\/product_cat?post=1589"},{"taxonomy":"product_tag","embeddable":true,"href":"https:\/\/kamenovo.cz\/index.php\/wp-json\/wp\/v2\/product_tag?post=1589"}],"curies":[{"name":"wp","href":"https:\/\/api.w.org\/{rel}","templated":true}]}}