{"id":1580,"date":"2018-06-08T19:56:24","date_gmt":"2018-06-08T19:56:24","guid":{"rendered":"https:\/\/kamenovo.cz\/?post_type=product&#038;p=1580"},"modified":"2018-12-16T15:17:26","modified_gmt":"2018-12-16T15:17:26","slug":"chryzopras-naramek-extra","status":"publish","type":"product","link":"https:\/\/kamenovo.cz\/index.php\/produkt\/chryzopras-naramek-extra\/","title":{"rendered":"Chryzopras n\u00e1ramek extra"},"content":{"rendered":"<p><strong>Vlastnosti: <\/strong>Chryzopras prop\u016fj\u010duje \u010dlov\u011bku pocit, \u017ee je sou\u010d\u00e1st\u00ed vy\u0161\u0161\u00edho bo\u017esk\u00e9ho celku. Uv\u00e1d\u00ed sv\u00e9ho nositele do stavu hlubok\u00e9 meditace. Ve starov\u011bku se soudilo, \u017ee p\u0159in\u00e1\u0161\u00ed rovn\u011b\u017e l\u00e1sku k pravd\u011b. Tento krystal nab\u00edj\u00ed energi\u00ed <strong>srde\u010dn\u00ed a k\u0159\u00ed\u017eovou \u010dakru <\/strong>a vn\u00e1\u0161\u00ed do fyzick\u00e9ho t\u011bla univerz\u00e1ln\u00ed vesm\u00edrnou energii.<\/p>\n<p>Vlastnosti kamene: <a href=\"https:\/\/kamenovo.cz\/index.php\/2018\/06\/08\/chryzopras\/\">ZDE<\/a><\/p>\n","protected":false},"excerpt":{"rendered":"<p>Vlastnosti: Chryzopras prop\u016fj\u010duje \u010dlov\u011bku pocit, \u017ee je sou\u010d\u00e1st\u00ed vy\u0161\u0161\u00edho bo\u017esk\u00e9ho celku. Uv\u00e1d\u00ed sv\u00e9ho nositele do stavu hlubok\u00e9 meditace. Ve starov\u011bku se soudilo, \u017ee p\u0159in\u00e1\u0161\u00ed rovn\u011b\u017e l\u00e1sku k pravd\u011b. Tento krystal nab\u00edj\u00ed energi\u00ed srde\u010dn\u00ed a k\u0159\u00ed\u017eovou \u010dakru a vn\u00e1\u0161\u00ed do fyzick\u00e9ho t\u011bla univerz\u00e1ln\u00ed vesm\u00edrnou energii. Vlastnosti kamene: ZDE<\/p>\n","protected":false},"featured_media":1561,"comment_status":"open","ping_status":"closed","template":"","meta":{"ngg_post_thumbnail":0,"jetpack_post_was_ever_published":false,"_joinchat":[],"jetpack_publicize_message":"","jetpack_publicize_feature_enabled":true,"jetpack_social_post_already_shared":true,"jetpack_social_options":{"image_generator_settings":{"template":"highway","enabled":false},"version":2}},"product_cat":[41],"product_tag":[],"class_list":{"0":"post-1580","1":"product","2":"type-product","3":"status-publish","4":"has-post-thumbnail","6":"product_cat-naramky","8":"first","9":"instock","10":"shipping-taxable","11":"purchasable","12":"product-type-simple"},"jetpack_publicize_connections":[],"jetpack_likes_enabled":true,"jetpack-related-posts":[],"jetpack_sharing_enabled":true,"_links":{"self":[{"href":"https:\/\/kamenovo.cz\/index.php\/wp-json\/wp\/v2\/product\/1580","targetHints":{"allow":["GET"]}}],"collection":[{"href":"https:\/\/kamenovo.cz\/index.php\/wp-json\/wp\/v2\/product"}],"about":[{"href":"https:\/\/kamenovo.cz\/index.php\/wp-json\/wp\/v2\/types\/product"}],"replies":[{"embeddable":true,"href":"https:\/\/kamenovo.cz\/index.php\/wp-json\/wp\/v2\/comments?post=1580"}],"wp:featuredmedia":[{"embeddable":true,"href":"https:\/\/kamenovo.cz\/index.php\/wp-json\/wp\/v2\/media\/1561"}],"wp:attachment":[{"href":"https:\/\/kamenovo.cz\/index.php\/wp-json\/wp\/v2\/media?parent=1580"}],"wp:term":[{"taxonomy":"product_cat","embeddable":true,"href":"https:\/\/kamenovo.cz\/index.php\/wp-json\/wp\/v2\/product_cat?post=1580"},{"taxonomy":"product_tag","embeddable":true,"href":"https:\/\/kamenovo.cz\/index.php\/wp-json\/wp\/v2\/product_tag?post=1580"}],"curies":[{"name":"wp","href":"https:\/\/api.w.org\/{rel}","templated":true}]}}