{"id":1576,"date":"2018-06-08T19:49:30","date_gmt":"2018-06-08T19:49:30","guid":{"rendered":"https:\/\/kamenovo.cz\/?post_type=product&#038;p=1576"},"modified":"2018-12-16T15:21:16","modified_gmt":"2018-12-16T15:21:16","slug":"ruzenin-sekany","status":"publish","type":"product","link":"https:\/\/kamenovo.cz\/index.php\/produkt\/ruzenin-sekany\/","title":{"rendered":"R\u016f\u017een\u00edn sekan\u00fd"},"content":{"rendered":"<p><strong>R\u016f\u017een\u00edn<\/strong> je k\u00e1men l\u00e1sky. Otev\u00edr\u00e1 na\u0161e srdce a napom\u00e1h\u00e1 p\u0159i hled\u00e1n\u00ed prav\u00e9 l\u00e1sky. Je skv\u011bl\u00fd tak\u00e9 pro lidi ve vztahu, nebo\u0165 dod\u00e1v\u00e1 s\u00edlu odpou\u0161t\u011bt a u\u010d\u00ed n\u00e1s trp\u011blivosti. V&nbsp;na\u0161em e-shopu m\u016f\u017eete zakoupit rub\u00ednov\u00e9 n\u00e1u\u0161nice, n\u00e1dhern\u00fd tromlovan\u00fd r\u016f\u017een\u00edn vhodn\u00fd jako d\u00e1rek milovan\u00fdm i n\u00e1ramky a n\u00e1hrdeln\u00edky z&nbsp;l\u00e9\u010div\u00fdch kamen\u016f.<\/p>\n","protected":false},"excerpt":{"rendered":"<p>R\u016f\u017een\u00edn je k\u00e1men l\u00e1sky. Otev\u00edr\u00e1 na\u0161e srdce a napom\u00e1h\u00e1 p\u0159i hled\u00e1n\u00ed prav\u00e9 l\u00e1sky. Je skv\u011bl\u00fd tak\u00e9 pro lidi ve vztahu, nebo\u0165 dod\u00e1v\u00e1 s\u00edlu odpou\u0161t\u011bt a u\u010d\u00ed n\u00e1s trp\u011blivosti. V&nbsp;na\u0161em e-shopu m\u016f\u017eete zakoupit rub\u00ednov\u00e9 n\u00e1u\u0161nice, n\u00e1dhern\u00fd tromlovan\u00fd r\u016f\u017een\u00edn vhodn\u00fd jako d\u00e1rek milovan\u00fdm i n\u00e1ramky a n\u00e1hrdeln\u00edky z&nbsp;l\u00e9\u010div\u00fdch kamen\u016f.<\/p>\n","protected":false},"featured_media":1569,"comment_status":"open","ping_status":"closed","template":"","meta":{"ngg_post_thumbnail":0,"jetpack_post_was_ever_published":false,"_joinchat":[],"jetpack_publicize_message":"","jetpack_publicize_feature_enabled":true,"jetpack_social_post_already_shared":true,"jetpack_social_options":{"image_generator_settings":{"template":"highway","enabled":false},"version":2}},"product_cat":[41],"product_tag":[],"class_list":{"0":"post-1576","1":"product","2":"type-product","3":"status-publish","4":"has-post-thumbnail","6":"product_cat-naramky","8":"first","9":"instock","10":"shipping-taxable","11":"purchasable","12":"product-type-simple"},"jetpack_publicize_connections":[],"jetpack_likes_enabled":true,"jetpack-related-posts":[],"jetpack_sharing_enabled":true,"_links":{"self":[{"href":"https:\/\/kamenovo.cz\/index.php\/wp-json\/wp\/v2\/product\/1576","targetHints":{"allow":["GET"]}}],"collection":[{"href":"https:\/\/kamenovo.cz\/index.php\/wp-json\/wp\/v2\/product"}],"about":[{"href":"https:\/\/kamenovo.cz\/index.php\/wp-json\/wp\/v2\/types\/product"}],"replies":[{"embeddable":true,"href":"https:\/\/kamenovo.cz\/index.php\/wp-json\/wp\/v2\/comments?post=1576"}],"wp:featuredmedia":[{"embeddable":true,"href":"https:\/\/kamenovo.cz\/index.php\/wp-json\/wp\/v2\/media\/1569"}],"wp:attachment":[{"href":"https:\/\/kamenovo.cz\/index.php\/wp-json\/wp\/v2\/media?parent=1576"}],"wp:term":[{"taxonomy":"product_cat","embeddable":true,"href":"https:\/\/kamenovo.cz\/index.php\/wp-json\/wp\/v2\/product_cat?post=1576"},{"taxonomy":"product_tag","embeddable":true,"href":"https:\/\/kamenovo.cz\/index.php\/wp-json\/wp\/v2\/product_tag?post=1576"}],"curies":[{"name":"wp","href":"https:\/\/api.w.org\/{rel}","templated":true}]}}