{"id":1572,"date":"2018-06-08T17:59:26","date_gmt":"2018-06-08T17:59:26","guid":{"rendered":"https:\/\/kamenovo.cz\/?post_type=product&#038;p=1572"},"modified":"2022-12-12T10:53:41","modified_gmt":"2022-12-12T10:53:41","slug":"sugilitovy-naramek","status":"publish","type":"product","link":"https:\/\/kamenovo.cz\/index.php\/produkt\/sugilitovy-naramek\/","title":{"rendered":"Sugilitov\u00fd n\u00e1ramek extra"},"content":{"rendered":"<p><strong>Vlastnosti:<\/strong> Sugilit je jedn\u00edm z hlavn\u00edch kamen\u016f l\u00e1sky, kter\u00fd p\u0159iv\u00e1d\u00ed na Zemi energii fialov\u00e9ho z\u00e1\u0159en\u00ed. Zosob\u0148uje duchovn\u00ed l\u00e1sku a moudrost. <strong>Otev\u00edr\u00e1 v\u0161echny \u010dakry<\/strong> p\u0159\u00edvalu l\u00e1sky a sou\u010dasn\u011b je uv\u00e1d\u00ed do vz\u00e1jemn\u00e9 rovnov\u00e1hy. Umo\u017e\u0148uje spojen\u00ed s duchovn\u00edm v\u011bdom\u00edm a vyvol\u00e1v\u00e1 schopnost d\u00e1lkov\u00e9ho pozorov\u00e1n\u00ed.<\/p>\n<p>Zdravotn\u00ed p\u016fsoben\u00ed: &nbsp;<a href=\"https:\/\/kamenovo.cz\/index.php\/2018\/03\/08\/sugilit\/\">ZDE<\/a><\/p>\n","protected":false},"excerpt":{"rendered":"<p>Vlastnosti: Sugilit je jedn\u00edm z hlavn\u00edch kamen\u016f l\u00e1sky, kter\u00fd p\u0159iv\u00e1d\u00ed na Zemi energii fialov\u00e9ho z\u00e1\u0159en\u00ed. Zosob\u0148uje duchovn\u00ed l\u00e1sku a moudrost. Otev\u00edr\u00e1 v\u0161echny \u010dakry p\u0159\u00edvalu l\u00e1sky a sou\u010dasn\u011b je uv\u00e1d\u00ed do vz\u00e1jemn\u00e9 rovnov\u00e1hy. Umo\u017e\u0148uje spojen\u00ed s duchovn\u00edm v\u011bdom\u00edm a vyvol\u00e1v\u00e1 schopnost d\u00e1lkov\u00e9ho pozorov\u00e1n\u00ed. Zdravotn\u00ed p\u016fsoben\u00ed: &nbsp;ZDE<\/p>\n","protected":false},"featured_media":1570,"comment_status":"open","ping_status":"closed","template":"","meta":{"ngg_post_thumbnail":0,"jetpack_post_was_ever_published":false,"_joinchat":[],"jetpack_publicize_message":"","jetpack_publicize_feature_enabled":true,"jetpack_social_post_already_shared":true,"jetpack_social_options":{"image_generator_settings":{"template":"highway","enabled":false},"version":2}},"product_cat":[41],"product_tag":[],"class_list":{"0":"post-1572","1":"product","2":"type-product","3":"status-publish","4":"has-post-thumbnail","6":"product_cat-naramky","8":"first","9":"outofstock","10":"shipping-taxable","11":"purchasable","12":"product-type-simple"},"jetpack_publicize_connections":[],"jetpack_likes_enabled":true,"jetpack-related-posts":[],"jetpack_sharing_enabled":true,"_links":{"self":[{"href":"https:\/\/kamenovo.cz\/index.php\/wp-json\/wp\/v2\/product\/1572","targetHints":{"allow":["GET"]}}],"collection":[{"href":"https:\/\/kamenovo.cz\/index.php\/wp-json\/wp\/v2\/product"}],"about":[{"href":"https:\/\/kamenovo.cz\/index.php\/wp-json\/wp\/v2\/types\/product"}],"replies":[{"embeddable":true,"href":"https:\/\/kamenovo.cz\/index.php\/wp-json\/wp\/v2\/comments?post=1572"}],"wp:featuredmedia":[{"embeddable":true,"href":"https:\/\/kamenovo.cz\/index.php\/wp-json\/wp\/v2\/media\/1570"}],"wp:attachment":[{"href":"https:\/\/kamenovo.cz\/index.php\/wp-json\/wp\/v2\/media?parent=1572"}],"wp:term":[{"taxonomy":"product_cat","embeddable":true,"href":"https:\/\/kamenovo.cz\/index.php\/wp-json\/wp\/v2\/product_cat?post=1572"},{"taxonomy":"product_tag","embeddable":true,"href":"https:\/\/kamenovo.cz\/index.php\/wp-json\/wp\/v2\/product_tag?post=1572"}],"curies":[{"name":"wp","href":"https:\/\/api.w.org\/{rel}","templated":true}]}}