{"id":5850,"date":"2026-03-13T15:59:09","date_gmt":"2026-03-13T15:59:09","guid":{"rendered":"https:\/\/kamenovo.cz\/?page_id=5850"},"modified":"2026-03-13T16:01:08","modified_gmt":"2026-03-13T16:01:08","slug":"obchodni-podminky","status":"publish","type":"page","link":"https:\/\/kamenovo.cz\/index.php\/obchodni-podminky\/","title":{"rendered":"Obchodn\u00ed podm\u00ednky"},"content":{"rendered":"<h3 class=\"wp-block-heading\" style=\"padding-left: 840px;\"><img loading=\"lazy\" decoding=\"async\" data-attachment-id=\"165\" data-permalink=\"https:\/\/kamenovo.cz\/?attachment_id=165\" data-orig-file=\"https:\/\/kamenovo.cz\/wp-content\/uploads\/2017\/11\/em-drive.jpg\" data-orig-size=\"586,376\" data-comments-opened=\"1\" data-image-meta=\"{&quot;aperture&quot;:&quot;0&quot;,&quot;credit&quot;:&quot;&quot;,&quot;camera&quot;:&quot;&quot;,&quot;caption&quot;:&quot;&quot;,&quot;created_timestamp&quot;:&quot;0&quot;,&quot;copyright&quot;:&quot;&quot;,&quot;focal_length&quot;:&quot;0&quot;,&quot;iso&quot;:&quot;0&quot;,&quot;shutter_speed&quot;:&quot;0&quot;,&quot;title&quot;:&quot;&quot;,&quot;orientation&quot;:&quot;0&quot;}\" data-image-title=\"em-drive\" data-image-description=\"\" data-image-caption=\"\" data-medium-file=\"https:\/\/kamenovo.cz\/wp-content\/uploads\/2017\/11\/em-drive-300x192.jpg\" data-large-file=\"https:\/\/kamenovo.cz\/wp-content\/uploads\/2017\/11\/em-drive.jpg\" class=\"alignnone size-full wp-image-165\" src=\"https:\/\/www.svetkamenovazdravia.sk\/wp-content\/uploads\/2020\/07\/favi.jpg\" alt=\"\" width=\"91\" height=\"91\"><\/h3>\r\n<p>Tieto v\u0161eobecn\u00e9 obchodn\u00e9 podmienky ur\u010duj\u00fa hlavn\u00e9 z\u00e1sady a princ\u00edpy obchodn\u00fdch vz\u0165ahov medzi:<br>Milo\u0161 Novotn\u00fd<br>K\u0159\u00ed\u017eovnick\u00e1 55<br>252 65 Tursko<br>I\u010cO: 47920459<br>DI\u010c: 3021375159<br>\u2022 email,<br>\u2022 presn\u00fd popis tovaru,<br>\u2022 po\u010det kusov,<br>\u2022 sp\u00f4sob \u00fahrady,<br>\u2022 sp\u00f4sob prevzatia tovaru,<br>\u2022 podnikate\u013e:<br>\u2022 obchodn\u00e9 meno,<br>\u2022 kontaktn\u00fa osobu,<br>\u2022 adresa,<br>\u2022 I\u010cO,<br>\u2022 I\u010c DPH,<br>\u2022 presn\u00fd popis tovaru,<br>\u2022 po\u010det kusov, sp\u00f4sob \u00fahrady,<br>\u2022 sp\u00f4sob prevzatia tovaru.<br>Tovar je zabalen\u00fd a zabezpe\u010den\u00fd spolo\u010dnos\u0165ou Milo\u0161 Novotn\u00fd. Odberate\u013e je povinn\u00fd pri preberan\u00ed tovaru skontrolova\u0165 neporu\u0161enos\u0165 a kompletnos\u0165 z\u00e1sielky.<br>Ceny uv\u00e1dzan\u00e9 na str\u00e1nkach, ktor\u00e9 maj\u00fa byt uhraden\u00e9 odberate\u013eom,zahr\u0148uj\u00fa da\u0148 z pridanej hodnoty.<\/p>\r\n<p>PLATBA PRI DOD\u00c1VKE NA DOBIERKU: Pri tomto sp\u00f4sobe platby odberate\u013e uhr\u00e1dza tovar pri prevzat\u00ed na po\u0161te alebo kuri\u00e9rovi.<\/p>\r\n<p>PLATBA PREVODOM NA BANKOV\u00dd \u00da\u010cET: Pri tomto sp\u00f4sobe platby odberate\u013e dost\u00e1va tovar po uhraden\u00ed fakt\u00fary. Odberate\u013e je povinn\u00fd pri prebrat\u00ed tovaru a slu\u017eby skontrolova\u0165 jeho \u00faplnos\u0165 a spr\u00e1vnos\u0165, pr\u00edpadne z\u00e1vady bezodkladne ozn\u00e1mi\u0165 dod\u00e1vate\u013eovi. Odberate\u013e m\u00e1 pr\u00e1vo reklamova\u0165 tovar a slu\u017ebu, ktor\u00e9 preuk\u00e1zate\u013ene nesp\u013a\u0148aj\u00fa po\u017eadovan\u00fa kvalitu, pr\u00edp. mno\u017estvo.<br>Pri odbere cez z\u00e1sielkov\u00fa slu\u017ebu je odberate\u013e pri zisten\u00ed z\u00e1vad povinn\u00fd okam\u017eite p\u00edsomne \u0161pecifikova\u0165 z\u00e1vadu na tovare, po\u0161koden\u00fd tovar vr\u00e1ti\u0165 spolu s dokladom o zaplaten\u00ed (pr\u00edp. fakt\u00faru). Odberate\u013eovi bude navrhnut\u00fd sp\u00f4sob rie\u0161enia reklam\u00e1cie (napr. doru\u010den\u00edm nov\u00e9ho tovaru, finan\u010dnou kompenz\u00e1ciou, pr\u00edp. vr\u00e1ten\u00edm k\u00fapnej ceny).<br>Pred\u00e1vaj\u00faci nezodpoved\u00e1 za \u0161kody sp\u00f4soben\u00e9 nespr\u00e1vnym pou\u017eit\u00edm v\u00fdrobku, nespr\u00e1vnou manipul\u00e1ciou, \u010di neodbornou obsluhou.<br>Pri uplatnen\u00ed reklam\u00e1cie je odberate\u013e povinn\u00fd doru\u010di\u0165 reklamovan\u00fd tovar \u010dist\u00fd, mechanicky nepo\u0161koden\u00fd<br>Spolo\u010dnos\u0165 si vyhradzuje pr\u00e1vo predl\u017ei\u0165 dobu na vybavenie reklam\u00e1cie pri tovaroch, ktor\u00e9 je potrebn\u00e9 zasla\u0165 na opravu v\u00fdrobcovi, na dobu nevyhnutne potrebn\u00fa k tejto oprave.<br>Pri objedn\u00e1vke tovaru zhotoven\u00e9ho na mieru odberate\u013eovi, odberate\u013e str\u00e1ca pr\u00e1vo na vr\u00e1tenie tovaru.<br>Pr\u00e1va odberate\u013ea vo vz\u0165ahu k spolo\u010dnosti Milo\u0161 Novotn\u00fd vypl\u00fdvaj\u00face zo z\u00e1kona o ochrane spotrebite\u013ea \u010d. 634\/1992 Zb. v znen\u00ed neskor\u0161\u00edch pr\u00e1vnych predpisov zost\u00e1vaj\u00fa t\u00fdmito podmienkami nedotknut\u00e9.<br>Spolo\u010dnos\u0165 Milo\u0161 Novotn\u00fd, ani odberate\u013e nezodpoved\u00e1 za oneskoren\u00e9 plnenie svojich z\u00e1v\u00e4zkov vypl\u00fdvaj\u00facich z t\u00fdchto podmienok, ak tak\u00e9to oneskorenie bolo sp\u00f4soben\u00e9 \u201evy\u0161\u0161ou mocou\u201c alebo okolnos\u0165ami vylu\u010duj\u00facimi zodpovednos\u0165, a tak\u00e1to strana m\u00e1 pr\u00e1vo na primeran\u00e9 pred\u013a\u017eenie lehoty pri plnen\u00ed svojich z\u00e1v\u00e4zkov.<br>Pr\u00e1vne vz\u0165ahy a podmienky tu v\u00fdslovne neupraven\u00e9, ako aj pr\u00edpadn\u00e9 spory vzniknut\u00e9 z neplnenia t\u00fdchto podmienok, sa riadia pr\u00edslu\u0161n\u00fdmi pr\u00e1vnymi normami.<br>(\u010falej len Milo\u0161 Novotn\u00fd)a odberate\u013emi. Odoslan\u00edm objedn\u00e1vky vyjadruje odberate\u013e s\u00fahlas\u00ed s obchodn\u00fdmi podmienkami.<br><strong>Objedn\u00e1vanie a dod\u00e1vky tovaru<\/strong><br>Odberate\u013e objedn\u00e1va tovar od: Milo\u0161 Novotn\u00fd prostredn\u00edctvom elektronickej po\u0161ty. Ka\u017ed\u00e1 objedn\u00e1vka mus\u00ed obsahova\u0165:<br>\u2022 meno z\u00e1kazn\u00edka,<br>Spolo\u010dnos\u0165 zara\u010fuje objedn\u00e1vky do syst\u00e9mu v porad\u00ed, v akom prich\u00e1dzaj\u00fa. Spolo\u010dnos\u0165 potvrd\u00ed objedn\u00e1vku elektronickou po\u0161tou a ozn\u00e1mi odberate\u013eovi term\u00edn, kedy bude tovar k dispoz\u00edcii. Tie\u017e zabezpe\u010duje dopravu prostredn\u00edctvom po\u0161ty, alebo prepravnej slu\u017eby. Spolo\u010dnos\u0165 tovar zasiela po uhraden\u00ed sumy na \u00fa\u010det, alebo na dobierku. Pri osobnom prevzat\u00ed tovaru mus\u00ed odberate\u013e skontrolova\u0165 spr\u00e1vnos\u0165 a kompletnos\u0165 dod\u00e1vky a potvrdi\u0165 podpisom dodac\u00ed list spolo\u010dnosti. Pri pou\u017eit\u00ed prepravnej slu\u017eby sa tovar a da\u0148ov\u00e9 doklady odovzdaj\u00fa prepravnej slu\u017ebe, resp. za\u0161l\u00fa sa elektronicky.<br><strong>Ceny<\/strong><br>Zoznam tovaru i s predajn\u00fdmi cenami je obsiahnut\u00fd v elektronickom obchode.<br>Sp\u00f4sob platby<br>Platby sa vykon\u00e1vaj\u00fa v mene euro, pri\u010dom spolo\u010dnos\u0165 vy\u017eaduje jeden z nasleduj\u00facich sp\u00f4sobov platby:<br>Vlastn\u00edcke pr\u00e1va<br>Odberate\u013e sa st\u00e1va majite\u013eom tovaru a\u017e po \u00faplnom zaplaten\u00ed k\u00fapnej ceny.<br>Pr\u00e1va a povinnosti spolo\u010dnosti Milo\u0161 Novotn\u00fd a odberate\u013ea<br>Bez oh\u013eadu na ostatn\u00e9 ustanovenia, spolo\u010dnos\u0165 nezodpoved\u00e1 odberate\u013eovi za u\u0161l\u00fd zisk, stratu pr\u00edle\u017eitosti alebo \u017eiadne in\u00e9 nepriame alebo n\u00e1sledn\u00e9 straty vzniknut\u00e9 ak\u00fdmko\u013evek sp\u00f4sobom.<br>Z\u00e1ru\u010dn\u00e9 lehoty a reklama\u010dn\u00fd poriadok<br>Reklamova\u0165 je mo\u017en\u00e9 len tovar zak\u00fapen\u00fd a zaplaten\u00fd v spolo\u010dnosti Milo\u0161 Novotn\u00fd<br>Z\u00e1ru\u010dn\u00fd a poz\u00e1ru\u010dn\u00fd servis<br>Spolo\u010dnos\u0165 Milo\u0161 Novotn\u00fd nenesie zodpovednos\u0165 a nebude plni\u0165 podmienky stanoven\u00e9 pre z\u00e1ru\u010dn\u00e9 reklam\u00e1cie pri po\u0161kodeniach sp\u00f4soben\u00fdch neprimeran\u00fdm pou\u017e\u00edvan\u00edm, napr.Na\u0165ahovan\u00edm, p\u00e1d na zem, zachytenie o nejak\u00fd p\u0159edm\u011bt a podobne. Kamene, orgonity aj \u0161perky s\u00fa z krehk\u00fdch materi\u00e1lov a tak k nim treba aj pristupova\u0165.<br><strong>Z\u00e1vere\u010dn\u00e9 ustanovenia<\/strong><br>V pr\u00edpade, \u017ee kompetentn\u00fd org\u00e1n Slovenskej republiky preuk\u00e1\u017ee niektor\u00e9 ustanovenia t\u00fdchto podmienok ako neplatn\u00e9 alebo nevyn\u00fatite\u013en\u00e9, a to celkom alebo \u010diasto\u010dne, platnos\u0165 a vyn\u00fatite\u013enos\u0165 ostatn\u00fdch ustanoven\u00ed a zvy\u0161n\u00e9 \u010dasti pr\u00edslu\u0161n\u00e9ho ustanovenia t\u00fdm zost\u00e1vaj\u00fa nedotknut\u00e9.<br>Tieto v\u0161eobecn\u00e9 obchodn\u00e9 podmienky ur\u010duj\u00fa hlavn\u00e9 z\u00e1sady a princ\u00edpy obchodn\u00fdch vz\u0165ahov medzi spolo\u010dnos\u0165ou Milo\u0161 Novotn\u00fd a odberate\u013emi. Odoslan\u00edm objedn\u00e1vky vyjadruje odberate\u013e s\u00fahlas\u00ed s obchodn\u00fdmi podmienkami.<br>S\u00fa\u010das\u0165ou obchodn\u00fdch podmienok s\u00fa aj z\u00e1sady ochrany osobn\u00fdch \u00fadajov.<br>Tieto podmienky vstupuj\u00fa do platnosti d\u0148a 12.4.2020 a platia a\u017e do odvolania.<\/p>","protected":false},"excerpt":{"rendered":"<p>Tieto v\u0161eobecn\u00e9 obchodn\u00e9 podmienky ur\u010duj\u00fa hlavn\u00e9 z\u00e1sady a princ\u00edpy obchodn\u00fdch vz\u0165ahov medzi:Milo\u0161 Novotn\u00fdK\u0159\u00ed\u017eovnick\u00e1 55252 65 TurskoI\u010cO: 47920459DI\u010c: 3021375159\u2022 email,\u2022 presn\u00fd popis tovaru,\u2022 po\u010det kusov,\u2022 sp\u00f4sob \u00fahrady,\u2022 sp\u00f4sob prevzatia tovaru,\u2022 podnikate\u013e:\u2022 obchodn\u00e9 meno,\u2022 kontaktn\u00fa osobu,\u2022 adresa,\u2022 I\u010cO,\u2022 I\u010c DPH,\u2022 presn\u00fd popis tovaru,\u2022 po\u010det kusov, sp\u00f4sob \u00fahrady,\u2022 sp\u00f4sob prevzatia tovaru.Tovar je zabalen\u00fd a zabezpe\u010den\u00fd spolo\u010dnos\u0165ou Milo\u0161 Novotn\u00fd. [&hellip;]<\/p>\n","protected":false},"author":1,"featured_media":0,"parent":0,"menu_order":0,"comment_status":"closed","ping_status":"closed","template":"","meta":{"ngg_post_thumbnail":0,"jetpack_post_was_ever_published":false,"_joinchat":[],"footnotes":""},"class_list":["post-5850","page","type-page","status-publish","hentry"],"jetpack_likes_enabled":true,"jetpack-related-posts":[],"jetpack_sharing_enabled":true,"jetpack_shortlink":"https:\/\/wp.me\/P9pQSB-1wm","_links":{"self":[{"href":"https:\/\/kamenovo.cz\/index.php\/wp-json\/wp\/v2\/pages\/5850","targetHints":{"allow":["GET"]}}],"collection":[{"href":"https:\/\/kamenovo.cz\/index.php\/wp-json\/wp\/v2\/pages"}],"about":[{"href":"https:\/\/kamenovo.cz\/index.php\/wp-json\/wp\/v2\/types\/page"}],"author":[{"embeddable":true,"href":"https:\/\/kamenovo.cz\/index.php\/wp-json\/wp\/v2\/users\/1"}],"replies":[{"embeddable":true,"href":"https:\/\/kamenovo.cz\/index.php\/wp-json\/wp\/v2\/comments?post=5850"}],"version-history":[{"count":2,"href":"https:\/\/kamenovo.cz\/index.php\/wp-json\/wp\/v2\/pages\/5850\/revisions"}],"predecessor-version":[{"id":5853,"href":"https:\/\/kamenovo.cz\/index.php\/wp-json\/wp\/v2\/pages\/5850\/revisions\/5853"}],"wp:attachment":[{"href":"https:\/\/kamenovo.cz\/index.php\/wp-json\/wp\/v2\/media?parent=5850"}],"curies":[{"name":"wp","href":"https:\/\/api.w.org\/{rel}","templated":true}]}}