{"id":5,"date":"2017-11-19T15:32:25","date_gmt":"2017-11-19T15:32:25","guid":{"rendered":"http:\/\/108.61.171.212\/index.php\/cart\/"},"modified":"2020-05-01T15:23:01","modified_gmt":"2020-05-01T15:23:01","slug":"cart","status":"publish","type":"page","link":"https:\/\/kamenovo.cz\/index.php\/cart\/","title":{"rendered":"Ko\u0161\u00edk"},"content":{"rendered":"<!--kurzy start -->\n<div id=\"kurzy_main\" style=\"padding:2px;text-align:center;\">\n<center>\n<div id=\"kurzy_head\" style=\"white-space: nowrap;\">\n<a href=\"https:\/\/www.kurzy.cz\/\" \ntitle=\"Kurzy.cz - m\u011bny, akcie, finance, forex, komodity, hypot\u00e9ky, spo\u0159en\u00ed..\"><img \nsrc=\"https:\/\/data.kurzy.cz\/export\/kurzy-125.gif\" \nstyle=\"border:0px\" alt=\"\" \/><\/a><br \/>\n<a href=\"https:\/\/www.kurzy.cz\/kurzy-men\/\"\ntitle=\"Kurzy m\u011bn, kurzovn\u00ed l\u00edstek \u010cNB \u010cesk\u00e1 n\u00e1rodn\u00ed banka\" \nid=\"kurzy_datum\">Kurzy \u010cNB<\/a>\n<\/div>\n<table style=\"width:125px;\" id=\"k__t\">\n<tr>\n<td nowrap=\"nowrap\"><a href=\"https:\/\/www.kurzy.cz\/kurzy-men\/nejlepsi-kurzy\/USD-americky-dolar\/\" id=\"k__USD\" title=\"americk\u00fd dolar, USA, USD - nejlep\u0161\u00ed kurzy bank, kurzy \u010cNB\">USD<\/a><\/td>\n<td nowrap=\"nowrap\" style=\"text-align: right;\" id=\"kk__USD\"><\/td>\n<\/tr><tr>\n<td nowrap=\"nowrap\"><a href=\"https:\/\/www.kurzy.cz\/kurzy-men\/nejlepsi-kurzy\/EUR-euro\/\" id=\"k__EUR\" title=\"euro, EMU EURO, EUR - nejlep\u0161\u00ed kurzy bank, kurzy \u010cNB\">EUR<\/a><\/td>\n<td nowrap=\"nowrap\" style=\"text-align: right;\" id=\"kk__EUR\"><\/td>\n<\/tr>\n<\/table>\n<\/center>\n<\/div>\n<script src=\"https:\/\/data.kurzy.cz\/export\/kurzy-cs.js\" type=\"text\/javascript\"> <\/script>\n\n<!--kurzy end -->","protected":false},"excerpt":{"rendered":"<p>Kurzy \u010cNB USD EUR<\/p>\n","protected":false},"author":1,"featured_media":0,"parent":0,"menu_order":4,"comment_status":"closed","ping_status":"closed","template":"","meta":{"ngg_post_thumbnail":0,"jetpack_post_was_ever_published":false,"_joinchat":[],"footnotes":""},"class_list":["post-5","page","type-page","status-publish","hentry"],"jetpack_likes_enabled":true,"jetpack-related-posts":[],"jetpack_sharing_enabled":true,"jetpack_shortlink":"https:\/\/wp.me\/P9pQSB-5","_links":{"self":[{"href":"https:\/\/kamenovo.cz\/index.php\/wp-json\/wp\/v2\/pages\/5","targetHints":{"allow":["GET"]}}],"collection":[{"href":"https:\/\/kamenovo.cz\/index.php\/wp-json\/wp\/v2\/pages"}],"about":[{"href":"https:\/\/kamenovo.cz\/index.php\/wp-json\/wp\/v2\/types\/page"}],"author":[{"embeddable":true,"href":"https:\/\/kamenovo.cz\/index.php\/wp-json\/wp\/v2\/users\/1"}],"replies":[{"embeddable":true,"href":"https:\/\/kamenovo.cz\/index.php\/wp-json\/wp\/v2\/comments?post=5"}],"version-history":[{"count":0,"href":"https:\/\/kamenovo.cz\/index.php\/wp-json\/wp\/v2\/pages\/5\/revisions"}],"wp:attachment":[{"href":"https:\/\/kamenovo.cz\/index.php\/wp-json\/wp\/v2\/media?parent=5"}],"curies":[{"name":"wp","href":"https:\/\/api.w.org\/{rel}","templated":true}]}}