{"id":2,"date":"2017-11-19T14:59:52","date_gmt":"2017-11-19T14:59:52","guid":{"rendered":"http:\/\/108.61.171.212\/?page_id=2"},"modified":"2026-03-10T09:51:25","modified_gmt":"2026-03-10T09:51:25","slug":"contact","status":"publish","type":"page","link":"https:\/\/kamenovo.cz\/index.php\/contact\/","title":{"rendered":"Kontakt"},"content":{"rendered":"<p>&nbsp;<img loading=\"lazy\" decoding=\"async\" data-attachment-id=\"2556\" data-permalink=\"https:\/\/kamenovo.cz\/index.php\/contact\/spercifikat\/\" data-orig-file=\"https:\/\/kamenovo.cz\/wp-content\/uploads\/2017\/11\/spercifikat.jpg\" data-orig-size=\"991,1385\" data-comments-opened=\"1\" data-image-meta=\"{&quot;aperture&quot;:&quot;0&quot;,&quot;credit&quot;:&quot;&quot;,&quot;camera&quot;:&quot;&quot;,&quot;caption&quot;:&quot;&quot;,&quot;created_timestamp&quot;:&quot;0&quot;,&quot;copyright&quot;:&quot;&quot;,&quot;focal_length&quot;:&quot;0&quot;,&quot;iso&quot;:&quot;0&quot;,&quot;shutter_speed&quot;:&quot;0&quot;,&quot;title&quot;:&quot;&quot;,&quot;orientation&quot;:&quot;0&quot;}\" data-image-title=\"spercifikat\" data-image-description=\"\" data-image-caption=\"\" data-medium-file=\"https:\/\/kamenovo.cz\/wp-content\/uploads\/2017\/11\/spercifikat-215x300.jpg\" data-large-file=\"https:\/\/kamenovo.cz\/wp-content\/uploads\/2017\/11\/spercifikat-733x1024.jpg\" class=\"size-medium wp-image-2556 alignleft\" src=\"https:\/\/kamenovo.cz\/wp-content\/uploads\/2017\/11\/spercifikat-215x300.jpg\" alt=\"\" width=\"215\" height=\"300\" srcset=\"https:\/\/kamenovo.cz\/wp-content\/uploads\/2017\/11\/spercifikat-215x300.jpg 215w, https:\/\/kamenovo.cz\/wp-content\/uploads\/2017\/11\/spercifikat-416x581.jpg 416w, https:\/\/kamenovo.cz\/wp-content\/uploads\/2017\/11\/spercifikat-768x1073.jpg 768w, https:\/\/kamenovo.cz\/wp-content\/uploads\/2017\/11\/spercifikat-733x1024.jpg 733w, https:\/\/kamenovo.cz\/wp-content\/uploads\/2017\/11\/spercifikat.jpg 991w\" sizes=\"auto, (max-width: 215px) 100vw, 215px\" \/><img loading=\"lazy\" decoding=\"async\" data-attachment-id=\"2558\" data-permalink=\"https:\/\/kamenovo.cz\/index.php\/contact\/20170716_215026\/\" data-orig-file=\"https:\/\/kamenovo.cz\/wp-content\/uploads\/2017\/11\/20170716_215026.jpg\" data-orig-size=\"331,589\" data-comments-opened=\"1\" data-image-meta=\"{&quot;aperture&quot;:&quot;0&quot;,&quot;credit&quot;:&quot;&quot;,&quot;camera&quot;:&quot;&quot;,&quot;caption&quot;:&quot;&quot;,&quot;created_timestamp&quot;:&quot;0&quot;,&quot;copyright&quot;:&quot;&quot;,&quot;focal_length&quot;:&quot;0&quot;,&quot;iso&quot;:&quot;0&quot;,&quot;shutter_speed&quot;:&quot;0&quot;,&quot;title&quot;:&quot;&quot;,&quot;orientation&quot;:&quot;0&quot;}\" data-image-title=\"20170716_215026\" data-image-description=\"\" data-image-caption=\"\" data-medium-file=\"https:\/\/kamenovo.cz\/wp-content\/uploads\/2017\/11\/20170716_215026-169x300.jpg\" data-large-file=\"https:\/\/kamenovo.cz\/wp-content\/uploads\/2017\/11\/20170716_215026.jpg\" class=\"size-medium wp-image-2558 alignleft\" src=\"https:\/\/kamenovo.cz\/wp-content\/uploads\/2017\/11\/20170716_215026-169x300.jpg\" alt=\"\" width=\"169\" height=\"300\" srcset=\"https:\/\/kamenovo.cz\/wp-content\/uploads\/2017\/11\/20170716_215026-169x300.jpg 169w, https:\/\/kamenovo.cz\/wp-content\/uploads\/2017\/11\/20170716_215026.jpg 331w\" sizes=\"auto, (max-width: 169px) 100vw, 169px\" \/><\/p>\n<p>&nbsp;<\/p>\n<p>&nbsp;<\/p>\n<p>&nbsp;<\/p>\n<p>&nbsp;<\/p>\n<p>&nbsp;<\/p>\n<p>&nbsp;<\/p>\n<p style=\"margin: 0cm; margin-bottom: .0001pt;\"><strong>KAMENOVO<\/strong><\/p>\n<p style=\"margin: 0cm; margin-bottom: .0001pt;\">K\u0159\u00ed\u017eovnick\u00e1 55<\/p>\n<p style=\"margin: 0cm; margin-bottom: .0001pt;\">Tursko<\/p>\n<p style=\"margin: 0cm; margin-bottom: .0001pt;\">252 65<\/p>\n<p style=\"margin: 0cm; margin-bottom: .0001pt;\">\u010cesk\u00e1 Republika<\/p>\n<p style=\"margin: 0cm; margin-bottom: .0001pt;\">email: kamenovocz@gmail.com<\/p>\n<p style=\"margin: 0cm; margin-bottom: .0001pt;\">I\u010c: 47920459<\/p>\n<p style=\"margin: 0cm; margin-bottom: .0001pt;\">DI\u010c: 3021375159<\/p>\n<h5 class=\"entry-title\"><strong>OBCHODN\u00cd PODMINKY&nbsp; <a href=\"https:\/\/www.svetkamenovazdravia.sk\/index.php\/obchodne-podmienky\/\">ZDE<\/a><\/strong><\/h5>\n<p style=\"margin: 0cm; margin-bottom: .0001pt;\"><strong>IBAN: SK39 0900 0000 0051 7088 8105<\/strong><\/p>\n<p><strong><a href=\"https:\/\/www.facebook.com\/groups\/1731525013532706\/?ref=bookmarks\">facebook<\/a><\/strong><\/p>\n<p>&nbsp;<\/p>\n","protected":false},"excerpt":{"rendered":"<p>&nbsp; &nbsp; &nbsp; &nbsp; &nbsp; &nbsp; &nbsp; KAMENOVO K\u0159\u00ed\u017eovnick\u00e1 55 Tursko 252 65 \u010cesk\u00e1 Republika email: kamenovocz@gmail.com I\u010c: 47920459 DI\u010c: 3021375159 OBCHODN\u00cd PODMINKY&nbsp; ZDE IBAN: SK39 0900 0000 0051 7088 8105 facebook &nbsp;<\/p>\n","protected":false},"author":1,"featured_media":1653,"parent":0,"menu_order":6,"comment_status":"closed","ping_status":"closed","template":"","meta":{"ngg_post_thumbnail":0,"jetpack_post_was_ever_published":false,"_joinchat":[],"footnotes":""},"class_list":["post-2","page","type-page","status-publish","has-post-thumbnail","hentry"],"jetpack_likes_enabled":true,"jetpack-related-posts":[],"jetpack_sharing_enabled":true,"jetpack_shortlink":"https:\/\/wp.me\/P9pQSB-2","_links":{"self":[{"href":"https:\/\/kamenovo.cz\/index.php\/wp-json\/wp\/v2\/pages\/2","targetHints":{"allow":["GET"]}}],"collection":[{"href":"https:\/\/kamenovo.cz\/index.php\/wp-json\/wp\/v2\/pages"}],"about":[{"href":"https:\/\/kamenovo.cz\/index.php\/wp-json\/wp\/v2\/types\/page"}],"author":[{"embeddable":true,"href":"https:\/\/kamenovo.cz\/index.php\/wp-json\/wp\/v2\/users\/1"}],"replies":[{"embeddable":true,"href":"https:\/\/kamenovo.cz\/index.php\/wp-json\/wp\/v2\/comments?post=2"}],"version-history":[{"count":5,"href":"https:\/\/kamenovo.cz\/index.php\/wp-json\/wp\/v2\/pages\/2\/revisions"}],"predecessor-version":[{"id":5844,"href":"https:\/\/kamenovo.cz\/index.php\/wp-json\/wp\/v2\/pages\/2\/revisions\/5844"}],"wp:featuredmedia":[{"embeddable":true,"href":"https:\/\/kamenovo.cz\/index.php\/wp-json\/wp\/v2\/media\/1653"}],"wp:attachment":[{"href":"https:\/\/kamenovo.cz\/index.php\/wp-json\/wp\/v2\/media?parent=2"}],"curies":[{"name":"wp","href":"https:\/\/api.w.org\/{rel}","templated":true}]}}